{"id":718112,"date":"2025-08-27T18:04:14","date_gmt":"2025-08-27T15:04:14","guid":{"rendered":"https:\/\/roveyayinevi.com.tr\/index.php\/urun\/agrinin-hikayesi\/"},"modified":"2026-04-16T02:26:19","modified_gmt":"2026-04-15T23:26:19","slug":"agrinin-hikayesi","status":"publish","type":"product","link":"https:\/\/roveyayinevi.com.tr\/index.php\/urun\/agrinin-hikayesi\/","title":{"rendered":"A\u011fr\u0131n\u0131n Hikayesi"},"content":{"rendered":"<p>\u0130\u00e7imizdeki en yakar\u0131c\u0131 tonlar\u0131 a\u00e7\u0131\u011fa \u00e7\u0131karan ses, a\u011fr\u0131 \u00e7eken insan\u0131n sesidir ve buna hepimiz a\u015finay\u0131zd\u0131r. Ist\u0131rap payla\u015f\u0131l\u0131r; insan olman\u0131n anlam\u0131n\u0131 bir a\u011f gibi yo\u011fun bir \u015fekilde sarmalam\u0131\u015ft\u0131r. Bir a\u011fr\u0131-olay\u0131 her zaman bireyin ya\u015fam\u0131na aittir; onun ya\u015fam \u00f6yk\u00fcs\u00fcn\u00fcn bir par\u00e7as\u0131d\u0131r. A\u011fr\u0131y\u0131, hastal\u0131k ve hastal\u0131k gruplar\u0131 \u00fczerinden de\u011fil, a\u011fr\u0131 \u00e7eken bedenin takdir edilmesi yoluyla daha iyi anlayabilece\u011fimize inanan Joanna Bourke, a\u011fr\u0131 \u00e7eken insanlar\u0131n kulland\u0131\u011f\u0131 dilleri analiz ederken, a\u011fr\u0131yla ilgili derin bir kavray\u0131\u015fa sahip olmak isteyen, a\u011fr\u0131 klinikleriyle, palyatif bak\u0131mla, a\u011fr\u0131 ara\u015ft\u0131rmalar\u0131yla ilgisi olan, hastalar\u0131 ve kendileri i\u00e7in a\u011fr\u0131n\u0131n anlam\u0131n\u0131 bilmek isteyenleri hedefliyor. Bu \u0131st\u0131rap hastalar, doktorlar ve hem\u015fireler aras\u0131ndaki klinik kar\u015f\u0131la\u015fmalarda nas\u0131l bir rol oynar? A\u011fr\u0131 \u00e7eken bir insan\u0131n k\u0131vranan bedeni ve s\u00f6ze d\u00f6k\u00fclmeyen inlemelerine tan\u0131k olduklar\u0131nda, baz\u0131 tan\u0131klar neden buna s\u0131rt\u0131n\u0131 d\u00f6ner? Metaforik a\u011fr\u0131 dillerinin incelenmesi, a\u011fr\u0131n\u0131n alg\u0131lanmas\u0131ndaki tarihsel de\u011fi\u015fiklikler hakk\u0131nda spek\u00fclasyonlarda bulunabilmemizi sa\u011flayabilir mi? Joanna Bourke, \u00fc\u00e7 y\u00fczy\u0131ll\u0131k Bat\u0131 literat\u00fcr\u00fcnden yararlanarak, a\u011fr\u0131 prati\u011finin, dil, k\u00fclt\u00fcr ve beden aras\u0131ndaki dinamik i\u00e7 ba\u011flant\u0131lar s\u00fcrecinde in\u015fa edilme ve yeniden kurulma bi\u00e7imlerini tarihsel olarak inceliyor. Joanna Bourke, University of London, Birkbeck College\u2019da tarih profes\u00f6r\u00fc. <\/p>\n","protected":false},"excerpt":{"rendered":"<p>\u0130\u00e7imizdeki en yakar\u0131c\u0131 tonlar\u0131 a\u00e7\u0131\u011fa \u00e7\u0131karan ses, a\u011fr\u0131 \u00e7eken insan\u0131n sesidir ve buna hepimiz a\u015finay\u0131zd\u0131r. Ist\u0131rap payla\u015f\u0131l\u0131r; insan olman\u0131n anlam\u0131n\u0131 bir a\u011f gibi yo\u011fun bir \u015fekilde<span class=\"excerpt-hellip\"> [\u2026]<\/span><\/p>\n","protected":false},"featured_media":0,"template":"","meta":{"_monsterinsights_skip_tracking":false,"_monsterinsights_sitenote_active":false,"_monsterinsights_sitenote_note":"","_monsterinsights_sitenote_category":0},"product_brand":[],"product_cat":[13366,13365],"product_tag":[],"class_list":{"0":"post-718112","1":"product","2":"type-product","3":"status-publish","5":"product_cat-diger-saglik","6":"product_cat-saglik","7":"pa_cilt-ciltsiz","8":"pa_tur-kitap","9":"pa_yayinevi-koc-universitesi-yayinlari","10":"pa_yazar-joanna-bourke","12":"first","13":"instock","14":"sale","15":"shipping-taxable","16":"purchasable","17":"product-type-simple"},"_links":{"self":[{"href":"https:\/\/roveyayinevi.com.tr\/index.php\/wp-json\/wp\/v2\/product\/718112","targetHints":{"allow":["GET"]}}],"collection":[{"href":"https:\/\/roveyayinevi.com.tr\/index.php\/wp-json\/wp\/v2\/product"}],"about":[{"href":"https:\/\/roveyayinevi.com.tr\/index.php\/wp-json\/wp\/v2\/types\/product"}],"wp:attachment":[{"href":"https:\/\/roveyayinevi.com.tr\/index.php\/wp-json\/wp\/v2\/media?parent=718112"}],"wp:term":[{"taxonomy":"product_brand","embeddable":true,"href":"https:\/\/roveyayinevi.com.tr\/index.php\/wp-json\/wp\/v2\/product_brand?post=718112"},{"taxonomy":"product_cat","embeddable":true,"href":"https:\/\/roveyayinevi.com.tr\/index.php\/wp-json\/wp\/v2\/product_cat?post=718112"},{"taxonomy":"product_tag","embeddable":true,"href":"https:\/\/roveyayinevi.com.tr\/index.php\/wp-json\/wp\/v2\/product_tag?post=718112"}],"curies":[{"name":"wp","href":"https:\/\/api.w.org\/{rel}","templated":true}]}}