{"id":718108,"date":"2025-08-27T18:04:12","date_gmt":"2025-08-27T15:04:12","guid":{"rendered":"https:\/\/roveyayinevi.com.tr\/index.php\/urun\/hititler\/"},"modified":"2026-04-16T02:26:19","modified_gmt":"2026-04-15T23:26:19","slug":"hititler","status":"publish","type":"product","link":"https:\/\/roveyayinevi.com.tr\/index.php\/urun\/hititler\/","title":{"rendered":"Hititler"},"content":{"rendered":"<p>Yak\u0131ndo\u011fu co\u011frafyas\u0131 M\u00d6 2. biny\u0131lda M\u0131s\u0131r, Babil, Assur gibi d\u00f6nemin s\u00fcper g\u00fc\u00e7lerine ev sahipli\u011fi yap\u0131yordu. Hitit devletinin kurucusu ve ayn\u0131 zamanda devletin ba\u015fkenti Hattu\u015fa\u2019ya da ad\u0131n\u0131 veren I. Hattu ili, Anadolu, Mezopotamya ve Nil Vadisi \u2019nde h\u00fck\u00fcm s\u00fcren bu s\u00fcper g\u00fc\u00e7lerle giri\u015fti\u011fi m\u00fccadele sonucu, Anadolu\u2019da yeni bir g\u00fcc\u00fcn do\u011fmas\u0131n\u0131 sa\u011flam\u0131\u015ft\u0131r: Hitit Krall\u0131\u011f\u0131. Onun d\u00f6neminde Hititler, sistemli bi\u00e7imde devletle\u015fme s\u00fcrecini tamamlayarak s\u0131n\u0131rlar\u0131n\u0131 geni\u015fletmi\u015fler ve Anadolu\u2019yu M\u00d6 2. biny\u0131l\u0131n ekonomik ve k\u00fclt\u00fcrel cazibe merkezine d\u00f6n\u00fc\u015ft\u00fcrm\u00fc\u015flerdir. Bu d\u00f6n\u00fc\u015f\u00fcm\u00fcn alt\u0131nda Hititlerin askeri, siyasi, ticari ve hukuki enstr\u00fcmanlar\u0131 etkin bi\u00e7imde kullanmalar\u0131 yatmaktad\u0131r. Kitapta, devlet yap\u0131lar\u0131n\u0131 yakla\u015f\u0131k 450 y\u0131l s\u00fcrd\u00fcrerek insanl\u0131k k\u00fclt\u00fcr tarihine pek \u00e7ok yenilik getiren Hititlerin tarihini, yasalar\u0131n\u0131, sanat\u0131n\u0131, mimarisini, ekonomisini, siyasi, dini ve sosyal ya\u015fam\u0131n\u0131 irdeleyen ve her biri alan\u0131nda uzman ara\u015ft\u0131rmac\u0131lar taraf\u0131ndan kaleme al\u0131nan 22 makale okuyucuya sunulmaktad\u0131r..<\/p>\n","protected":false},"excerpt":{"rendered":"<p>Yak\u0131ndo\u011fu co\u011frafyas\u0131 M\u00d6 2. biny\u0131lda M\u0131s\u0131r, Babil, Assur gibi d\u00f6nemin s\u00fcper g\u00fc\u00e7lerine ev sahipli\u011fi yap\u0131yordu. Hitit devletinin kurucusu ve ayn\u0131 zamanda devletin ba\u015fkenti Hattu\u015fa\u2019ya da ad\u0131n\u0131<span class=\"excerpt-hellip\"> [\u2026]<\/span><\/p>\n","protected":false},"featured_media":0,"template":"","meta":{"_monsterinsights_skip_tracking":false,"_monsterinsights_sitenote_active":false,"_monsterinsights_sitenote_note":"","_monsterinsights_sitenote_category":0},"product_brand":[],"product_cat":[52477,52478],"product_tag":[],"class_list":{"0":"post-718108","1":"product","2":"type-product","3":"status-publish","5":"product_cat-arastirma","6":"product_cat-arkeoloji","7":"pa_cilt-ciltsiz","8":"pa_tur-kitap","9":"pa_yayinevi-yapi-kredi-yayinlari","10":"pa_yazar-kolektif","12":"first","13":"instock","14":"sale","15":"shipping-taxable","16":"purchasable","17":"product-type-simple"},"_links":{"self":[{"href":"https:\/\/roveyayinevi.com.tr\/index.php\/wp-json\/wp\/v2\/product\/718108","targetHints":{"allow":["GET"]}}],"collection":[{"href":"https:\/\/roveyayinevi.com.tr\/index.php\/wp-json\/wp\/v2\/product"}],"about":[{"href":"https:\/\/roveyayinevi.com.tr\/index.php\/wp-json\/wp\/v2\/types\/product"}],"wp:attachment":[{"href":"https:\/\/roveyayinevi.com.tr\/index.php\/wp-json\/wp\/v2\/media?parent=718108"}],"wp:term":[{"taxonomy":"product_brand","embeddable":true,"href":"https:\/\/roveyayinevi.com.tr\/index.php\/wp-json\/wp\/v2\/product_brand?post=718108"},{"taxonomy":"product_cat","embeddable":true,"href":"https:\/\/roveyayinevi.com.tr\/index.php\/wp-json\/wp\/v2\/product_cat?post=718108"},{"taxonomy":"product_tag","embeddable":true,"href":"https:\/\/roveyayinevi.com.tr\/index.php\/wp-json\/wp\/v2\/product_tag?post=718108"}],"curies":[{"name":"wp","href":"https:\/\/api.w.org\/{rel}","templated":true}]}}