{"id":718107,"date":"2025-08-27T18:04:11","date_gmt":"2025-08-27T15:04:11","guid":{"rendered":"https:\/\/roveyayinevi.com.tr\/index.php\/urun\/kaz-dusu\/"},"modified":"2026-04-16T02:26:19","modified_gmt":"2026-04-15T23:26:19","slug":"kaz-dusu","status":"publish","type":"product","link":"https:\/\/roveyayinevi.com.tr\/index.php\/urun\/kaz-dusu\/","title":{"rendered":"Kaz D\u00fc\u015f\u00fc"},"content":{"rendered":"<p>Kaz D\u00fc\u015f\u00fcyok olu\u015flara, bozulmalara, d\u00fc\u015fmanl\u0131klara, \u015fiddete kar\u015f\u0131 d\u00fcnyaya yeni gelmi\u015f insan d\u00fc\u015f\u00fcn\u00fc \u00f6ne \u00e7\u0131karan, yan\u0131 s\u0131ra yery\u00fcz\u00fcn\u00fcn \u0131\u015f\u0131\u011f\u0131n\u0131, topra\u011f\u0131n sesini, zaman\u0131n g\u00fcc\u00fcn\u00fc duyuran bir roman. Tuncer Erdem yaz\u0131 ve \u00e7izgisiyle Hay bin Yakzan gibi \u00fctopik romanlara \u00f6zg\u00fc masals\u0131 bir dil, \u015fiirsel bir d\u00fcnya yarat\u0131yor. Bir sabah kendini g\u00f6l k\u0131y\u0131s\u0131nda bulan, ge\u00e7mi\u015fini yitirmi\u015f bir insan y\u00fcz\u00fc; yan\u0131 ba\u015f\u0131nda sazl\u0131klara s\u0131\u011f\u0131n\u0131p d\u00fc\u015flere dalm\u0131\u015f bir yabankaz\u0131; dertlerine derman arayan yaln\u0131z yolcular&#8230; G\u00f6l\u00fcn \u00f6tesinde g\u00f6r\u00fcnen k\u00f6ydeyse \u00f6l\u00fcm ve \u015fiddet kol geziyor. \u201cBense s\u0131ms\u0131k\u0131 sar\u0131lm\u0131\u015f\u0131m yerkabu\u011funun \u00fcst tabakas\u0131na. Hayat\u0131 bilmedi\u011fimden. D\u00fcnyay\u0131 tan\u0131mad\u0131\u011f\u0131mdan. Fark\u0131nda olmadan geldi\u011fim bu yere ba\u011flan\u0131p kalm\u0131\u015f\u0131m. K\u00fc\u00e7\u00fcc\u00fck bir yery\u00fcz\u00fc par\u00e7as\u0131n\u0131n i\u00e7inde debelenip duruyorum. Sonsuz d\u00fcnyaya, yerk\u00fcrenin ufuktaki e\u011fimine do\u011fru bak\u0131nca, yeralt\u0131na kulak verince daha iyi anl\u0131yorum bunu. Sonu\u00e7ta acemisiyim bu d\u00fcnyan\u0131n. Kanatlanamayan puhu yavrusu, g\u00f6\u00e7 yolunda g\u00f6r\u00fclen kaz d\u00fc\u015f\u00fcy\u00fcm&#8230;\u201d<\/p>\n","protected":false},"excerpt":{"rendered":"<p>Kaz D\u00fc\u015f\u00fcyok olu\u015flara, bozulmalara, d\u00fc\u015fmanl\u0131klara, \u015fiddete kar\u015f\u0131 d\u00fcnyaya yeni gelmi\u015f insan d\u00fc\u015f\u00fcn\u00fc \u00f6ne \u00e7\u0131karan, yan\u0131 s\u0131ra yery\u00fcz\u00fcn\u00fcn \u0131\u015f\u0131\u011f\u0131n\u0131, topra\u011f\u0131n sesini, zaman\u0131n g\u00fcc\u00fcn\u00fc duyuran bir roman. Tuncer<span class=\"excerpt-hellip\"> [\u2026]<\/span><\/p>\n","protected":false},"featured_media":0,"template":"","meta":{"_monsterinsights_skip_tracking":false,"_monsterinsights_sitenote_active":false,"_monsterinsights_sitenote_note":"","_monsterinsights_sitenote_category":0},"product_brand":[],"product_cat":[12291,12711],"product_tag":[],"class_list":{"0":"post-718107","1":"product","2":"type-product","3":"status-publish","5":"product_cat-edebiyat","6":"product_cat-roman-oyku","7":"pa_cilt-ciltsiz","8":"pa_tur-kitap","9":"pa_yayinevi-yapi-kredi-yayinlari","10":"pa_yazar-tuncer-erdem","12":"first","13":"instock","14":"sale","15":"shipping-taxable","16":"purchasable","17":"product-type-simple"},"_links":{"self":[{"href":"https:\/\/roveyayinevi.com.tr\/index.php\/wp-json\/wp\/v2\/product\/718107","targetHints":{"allow":["GET"]}}],"collection":[{"href":"https:\/\/roveyayinevi.com.tr\/index.php\/wp-json\/wp\/v2\/product"}],"about":[{"href":"https:\/\/roveyayinevi.com.tr\/index.php\/wp-json\/wp\/v2\/types\/product"}],"wp:attachment":[{"href":"https:\/\/roveyayinevi.com.tr\/index.php\/wp-json\/wp\/v2\/media?parent=718107"}],"wp:term":[{"taxonomy":"product_brand","embeddable":true,"href":"https:\/\/roveyayinevi.com.tr\/index.php\/wp-json\/wp\/v2\/product_brand?post=718107"},{"taxonomy":"product_cat","embeddable":true,"href":"https:\/\/roveyayinevi.com.tr\/index.php\/wp-json\/wp\/v2\/product_cat?post=718107"},{"taxonomy":"product_tag","embeddable":true,"href":"https:\/\/roveyayinevi.com.tr\/index.php\/wp-json\/wp\/v2\/product_tag?post=718107"}],"curies":[{"name":"wp","href":"https:\/\/api.w.org\/{rel}","templated":true}]}}