{"id":718106,"date":"2025-08-27T18:04:10","date_gmt":"2025-08-27T15:04:10","guid":{"rendered":"https:\/\/roveyayinevi.com.tr\/index.php\/urun\/guney-sibirya-arkeolojisi-ve-samanizm\/"},"modified":"2026-04-16T02:26:19","modified_gmt":"2026-04-15T23:26:19","slug":"guney-sibirya-arkeolojisi-ve-samanizm","status":"publish","type":"product","link":"https:\/\/roveyayinevi.com.tr\/index.php\/urun\/guney-sibirya-arkeolojisi-ve-samanizm\/","title":{"rendered":"G\u00fcney Sibirya Arkeolojisi Ve \u015eamanizm"},"content":{"rendered":"<p>Arkeolog Sergen \u00c7irkin\u2019in haz\u0131rlad\u0131\u011f\u0131 bu kitap, Neolitik \u00c7a\u011f\u2019dan Orta\u00e7a\u011f\u2019a uzanan G\u00fcney Sibirya k\u00fclt\u00fcrlerini ve inan\u00e7lar\u0131n\u0131 kronolojik bir s\u0131rayla ele al\u0131yor. \u00d6zellikle \u015eamanizm ve atalar k\u00fclt\u00fc gibi inan\u00e7lar\u0131, arkeolojik bulgular ve yerel halka dair etnografik veriler e\u015fli\u011finde kar\u015f\u0131la\u015ft\u0131rmal\u0131 olarak inceliyor. Sibirya\u2019da zaman farkl\u0131 i\u015fler; ak\u0131p giden y\u00fczy\u0131llar\u0131n orada pek de \u00f6nemi yoktur. Bu b\u00fcy\u00fck kara par\u00e7as\u0131nda toprak gibi, su gibi, zaman da adeta donmu\u015ftur. S\u00fcregelen yo\u011fun \u201ck\u00fclt\u00fcrel devaml\u0131l\u0131k\u201d i\u00e7inde \u00e7a\u011flar\u0131n ayr\u0131m\u0131na varmak, tarihin ak\u0131\u015f\u0131n\u0131 izlemek son derece g\u00fc\u00e7t\u00fcr. A\u011f\u0131r aksak i\u015fleyen bu tanr\u0131sal zaman\u0131 ayd\u0131nlatacak ve onu yeniden okunur hale getirecek kilit s\u00f6zc\u00fck ise \u015eAMAN\u0130ZM\u2019dir. \u015eamanizm; tarih \u00f6ncesinden modern \u00e7a\u011flara uzanan bir inan\u00e7 sistemi, Ural-Altay halklar\u0131n\u0131n bir anlamda ortak bilin\u00e7alt\u0131d\u0131r. Bu bilin\u00e7alt\u0131 o denli g\u00fc\u00e7l\u00fcd\u00fcr ki ona dair izler bug\u00fcn h\u00e2l\u00e2 ya\u015famlar\u0131m\u0131z\u0131n bir par\u00e7as\u0131 olmay\u0131 \u0131srarla s\u00fcrd\u00fcr\u00fcyor. <\/p>\n","protected":false},"excerpt":{"rendered":"<p>Arkeolog Sergen \u00c7irkin\u2019in haz\u0131rlad\u0131\u011f\u0131 bu kitap, Neolitik \u00c7a\u011f\u2019dan Orta\u00e7a\u011f\u2019a uzanan G\u00fcney Sibirya k\u00fclt\u00fcrlerini ve inan\u00e7lar\u0131n\u0131 kronolojik bir s\u0131rayla ele al\u0131yor. \u00d6zellikle \u015eamanizm ve atalar k\u00fclt\u00fc gibi<span class=\"excerpt-hellip\"> [\u2026]<\/span><\/p>\n","protected":false},"featured_media":0,"template":"","meta":{"_monsterinsights_skip_tracking":false,"_monsterinsights_sitenote_active":false,"_monsterinsights_sitenote_note":"","_monsterinsights_sitenote_category":0},"product_brand":[],"product_cat":[12370,12304],"product_tag":[],"class_list":{"0":"post-718106","1":"product","2":"type-product","3":"status-publish","5":"product_cat-arastirma-inceleme","6":"product_cat-tarih","7":"pa_cilt-ciltsiz","8":"pa_tur-kitap","9":"pa_yayinevi-yapi-kredi-yayinlari","10":"pa_yazar-sergen-cirkin","12":"first","13":"instock","14":"sale","15":"shipping-taxable","16":"purchasable","17":"product-type-simple"},"_links":{"self":[{"href":"https:\/\/roveyayinevi.com.tr\/index.php\/wp-json\/wp\/v2\/product\/718106","targetHints":{"allow":["GET"]}}],"collection":[{"href":"https:\/\/roveyayinevi.com.tr\/index.php\/wp-json\/wp\/v2\/product"}],"about":[{"href":"https:\/\/roveyayinevi.com.tr\/index.php\/wp-json\/wp\/v2\/types\/product"}],"wp:attachment":[{"href":"https:\/\/roveyayinevi.com.tr\/index.php\/wp-json\/wp\/v2\/media?parent=718106"}],"wp:term":[{"taxonomy":"product_brand","embeddable":true,"href":"https:\/\/roveyayinevi.com.tr\/index.php\/wp-json\/wp\/v2\/product_brand?post=718106"},{"taxonomy":"product_cat","embeddable":true,"href":"https:\/\/roveyayinevi.com.tr\/index.php\/wp-json\/wp\/v2\/product_cat?post=718106"},{"taxonomy":"product_tag","embeddable":true,"href":"https:\/\/roveyayinevi.com.tr\/index.php\/wp-json\/wp\/v2\/product_tag?post=718106"}],"curies":[{"name":"wp","href":"https:\/\/api.w.org\/{rel}","templated":true}]}}