{"id":718104,"date":"2025-08-27T18:04:09","date_gmt":"2025-08-27T15:04:09","guid":{"rendered":"https:\/\/roveyayinevi.com.tr\/index.php\/urun\/kendine-ait-bir-oda-5\/"},"modified":"2026-04-16T02:26:19","modified_gmt":"2026-04-15T23:26:19","slug":"kendine-ait-bir-oda-5","status":"publish","type":"product","link":"https:\/\/roveyayinevi.com.tr\/index.php\/urun\/kendine-ait-bir-oda-5\/","title":{"rendered":"Kendine Ait Bir Oda"},"content":{"rendered":"<p>\u201c\u0130sterseniz k\u00fct\u00fcphanelerinizi kilitleyin; ancak akl\u0131m\u0131n \u00f6zg\u00fcrl\u00fc\u011f\u00fcne hi\u00e7bir kap\u0131, hi\u00e7bir kilit, hi\u00e7bir s\u00fcrg\u00fc engel olamaz.\u201d Yaz\u0131ld\u0131\u011f\u0131 g\u00fcnden beri kad\u0131n hareketi i\u00e7in g\u00fcncelli\u011fini yitirmeyen Virginia Woolf\u2019un Kendine Ait Bir Oda\u2019s\u0131 ataerkil zihniyete meydan okuyan bir manifesto niteli\u011finde. Woolf\u2019un \u201cKad\u0131nlar ve Kurgusal Yaz\u0131n\u201d \u00fczerine kad\u0131nlara \u00f6zel iki \u00fcniversitede yapt\u0131\u011f\u0131 konu\u015fmalar\u0131n derlemesi olan bu eser, d\u00fcn\u00fcn kad\u0131nlar\u0131n\u0131n bug\u00fcn\u00fcn kad\u0131nlar\u0131na bir arma\u011fan\u0131&#8230;<\/p>\n","protected":false},"excerpt":{"rendered":"<p>\u201c\u0130sterseniz k\u00fct\u00fcphanelerinizi kilitleyin; ancak akl\u0131m\u0131n \u00f6zg\u00fcrl\u00fc\u011f\u00fcne hi\u00e7bir kap\u0131, hi\u00e7bir kilit, hi\u00e7bir s\u00fcrg\u00fc engel olamaz.\u201d Yaz\u0131ld\u0131\u011f\u0131 g\u00fcnden beri kad\u0131n hareketi i\u00e7in g\u00fcncelli\u011fini yitirmeyen Virginia Woolf\u2019un Kendine Ait<span class=\"excerpt-hellip\"> [\u2026]<\/span><\/p>\n","protected":false},"featured_media":0,"template":"","meta":{"_monsterinsights_skip_tracking":false,"_monsterinsights_sitenote_active":false,"_monsterinsights_sitenote_note":"","_monsterinsights_sitenote_category":0},"product_brand":[],"product_cat":[12777,12291],"product_tag":[],"class_list":{"0":"post-718104","1":"product","2":"type-product","3":"status-publish","5":"product_cat-deneme","6":"product_cat-edebiyat","7":"pa_cilt-ciltsiz","8":"pa_tur-kitap","9":"pa_yayinevi-bilgi-yayinevi","10":"pa_yazar-virginia-woolf","12":"first","13":"instock","14":"sale","15":"shipping-taxable","16":"purchasable","17":"product-type-simple"},"_links":{"self":[{"href":"https:\/\/roveyayinevi.com.tr\/index.php\/wp-json\/wp\/v2\/product\/718104","targetHints":{"allow":["GET"]}}],"collection":[{"href":"https:\/\/roveyayinevi.com.tr\/index.php\/wp-json\/wp\/v2\/product"}],"about":[{"href":"https:\/\/roveyayinevi.com.tr\/index.php\/wp-json\/wp\/v2\/types\/product"}],"wp:attachment":[{"href":"https:\/\/roveyayinevi.com.tr\/index.php\/wp-json\/wp\/v2\/media?parent=718104"}],"wp:term":[{"taxonomy":"product_brand","embeddable":true,"href":"https:\/\/roveyayinevi.com.tr\/index.php\/wp-json\/wp\/v2\/product_brand?post=718104"},{"taxonomy":"product_cat","embeddable":true,"href":"https:\/\/roveyayinevi.com.tr\/index.php\/wp-json\/wp\/v2\/product_cat?post=718104"},{"taxonomy":"product_tag","embeddable":true,"href":"https:\/\/roveyayinevi.com.tr\/index.php\/wp-json\/wp\/v2\/product_tag?post=718104"}],"curies":[{"name":"wp","href":"https:\/\/api.w.org\/{rel}","templated":true}]}}