{"id":718100,"date":"2025-08-27T18:04:06","date_gmt":"2025-08-27T15:04:06","guid":{"rendered":"https:\/\/roveyayinevi.com.tr\/index.php\/urun\/emily-sparkes-ve-yarisma-faciasi\/"},"modified":"2026-04-16T02:26:19","modified_gmt":"2026-04-15T23:26:19","slug":"emily-sparkes-ve-yarisma-faciasi","status":"publish","type":"product","link":"https:\/\/roveyayinevi.com.tr\/index.php\/urun\/emily-sparkes-ve-yarisma-faciasi\/","title":{"rendered":"Emily Sparkes ve Yar\u0131\u015fma Facias\u0131"},"content":{"rendered":"<p>\u0130\u015fte kar\u015f\u0131n\u0131zda Emily Sparkes! Emily Sparkes, kendine yeni bir arkada\u015f bulmu\u015f ve evrendeki en Tiksin\u00e7 \u00e7ocuk taraf\u0131ndan rezil edilmekten kurtulmu\u015f olabilir ama yarat\u0131c\u0131l\u0131\u011f\u0131 onu yepyeni bir belaya s\u00fcr\u00fckl\u00fcyor&#8230; Emily, annesini yanl\u0131\u015fl\u0131kla \u00fclkenin en e\u015fsiz annesinin arand\u0131\u011f\u0131 bir yar\u0131\u015fmaya sokuyor. Bayan Sparkes finale kald\u0131\u011f\u0131nda Emily herkesten fazla \u015fa\u015f\u0131r\u0131yor! B\u00fct\u00fcn d\u00fcnyaya rezil olmamak i\u00e7in annesini ba\u015ftan yaratman\u0131n yollar\u0131n\u0131 bulmas\u0131 gerekiyor. \u00c7\u00fcnk\u00fc do\u011fa sava\u015f\u00e7\u0131s\u0131, bah\u00e7\u0131vanl\u0131k sevdal\u0131s\u0131 ve a\u015f\u0131r\u0131 utan\u00e7 verici annesi, bir b\u00fcy\u00fckbaba kasketi ve lastik \u00e7izmelerle televizyona \u00e7\u0131kamaz, \u00f6yle de\u011fil mi?<\/p>\n","protected":false},"excerpt":{"rendered":"<p>\u0130\u015fte kar\u015f\u0131n\u0131zda Emily Sparkes! Emily Sparkes, kendine yeni bir arkada\u015f bulmu\u015f ve evrendeki en Tiksin\u00e7 \u00e7ocuk taraf\u0131ndan rezil edilmekten kurtulmu\u015f olabilir ama yarat\u0131c\u0131l\u0131\u011f\u0131 onu yepyeni bir<span class=\"excerpt-hellip\"> [\u2026]<\/span><\/p>\n","protected":false},"featured_media":0,"template":"","meta":{"_monsterinsights_skip_tracking":false,"_monsterinsights_sitenote_active":false,"_monsterinsights_sitenote_note":"","_monsterinsights_sitenote_category":0},"product_brand":[],"product_cat":[12274,12284],"product_tag":[],"class_list":{"0":"post-718100","1":"product","2":"type-product","3":"status-publish","5":"product_cat-cocuk-ve-genclik-kitaplari","6":"product_cat-hikayeler","7":"pa_cilt-ciltsiz","8":"pa_tur-kitap","9":"pa_yayinevi-is-bankasi-kultur-yayinlari","10":"pa_yazar-ruth-fitzgerald","12":"first","13":"instock","14":"sale","15":"shipping-taxable","16":"purchasable","17":"product-type-simple"},"_links":{"self":[{"href":"https:\/\/roveyayinevi.com.tr\/index.php\/wp-json\/wp\/v2\/product\/718100","targetHints":{"allow":["GET"]}}],"collection":[{"href":"https:\/\/roveyayinevi.com.tr\/index.php\/wp-json\/wp\/v2\/product"}],"about":[{"href":"https:\/\/roveyayinevi.com.tr\/index.php\/wp-json\/wp\/v2\/types\/product"}],"wp:attachment":[{"href":"https:\/\/roveyayinevi.com.tr\/index.php\/wp-json\/wp\/v2\/media?parent=718100"}],"wp:term":[{"taxonomy":"product_brand","embeddable":true,"href":"https:\/\/roveyayinevi.com.tr\/index.php\/wp-json\/wp\/v2\/product_brand?post=718100"},{"taxonomy":"product_cat","embeddable":true,"href":"https:\/\/roveyayinevi.com.tr\/index.php\/wp-json\/wp\/v2\/product_cat?post=718100"},{"taxonomy":"product_tag","embeddable":true,"href":"https:\/\/roveyayinevi.com.tr\/index.php\/wp-json\/wp\/v2\/product_tag?post=718100"}],"curies":[{"name":"wp","href":"https:\/\/api.w.org\/{rel}","templated":true}]}}