{"id":718093,"date":"2025-08-27T18:04:01","date_gmt":"2025-08-27T15:04:01","guid":{"rendered":"https:\/\/roveyayinevi.com.tr\/index.php\/urun\/dusunce-ve-tartisma-ozgurlugu-uzerine-kisa-klasik\/"},"modified":"2026-04-16T02:26:18","modified_gmt":"2026-04-15T23:26:18","slug":"dusunce-ve-tartisma-ozgurlugu-uzerine-kisa-klasik","status":"publish","type":"product","link":"https:\/\/roveyayinevi.com.tr\/index.php\/urun\/dusunce-ve-tartisma-ozgurlugu-uzerine-kisa-klasik\/","title":{"rendered":"D\u00fc\u015f\u00fcnce ve Tart\u0131\u015fma \u00d6zg\u00fcrl\u00fc\u011f\u00fc \u00dczerine (K\u0131sa Klasik)"},"content":{"rendered":"<p>John Stuart Mill, 19. y\u00fczy\u0131l\u0131n en \u00f6nemli d\u00fc\u015f\u00fcn\u00fcrleri aras\u0131nda yer al\u0131yor. 1860 y\u0131l\u0131nda yay\u0131mlanan \u00d6zg\u00fcrl\u00fck \u00dczerine adl\u0131 yap\u0131t\u0131, haklar ve \u00f6zg\u00fcrl\u00fckler konusunda yaz\u0131lm\u0131\u015f klasiklerden biri.D\u00fc\u015f\u00fcnce ve Tart\u0131\u015fma \u00d6zg\u00fcrl\u00fc\u011f\u00fc \u00dczerine, yanl\u0131\u015fl\u0131\u011f\u0131ndan en emin oldu\u011fumuz d\u00fc\u015f\u00fcncenin bile \u00f6zg\u00fcrce dile getirilip tart\u0131\u015f\u0131labilmesinin toplum a\u00e7\u0131s\u0131ndan neden gerekli oldu\u011funu ortaya koyuyor.\u0130fade \u00f6zg\u00fcrl\u00fc\u011f\u00fcn\u00fcn t\u00fcm d\u00fcnyada giderek daha da hor g\u00f6r\u00fcld\u00fc\u011f\u00fc bu d\u00f6nemde okunmas\u0131nda yarar var.<\/p>\n","protected":false},"excerpt":{"rendered":"<p>John Stuart Mill, 19. y\u00fczy\u0131l\u0131n en \u00f6nemli d\u00fc\u015f\u00fcn\u00fcrleri aras\u0131nda yer al\u0131yor. 1860 y\u0131l\u0131nda yay\u0131mlanan \u00d6zg\u00fcrl\u00fck \u00dczerine adl\u0131 yap\u0131t\u0131, haklar ve \u00f6zg\u00fcrl\u00fckler konusunda yaz\u0131lm\u0131\u015f klasiklerden biri.D\u00fc\u015f\u00fcnce ve<span class=\"excerpt-hellip\"> [\u2026]<\/span><\/p>\n","protected":false},"featured_media":0,"template":"","meta":{"_monsterinsights_skip_tracking":false,"_monsterinsights_sitenote_active":false,"_monsterinsights_sitenote_note":"","_monsterinsights_sitenote_category":0},"product_brand":[],"product_cat":[18545,12291],"product_tag":[],"class_list":{"0":"post-718093","1":"product","2":"type-product","3":"status-publish","5":"product_cat-anlati","6":"product_cat-edebiyat","7":"pa_cilt-ciltsiz","8":"pa_tur-kitap","9":"pa_yayinevi-can-yayinlari","10":"pa_yazar-john-stuart-mill","12":"first","13":"instock","14":"sale","15":"shipping-taxable","16":"purchasable","17":"product-type-simple"},"_links":{"self":[{"href":"https:\/\/roveyayinevi.com.tr\/index.php\/wp-json\/wp\/v2\/product\/718093","targetHints":{"allow":["GET"]}}],"collection":[{"href":"https:\/\/roveyayinevi.com.tr\/index.php\/wp-json\/wp\/v2\/product"}],"about":[{"href":"https:\/\/roveyayinevi.com.tr\/index.php\/wp-json\/wp\/v2\/types\/product"}],"wp:attachment":[{"href":"https:\/\/roveyayinevi.com.tr\/index.php\/wp-json\/wp\/v2\/media?parent=718093"}],"wp:term":[{"taxonomy":"product_brand","embeddable":true,"href":"https:\/\/roveyayinevi.com.tr\/index.php\/wp-json\/wp\/v2\/product_brand?post=718093"},{"taxonomy":"product_cat","embeddable":true,"href":"https:\/\/roveyayinevi.com.tr\/index.php\/wp-json\/wp\/v2\/product_cat?post=718093"},{"taxonomy":"product_tag","embeddable":true,"href":"https:\/\/roveyayinevi.com.tr\/index.php\/wp-json\/wp\/v2\/product_tag?post=718093"}],"curies":[{"name":"wp","href":"https:\/\/api.w.org\/{rel}","templated":true}]}}