{"id":718085,"date":"2025-08-27T18:03:56","date_gmt":"2025-08-27T15:03:56","guid":{"rendered":"https:\/\/roveyayinevi.com.tr\/index.php\/urun\/olum-uykusu\/"},"modified":"2026-04-16T02:26:18","modified_gmt":"2026-04-15T23:26:18","slug":"olum-uykusu","status":"publish","type":"product","link":"https:\/\/roveyayinevi.com.tr\/index.php\/urun\/olum-uykusu\/","title":{"rendered":"\u00d6l\u00fcm Uykusu"},"content":{"rendered":"<p>Analar\u0131n evlatlar\u0131n\u0131, \u00e7ocuklar\u0131n babalar\u0131n\u0131, gelinlerin kocalar\u0131n\u0131 bir daha g\u00f6remeyecekleri bir destana tan\u0131k olmu\u015ftur Allahuekber Da\u011flar\u0131&#8230;Hi\u00e7 teredd\u00fct etmeden, karde\u015flerine yard\u0131m ula\u015ft\u0131rmak i\u00e7in \u00fczerindeki paltosunu \u00e7\u0131kar\u0131p taarruza ge\u00e7en Mehmet&#8217;in hik\u00e2yesidir, Sar\u0131kam\u0131\u015f&#8230;Tertemiz aln\u0131ndan vurulmu\u015f, al kan\u0131yla bembeyaz karlar\u0131 sulayan yi\u011fitlerin ebedi uykusudur, \u00d6l\u00fcm Uykusu&#8230;Onlarca y\u0131l ge\u00e7mesine ra\u011fmen her akl\u0131m\u0131za geldi\u011finde y\u00fcre\u011fimizi s\u0131zlatan Sar\u0131kam\u0131\u015f Harekat\u0131&#8217;n\u0131 \u00f6\u011frenmeye ve tarihi perde arkas\u0131n\u0131 anlamaya davet ediyoruz sizi.<\/p>\n","protected":false},"excerpt":{"rendered":"<p>Analar\u0131n evlatlar\u0131n\u0131, \u00e7ocuklar\u0131n babalar\u0131n\u0131, gelinlerin kocalar\u0131n\u0131 bir daha g\u00f6remeyecekleri bir destana tan\u0131k olmu\u015ftur Allahuekber Da\u011flar\u0131&#8230;Hi\u00e7 teredd\u00fct etmeden, karde\u015flerine yard\u0131m ula\u015ft\u0131rmak i\u00e7in \u00fczerindeki paltosunu \u00e7\u0131kar\u0131p taarruza ge\u00e7en<span class=\"excerpt-hellip\"> [\u2026]<\/span><\/p>\n","protected":false},"featured_media":0,"template":"","meta":{"_monsterinsights_skip_tracking":false,"_monsterinsights_sitenote_active":false,"_monsterinsights_sitenote_note":"","_monsterinsights_sitenote_category":0},"product_brand":[],"product_cat":[12370,12304],"product_tag":[],"class_list":{"0":"post-718085","1":"product","2":"type-product","3":"status-publish","5":"product_cat-arastirma-inceleme","6":"product_cat-tarih","7":"pa_cilt-ciltsiz","8":"pa_tur-kitap","9":"pa_yayinevi-yediveren-yayinlari","10":"pa_yazar-mehmet-isik","12":"first","13":"instock","14":"sale","15":"shipping-taxable","16":"purchasable","17":"product-type-simple"},"_links":{"self":[{"href":"https:\/\/roveyayinevi.com.tr\/index.php\/wp-json\/wp\/v2\/product\/718085","targetHints":{"allow":["GET"]}}],"collection":[{"href":"https:\/\/roveyayinevi.com.tr\/index.php\/wp-json\/wp\/v2\/product"}],"about":[{"href":"https:\/\/roveyayinevi.com.tr\/index.php\/wp-json\/wp\/v2\/types\/product"}],"wp:attachment":[{"href":"https:\/\/roveyayinevi.com.tr\/index.php\/wp-json\/wp\/v2\/media?parent=718085"}],"wp:term":[{"taxonomy":"product_brand","embeddable":true,"href":"https:\/\/roveyayinevi.com.tr\/index.php\/wp-json\/wp\/v2\/product_brand?post=718085"},{"taxonomy":"product_cat","embeddable":true,"href":"https:\/\/roveyayinevi.com.tr\/index.php\/wp-json\/wp\/v2\/product_cat?post=718085"},{"taxonomy":"product_tag","embeddable":true,"href":"https:\/\/roveyayinevi.com.tr\/index.php\/wp-json\/wp\/v2\/product_tag?post=718085"}],"curies":[{"name":"wp","href":"https:\/\/api.w.org\/{rel}","templated":true}]}}