{"id":718083,"date":"2025-08-27T18:03:54","date_gmt":"2025-08-27T15:03:54","guid":{"rendered":"https:\/\/roveyayinevi.com.tr\/index.php\/urun\/ampirist-filozoflar\/"},"modified":"2026-04-16T02:26:18","modified_gmt":"2026-04-15T23:26:18","slug":"ampirist-filozoflar","status":"publish","type":"product","link":"https:\/\/roveyayinevi.com.tr\/index.php\/urun\/ampirist-filozoflar\/","title":{"rendered":"Ampirist Filozoflar"},"content":{"rendered":"<p>\u0130nsan bilgisinin ve idelerinin kayna\u011f\u0131 nedir? Farkl\u0131 yollarla elde edilen farkl\u0131 bilgi t\u00fcrleri var m\u0131? Bilimin yap\u0131s\u0131 nas\u0131ld\u0131r? Bu sorulara cevap verirken deneyim ve g\u00f6zlemin hem \u00f6nemini hem de rol\u00fcn\u00fc vurgulayan modern d\u00f6nemin kurucu filozoflar\u0131, bu \u00e7al\u0131\u015fman\u0131n ana eksenini olu\u015fturur. Woolhouse, bu isimlerin bilgi felsefesine dair g\u00f6r\u00fc\u015flerini ve iddialar\u0131n\u0131 sunarken, ortaya koyduklar\u0131 ahlak ve siyaset felsefesini de g\u00f6z ard\u0131 etmez. Eserin tarihsel ba\u011flam\u0131 ise modern d\u00f6nemin hem 20. y\u00fczy\u0131l hem de g\u00fcn\u00fcm\u00fcz i\u00e7in ne kadar m\u00fchim oldu\u011funu g\u00f6sterir.<\/p>\n","protected":false},"excerpt":{"rendered":"<p>\u0130nsan bilgisinin ve idelerinin kayna\u011f\u0131 nedir? Farkl\u0131 yollarla elde edilen farkl\u0131 bilgi t\u00fcrleri var m\u0131? Bilimin yap\u0131s\u0131 nas\u0131ld\u0131r? Bu sorulara cevap verirken deneyim ve g\u00f6zlemin hem<span class=\"excerpt-hellip\"> [\u2026]<\/span><\/p>\n","protected":false},"featured_media":0,"template":"","meta":{"_monsterinsights_skip_tracking":false,"_monsterinsights_sitenote_active":false,"_monsterinsights_sitenote_note":"","_monsterinsights_sitenote_category":0},"product_brand":[],"product_cat":[12388,13555],"product_tag":[],"class_list":{"0":"post-718083","1":"product","2":"type-product","3":"status-publish","5":"product_cat-felsefe","6":"product_cat-genel-felsefe","7":"pa_cilt-ciltsiz","8":"pa_tur-kitap","9":"pa_yayinevi-pinhan-yayincilik","10":"pa_yazar-roger-stuart-woolhouse","12":"first","13":"instock","14":"sale","15":"shipping-taxable","16":"purchasable","17":"product-type-simple"},"_links":{"self":[{"href":"https:\/\/roveyayinevi.com.tr\/index.php\/wp-json\/wp\/v2\/product\/718083","targetHints":{"allow":["GET"]}}],"collection":[{"href":"https:\/\/roveyayinevi.com.tr\/index.php\/wp-json\/wp\/v2\/product"}],"about":[{"href":"https:\/\/roveyayinevi.com.tr\/index.php\/wp-json\/wp\/v2\/types\/product"}],"wp:attachment":[{"href":"https:\/\/roveyayinevi.com.tr\/index.php\/wp-json\/wp\/v2\/media?parent=718083"}],"wp:term":[{"taxonomy":"product_brand","embeddable":true,"href":"https:\/\/roveyayinevi.com.tr\/index.php\/wp-json\/wp\/v2\/product_brand?post=718083"},{"taxonomy":"product_cat","embeddable":true,"href":"https:\/\/roveyayinevi.com.tr\/index.php\/wp-json\/wp\/v2\/product_cat?post=718083"},{"taxonomy":"product_tag","embeddable":true,"href":"https:\/\/roveyayinevi.com.tr\/index.php\/wp-json\/wp\/v2\/product_tag?post=718083"}],"curies":[{"name":"wp","href":"https:\/\/api.w.org\/{rel}","templated":true}]}}