{"id":718078,"date":"2025-08-27T18:03:51","date_gmt":"2025-08-27T15:03:51","guid":{"rendered":"https:\/\/roveyayinevi.com.tr\/index.php\/urun\/sarkilarla-turkulerle-keman-ogreniyorum-2\/"},"modified":"2026-04-07T02:34:10","modified_gmt":"2026-04-06T23:34:10","slug":"sarkilarla-turkulerle-keman-ogreniyorum-2","status":"publish","type":"product","link":"https:\/\/roveyayinevi.com.tr\/index.php\/urun\/sarkilarla-turkulerle-keman-ogreniyorum-2\/","title":{"rendered":"\u015eark\u0131larla T\u00fcrk\u00fclerle Keman \u00d6\u011freniyorum 2"},"content":{"rendered":"<p>II. kitap 8 ad\u0131mdan olu\u015fmaktad\u0131r.Her bir ad\u0131mda yeni bir \u00f6\u011frenme alan\u0131 olu\u015fturulmu\u015ftur. \u00d6\u011frenme a\u015famalar\u0131 basitten karma\u015f\u0131\u011fa do\u011fru, \u015fark\u0131 ve t\u00fcrk\u00fclerle geli\u015ftirilmeye \u00e7al\u0131\u015f\u0131lm\u0131\u015ft\u0131r.II. KitapBa\u011fl\u0131 \u00e7al\u0131\u015fmalar\u00dc\u00e7 d\u00f6rtl\u00fck tart\u0131m kal\u0131b\u0131La telinde 4.parma\u011f\u0131n kullan\u0131m\u0131Re telinde 4.parma\u011f\u0131n kullan\u0131mMi teliLa-mi telleri ge\u00e7i\u015f \u00e7al\u0131\u015fmalar\u0131Sol teli ve sol \u2013re telleri ge\u00e7i\u015f \u00e7al\u0131\u015fmalar\u0131n\u0131 i\u00e7ermektedir.25 Tane \u00d6zg\u00fcn Ezgi12 Tane Halk T\u00fcrk\u00fcs\u00fc11 Tane Dizisel Al\u0131\u015ft\u0131rma8 Tane \u00d6zg\u00fcn Al\u0131\u015ft\u0131rma3 Tane \u00d6zg\u00fcn Par\u00e7a \u2013(S\u00f6zl\u00fc)3 Tane Aktarma \u015eark\u01312 Tane Tekerleme, birinci konumda kemana ba\u015flang\u0131\u00e7 seviyesi i\u00e7in uyarlanm\u0131\u015ft\u0131r.Onalt\u0131l\u0131k, noktal\u0131 d\u00f6rtl\u00fck ve noktal\u0131 sekizlik tart\u0131mlar\u0131n\u0131n \u00f6\u011fretimine III. kitapta yer verilmi\u015ftir.T\u00fcm \u00e7ocuklara m\u00fczik dolu g\u00fcnler\u2026<\/p>\n","protected":false},"excerpt":{"rendered":"<p>II. kitap 8 ad\u0131mdan olu\u015fmaktad\u0131r.Her bir ad\u0131mda yeni bir \u00f6\u011frenme alan\u0131 olu\u015fturulmu\u015ftur. \u00d6\u011frenme a\u015famalar\u0131 basitten karma\u015f\u0131\u011fa do\u011fru, \u015fark\u0131 ve t\u00fcrk\u00fclerle geli\u015ftirilmeye \u00e7al\u0131\u015f\u0131lm\u0131\u015ft\u0131r.II. KitapBa\u011fl\u0131 \u00e7al\u0131\u015fmalar\u00dc\u00e7 d\u00f6rtl\u00fck tart\u0131m<span class=\"excerpt-hellip\"> [\u2026]<\/span><\/p>\n","protected":false},"featured_media":0,"template":"","meta":{"_monsterinsights_skip_tracking":false,"_monsterinsights_sitenote_active":false,"_monsterinsights_sitenote_note":"","_monsterinsights_sitenote_category":0},"product_brand":[],"product_cat":[14556,20810],"product_tag":[],"class_list":{"0":"post-718078","1":"product","2":"type-product","3":"status-publish","5":"product_cat-muzik","6":"product_cat-ogrenim-kitaplari","7":"pa_cilt-ciltsiz","8":"pa_tur-kitap","9":"pa_yayinevi-soncag-akademik-kitaplar","10":"pa_yazar-dilek-ozcelik-herdem","12":"first","13":"instock","14":"sale","15":"shipping-taxable","16":"purchasable","17":"product-type-simple"},"_links":{"self":[{"href":"https:\/\/roveyayinevi.com.tr\/index.php\/wp-json\/wp\/v2\/product\/718078","targetHints":{"allow":["GET"]}}],"collection":[{"href":"https:\/\/roveyayinevi.com.tr\/index.php\/wp-json\/wp\/v2\/product"}],"about":[{"href":"https:\/\/roveyayinevi.com.tr\/index.php\/wp-json\/wp\/v2\/types\/product"}],"wp:attachment":[{"href":"https:\/\/roveyayinevi.com.tr\/index.php\/wp-json\/wp\/v2\/media?parent=718078"}],"wp:term":[{"taxonomy":"product_brand","embeddable":true,"href":"https:\/\/roveyayinevi.com.tr\/index.php\/wp-json\/wp\/v2\/product_brand?post=718078"},{"taxonomy":"product_cat","embeddable":true,"href":"https:\/\/roveyayinevi.com.tr\/index.php\/wp-json\/wp\/v2\/product_cat?post=718078"},{"taxonomy":"product_tag","embeddable":true,"href":"https:\/\/roveyayinevi.com.tr\/index.php\/wp-json\/wp\/v2\/product_tag?post=718078"}],"curies":[{"name":"wp","href":"https:\/\/api.w.org\/{rel}","templated":true}]}}