{"id":718075,"date":"2025-08-27T18:03:50","date_gmt":"2025-08-27T15:03:50","guid":{"rendered":"https:\/\/roveyayinevi.com.tr\/index.php\/urun\/sarkilarla-turkulerle-keman-ogreniyorum-3\/"},"modified":"2026-04-16T02:26:18","modified_gmt":"2026-04-15T23:26:18","slug":"sarkilarla-turkulerle-keman-ogreniyorum-3","status":"publish","type":"product","link":"https:\/\/roveyayinevi.com.tr\/index.php\/urun\/sarkilarla-turkulerle-keman-ogreniyorum-3\/","title":{"rendered":"\u015eark\u0131larla T\u00fcrk\u00fclerle Keman \u00d6\u011freniyorum 3"},"content":{"rendered":"<p>III. Kitap 7 ad\u0131mdan olu\u015fmaktad\u0131r.Her bir a\u015famada yeni bir \u00f6\u011frenme alan\u0131 olu\u015fturulmu\u015ftur. \u00d6\u011frenme a\u015famalar\u0131 basitten karma\u015f\u0131\u011fa do\u011fru, \u015fark\u0131 ve t\u00fcrk\u00fclerle geli\u015ftirilmeye \u00e7al\u0131\u015f\u0131lm\u0131\u015ft\u0131r.III. KitapOnalt\u0131l\u0131k Tart\u0131m Kal\u0131plar\u0131,Re Telinde 2.Parma\u011f\u0131n Pesle\u015ftirilmesiLa Telinde 2.Parma\u011f\u0131n Pesle\u015ftirilmesi,Mi Telinde 2.Parma\u011f\u0131n Pesle\u015ftirilmesi,Noktal\u0131 D\u00f6rtl\u00fck Tart\u0131m Kal\u0131b\u0131Noktal\u0131 Sekizlik Tart\u0131m Kal\u0131b\u0131 \u00e7al\u0131\u015fmalar\u0131n\u0131 i\u00e7ermektedir.24 Tane T\u00fcrk\u00fc22 Tane \u00d6zg\u00fcn Ezgi9 A Tane Aktarma \u015eark\u01316 Tane Piyano E\u015flikli (1 T\u00fcrk\u00fc, 5 Aktarma \u015eark\u0131) \u015eark\u01314 Tane Tekerleme, birinci konum i\u00e7in uyarlanm\u0131\u015ft\u0131r.Piyano e\u015flikli \u201d Mini Konser Alb\u00fcm\u00fc\u201d kitab\u0131n sonunda yer almaktad\u0131r.I. Konumda, birinci parma\u011f\u0131n ve d\u00f6rd\u00fcnc\u00fc parma\u011f\u0131n pesle\u015ftirilmesi ve \u00fc\u00e7\u00fcnc\u00fc parma\u011f\u0131n tizle\u015ftirilmesi durumlar\u0131 bir sonraki kitap \u00e7al\u0131\u015fmas\u0131na b\u0131rak\u0131lm\u0131\u015ft\u0131r.T\u00fcm \u00e7ocuklara m\u00fczik dolu g\u00fcnler\u2026<\/p>\n","protected":false},"excerpt":{"rendered":"<p>III. Kitap 7 ad\u0131mdan olu\u015fmaktad\u0131r.Her bir a\u015famada yeni bir \u00f6\u011frenme alan\u0131 olu\u015fturulmu\u015ftur. \u00d6\u011frenme a\u015famalar\u0131 basitten karma\u015f\u0131\u011fa do\u011fru, \u015fark\u0131 ve t\u00fcrk\u00fclerle geli\u015ftirilmeye \u00e7al\u0131\u015f\u0131lm\u0131\u015ft\u0131r.III. KitapOnalt\u0131l\u0131k Tart\u0131m Kal\u0131plar\u0131,Re Telinde<span class=\"excerpt-hellip\"> [\u2026]<\/span><\/p>\n","protected":false},"featured_media":0,"template":"","meta":{"_monsterinsights_skip_tracking":false,"_monsterinsights_sitenote_active":false,"_monsterinsights_sitenote_note":"","_monsterinsights_sitenote_category":0},"product_brand":[],"product_cat":[14556,20810],"product_tag":[],"class_list":{"0":"post-718075","1":"product","2":"type-product","3":"status-publish","5":"product_cat-muzik","6":"product_cat-ogrenim-kitaplari","7":"pa_cilt-ciltsiz","8":"pa_tur-kitap","9":"pa_yayinevi-soncag-akademik-kitaplar","10":"pa_yazar-dilek-ozcelik-herdem","12":"first","13":"instock","14":"sale","15":"shipping-taxable","16":"purchasable","17":"product-type-simple"},"_links":{"self":[{"href":"https:\/\/roveyayinevi.com.tr\/index.php\/wp-json\/wp\/v2\/product\/718075","targetHints":{"allow":["GET"]}}],"collection":[{"href":"https:\/\/roveyayinevi.com.tr\/index.php\/wp-json\/wp\/v2\/product"}],"about":[{"href":"https:\/\/roveyayinevi.com.tr\/index.php\/wp-json\/wp\/v2\/types\/product"}],"wp:attachment":[{"href":"https:\/\/roveyayinevi.com.tr\/index.php\/wp-json\/wp\/v2\/media?parent=718075"}],"wp:term":[{"taxonomy":"product_brand","embeddable":true,"href":"https:\/\/roveyayinevi.com.tr\/index.php\/wp-json\/wp\/v2\/product_brand?post=718075"},{"taxonomy":"product_cat","embeddable":true,"href":"https:\/\/roveyayinevi.com.tr\/index.php\/wp-json\/wp\/v2\/product_cat?post=718075"},{"taxonomy":"product_tag","embeddable":true,"href":"https:\/\/roveyayinevi.com.tr\/index.php\/wp-json\/wp\/v2\/product_tag?post=718075"}],"curies":[{"name":"wp","href":"https:\/\/api.w.org\/{rel}","templated":true}]}}