{"id":718072,"date":"2025-08-27T18:03:48","date_gmt":"2025-08-27T15:03:48","guid":{"rendered":"https:\/\/roveyayinevi.com.tr\/index.php\/urun\/hic-im\/"},"modified":"2026-04-16T02:26:18","modified_gmt":"2026-04-15T23:26:18","slug":"hic-im","status":"publish","type":"product","link":"https:\/\/roveyayinevi.com.tr\/index.php\/urun\/hic-im\/","title":{"rendered":"Hi\u00e7-im"},"content":{"rendered":"<p>E\u011flendirmeyede\u011fil, eylemeyegeldik. Biz bilmiyoruz. Biz bir h\u00fcsran\u0131n i\u00e7indeyiz. Bak, az ya da \u00e7ok bir \u015feylerimiz yok mu \u015fu k\u00e2inatta?Her \u015feyden biraz almad\u0131k m\u0131 pay\u0131m\u0131za d\u00fc\u015ft\u00fc\u011f\u00fc kadar?Ufalan\u0131p toz olacak \u015fu d\u00fcnyadan parsel parsel topraklar almad\u0131k m\u0131?Y\u00fcksek binalar kurmad\u0131k m\u0131 \u00fczerlerine?D\u00fcnya bizim olsa, gene de g\u00f6z\u00fcm\u00fcz\u00fcn g\u00f6rebildi\u011fi, midemizin alabildi\u011fi, avu\u00e7layabildi\u011fimiz kadar\u0131n\u0131 almayacak m\u0131y\u0131z? O halde neden bu h\u0131rg\u00fcr, h\u0131rs, doyumsuzluk? Neden bu kadar a\u00e7g\u00f6zl\u00fc ve pervas\u0131z\u0131z? Neden g\u00fcn bug\u00fcnd\u00fcr diyerek hem ahireti hem d\u00fcnyay\u0131 kurtarman\u0131n gayreti i\u00e7inde olam\u0131yoruz? Ne zaman kendimizi kar\u015f\u0131m\u0131za al\u0131p s\u00fck\u00fbnet i\u00e7inde dinleyece\u011fiz kalbimizi, g\u00f6nl\u00fcm\u00fcz\u00fc ve derdimizi? Hi\u00e7li\u011fimizi&#8230; Oysa&#8230;Ne varsa harap bir kalpte var! Oysa&#8230; E\u011flendirmeye de\u011fil, eylemeye geldik.<\/p>\n","protected":false},"excerpt":{"rendered":"<p>E\u011flendirmeyede\u011fil, eylemeyegeldik. Biz bilmiyoruz. Biz bir h\u00fcsran\u0131n i\u00e7indeyiz. Bak, az ya da \u00e7ok bir \u015feylerimiz yok mu \u015fu k\u00e2inatta?Her \u015feyden biraz almad\u0131k m\u0131 pay\u0131m\u0131za d\u00fc\u015ft\u00fc\u011f\u00fc kadar?Ufalan\u0131p<span class=\"excerpt-hellip\"> [\u2026]<\/span><\/p>\n","protected":false},"featured_media":0,"template":"","meta":{"_monsterinsights_skip_tracking":false,"_monsterinsights_sitenote_active":false,"_monsterinsights_sitenote_note":"","_monsterinsights_sitenote_category":0},"product_brand":[],"product_cat":[12718,12719,15238],"product_tag":[],"class_list":{"0":"post-718072","1":"product","2":"type-product","3":"status-publish","5":"product_cat-din","6":"product_cat-islam","7":"product_cat-tasavvuf","8":"pa_cilt-ciltsiz","9":"pa_tur-kitap","10":"pa_yayinevi-hayykitap","11":"pa_yazar-faruk-yigit-araz","13":"first","14":"instock","15":"sale","16":"shipping-taxable","17":"purchasable","18":"product-type-simple"},"_links":{"self":[{"href":"https:\/\/roveyayinevi.com.tr\/index.php\/wp-json\/wp\/v2\/product\/718072","targetHints":{"allow":["GET"]}}],"collection":[{"href":"https:\/\/roveyayinevi.com.tr\/index.php\/wp-json\/wp\/v2\/product"}],"about":[{"href":"https:\/\/roveyayinevi.com.tr\/index.php\/wp-json\/wp\/v2\/types\/product"}],"wp:attachment":[{"href":"https:\/\/roveyayinevi.com.tr\/index.php\/wp-json\/wp\/v2\/media?parent=718072"}],"wp:term":[{"taxonomy":"product_brand","embeddable":true,"href":"https:\/\/roveyayinevi.com.tr\/index.php\/wp-json\/wp\/v2\/product_brand?post=718072"},{"taxonomy":"product_cat","embeddable":true,"href":"https:\/\/roveyayinevi.com.tr\/index.php\/wp-json\/wp\/v2\/product_cat?post=718072"},{"taxonomy":"product_tag","embeddable":true,"href":"https:\/\/roveyayinevi.com.tr\/index.php\/wp-json\/wp\/v2\/product_tag?post=718072"}],"curies":[{"name":"wp","href":"https:\/\/api.w.org\/{rel}","templated":true}]}}