{"id":718071,"date":"2025-08-27T18:03:48","date_gmt":"2025-08-27T15:03:48","guid":{"rendered":"https:\/\/roveyayinevi.com.tr\/index.php\/urun\/hayatimizdaki-yahudi-ve-hiristiyan-adetleri\/"},"modified":"2025-11-21T05:18:59","modified_gmt":"2025-11-21T02:18:59","slug":"hayatimizdaki-yahudi-ve-hiristiyan-adetleri","status":"publish","type":"product","link":"https:\/\/roveyayinevi.com.tr\/index.php\/urun\/hayatimizdaki-yahudi-ve-hiristiyan-adetleri\/","title":{"rendered":"Hayat\u0131m\u0131zdaki Yahudi ve H\u0131ristiyan Adetleri"},"content":{"rendered":"<p>Benimsedi\u011fimiz \u00f6rf, \u00e2det ve bir\u00e7ok gelenek &#8216;asl\u0131nda&#8217; nereye ait? Bu konuda \u0130slam neler s\u00f6yl\u00fcyor? \u0130slam\u2019da kur\u015fun d\u00f6kme, a\u011fa\u00e7lara ve t\u00fcrbelere bez ba\u011flama, t\u00fcts\u00fc yakma, tahtaya \u00fc\u00e7 kere vurman\u0131n yeri var m\u0131d\u0131r? Takke ve sar\u0131k Yahudilikten mi gelmi\u015ftir?  Yahudilerin &#8220;kaka&#8221; oyunu nedir? Fat\u0131ma anan\u0131n elini nazarl\u0131k olarak kullanmak \u0130slam\u2019la ne kadar ba\u011fda\u015f\u0131r? Reiki, yoga, meditasyon ve reenkarnasyona \u0130slam\u2019\u0131n bak\u0131\u015f\u0131 nedir? \u0130slam, u\u011fur ya da u\u011fursuzluk diye bir kavram\u0131 kabul eder mi? \u0130slam, kad\u0131nlar\u0131n ve bek\u00e2r k\u0131zlar\u0131n r\u0131zas\u0131 d\u0131\u015f\u0131nda istemedi\u011fi birisiyle evlendirilmesini men eder. Muta nik\u00e2h\u0131 cahiliye devri \u00e2detidir. Peygamberimiz (s.a.v.) e\u015flerine ayaklar\u0131n\u0131 y\u0131katmam\u0131\u015ft\u0131r. Zaruret halinde \u0130slam kad\u0131n\u0131n bo\u015fanmas\u0131n\u0131 kabul eder. \u0130slam\u2019da Noel, y\u0131lba\u015f\u0131 kutlamas\u0131 yoktur. \u0130slam nazar\u0131 kabul eder ama nazarl\u0131klar\u0131 etmez. <\/p>\n","protected":false},"excerpt":{"rendered":"<p>Benimsedi\u011fimiz \u00f6rf, \u00e2det ve bir\u00e7ok gelenek &#8216;asl\u0131nda&#8217; nereye ait? Bu konuda \u0130slam neler s\u00f6yl\u00fcyor? \u0130slam\u2019da kur\u015fun d\u00f6kme, a\u011fa\u00e7lara ve t\u00fcrbelere bez ba\u011flama, t\u00fcts\u00fc yakma, tahtaya \u00fc\u00e7<span class=\"excerpt-hellip\"> [\u2026]<\/span><\/p>\n","protected":false},"featured_media":0,"template":"","meta":{"_monsterinsights_skip_tracking":false,"_monsterinsights_sitenote_active":false,"_monsterinsights_sitenote_note":"","_monsterinsights_sitenote_category":0},"product_brand":[],"product_cat":[16382,12718],"product_tag":[],"class_list":{"0":"post-718071","1":"product","2":"type-product","3":"status-publish","5":"product_cat-diger-inanclar","6":"product_cat-din","7":"pa_cilt-ciltsiz","8":"pa_tur-kitap","9":"pa_yayinevi-hayykitap","10":"pa_yazar-umit-ozdemir","12":"first","13":"instock","14":"sale","15":"shipping-taxable","16":"purchasable","17":"product-type-simple"},"_links":{"self":[{"href":"https:\/\/roveyayinevi.com.tr\/index.php\/wp-json\/wp\/v2\/product\/718071","targetHints":{"allow":["GET"]}}],"collection":[{"href":"https:\/\/roveyayinevi.com.tr\/index.php\/wp-json\/wp\/v2\/product"}],"about":[{"href":"https:\/\/roveyayinevi.com.tr\/index.php\/wp-json\/wp\/v2\/types\/product"}],"wp:attachment":[{"href":"https:\/\/roveyayinevi.com.tr\/index.php\/wp-json\/wp\/v2\/media?parent=718071"}],"wp:term":[{"taxonomy":"product_brand","embeddable":true,"href":"https:\/\/roveyayinevi.com.tr\/index.php\/wp-json\/wp\/v2\/product_brand?post=718071"},{"taxonomy":"product_cat","embeddable":true,"href":"https:\/\/roveyayinevi.com.tr\/index.php\/wp-json\/wp\/v2\/product_cat?post=718071"},{"taxonomy":"product_tag","embeddable":true,"href":"https:\/\/roveyayinevi.com.tr\/index.php\/wp-json\/wp\/v2\/product_tag?post=718071"}],"curies":[{"name":"wp","href":"https:\/\/api.w.org\/{rel}","templated":true}]}}