{"id":718070,"date":"2025-08-27T18:03:47","date_gmt":"2025-08-27T15:03:47","guid":{"rendered":"https:\/\/roveyayinevi.com.tr\/index.php\/urun\/sufilerde-bir-nefes-terbiye-yontemi-olarak-aclik\/"},"modified":"2026-04-16T02:26:18","modified_gmt":"2026-04-15T23:26:18","slug":"sufilerde-bir-nefes-terbiye-yontemi-olarak-aclik","status":"publish","type":"product","link":"https:\/\/roveyayinevi.com.tr\/index.php\/urun\/sufilerde-bir-nefes-terbiye-yontemi-olarak-aclik\/","title":{"rendered":"Sufilerde Bir Nefes Terbiye Y\u00f6ntemi Olarak A\u00e7l\u0131k"},"content":{"rendered":"<p>\u201cYemek ile dolu bir mideye hikmet yerle\u015fmez.\u201d \u201cBu marifete nas\u0131l eri\u015ftin?\u201d diye soruldu\u011funda Bayezid Bist\u00e2m\u00ee \u201cA\u00e7 bir kar\u0131n ve \u00e7\u0131plak bir beden ile\u201d diye cevap vermi\u015ftir. A\u00e7l\u0131k, ilk d\u00f6nemlerden itibaren tasavvufta marifete eri\u015ftiren bir y\u00f6ntem olagelmi\u015ftir. Bir tarife g\u00f6re tasavvuf, nefsin t\u00fcm hazlar\u0131n\u0131 terketmektir. D\u00fcnyevi olan\u0131 b\u0131rakarak \u0130lahi olana ula\u015fmay\u0131 gaye edinen sufiler bu anlay\u0131\u015f \u00e7er\u00e7evesinde \u201cra\u011fbet etmemek\u201d anlam\u0131ndaki z\u00fchd\u00fc hayatlar\u0131n\u0131n her alan\u0131nda uygulamaya \u00e7al\u0131\u015fm\u0131\u015f; bu a\u00e7\u0131dan z\u00fchd\u00fc; k\u0131yafette z\u00fchd, yeme-i\u00e7mede z\u00fchd, al\u0131\u015fveri\u015fte z\u00fchd, konu\u015fmada, bakmada, i\u015fitmede z\u00fchd, m\u00fclkiyette z\u00fchd \u015feklinde bir b\u00fct\u00fcn olarak benimsemi\u015flerdir. A\u00e7l\u0131k da zahitli\u011fin kurucu bir unsuru olarak ilk d\u00f6nemden itibaren farkl\u0131 \u015fekillerde uygulanm\u0131\u015ft\u0131r. Sufiler a\u00e7 kalarak ahlaklanma ve ahlaklanarak da marifetullaha eri\u015fme aras\u0131nda kurduklar\u0131 irtibat ile a\u00e7l\u0131\u011f\u0131, tasavvufi e\u011fitim s\u00fcrecinin merkezine yerle\u015ftirmi\u015flerdir. <\/p>\n","protected":false},"excerpt":{"rendered":"<p>\u201cYemek ile dolu bir mideye hikmet yerle\u015fmez.\u201d \u201cBu marifete nas\u0131l eri\u015ftin?\u201d diye soruldu\u011funda Bayezid Bist\u00e2m\u00ee \u201cA\u00e7 bir kar\u0131n ve \u00e7\u0131plak bir beden ile\u201d diye cevap vermi\u015ftir.<span class=\"excerpt-hellip\"> [\u2026]<\/span><\/p>\n","protected":false},"featured_media":0,"template":"","meta":{"_monsterinsights_skip_tracking":false,"_monsterinsights_sitenote_active":false,"_monsterinsights_sitenote_note":"","_monsterinsights_sitenote_category":0},"product_brand":[],"product_cat":[12718,12719,15238],"product_tag":[],"class_list":{"0":"post-718070","1":"product","2":"type-product","3":"status-publish","5":"product_cat-din","6":"product_cat-islam","7":"product_cat-tasavvuf","8":"pa_cilt-ciltsiz","9":"pa_tur-kitap","10":"pa_yayinevi-hayykitap","11":"pa_yazar-sultan-adanir-salihoglu","13":"first","14":"instock","15":"sale","16":"shipping-taxable","17":"purchasable","18":"product-type-simple"},"_links":{"self":[{"href":"https:\/\/roveyayinevi.com.tr\/index.php\/wp-json\/wp\/v2\/product\/718070","targetHints":{"allow":["GET"]}}],"collection":[{"href":"https:\/\/roveyayinevi.com.tr\/index.php\/wp-json\/wp\/v2\/product"}],"about":[{"href":"https:\/\/roveyayinevi.com.tr\/index.php\/wp-json\/wp\/v2\/types\/product"}],"wp:attachment":[{"href":"https:\/\/roveyayinevi.com.tr\/index.php\/wp-json\/wp\/v2\/media?parent=718070"}],"wp:term":[{"taxonomy":"product_brand","embeddable":true,"href":"https:\/\/roveyayinevi.com.tr\/index.php\/wp-json\/wp\/v2\/product_brand?post=718070"},{"taxonomy":"product_cat","embeddable":true,"href":"https:\/\/roveyayinevi.com.tr\/index.php\/wp-json\/wp\/v2\/product_cat?post=718070"},{"taxonomy":"product_tag","embeddable":true,"href":"https:\/\/roveyayinevi.com.tr\/index.php\/wp-json\/wp\/v2\/product_tag?post=718070"}],"curies":[{"name":"wp","href":"https:\/\/api.w.org\/{rel}","templated":true}]}}