{"id":718060,"date":"2025-08-27T18:03:41","date_gmt":"2025-08-27T15:03:41","guid":{"rendered":"https:\/\/roveyayinevi.com.tr\/index.php\/urun\/varolus-sureci\/"},"modified":"2026-04-16T02:26:18","modified_gmt":"2026-04-15T23:26:18","slug":"varolus-sureci","status":"publish","type":"product","link":"https:\/\/roveyayinevi.com.tr\/index.php\/urun\/varolus-sureci\/","title":{"rendered":"Varolu\u015f S\u00fcreci"},"content":{"rendered":"<p>Ki\u015fisel huzur bize ba\u015fkalar\u0131 taraf\u0131ndan verilmez &#8211; kendimizi cevapland\u0131rmam\u0131zla olu\u015fur. Bug\u00fcn \u00e7o\u011fumuz hi\u00e7bir \u015fey yapamayaca\u011f\u0131m\u0131z\u0131 hissetti\u011fimiz olaylarla y\u00fcz y\u00fczeyiz. Bu kitap bize ki\u015fisel sorumlulu\u011fumuza nas\u0131l sahip \u00e7\u0131kaca\u011f\u0131m\u0131z\u0131 \u00f6\u011fretir. Bize ya\u015fam\u0131 hissetme yolumuzu yap\u0131land\u0131rmak ve deneyimlerimizi bizi hayat\u0131m\u0131z\u0131n t\u00fcm alanlar\u0131na bilin\u00e7li cevap verecek \u015fekilde g\u00fc\u00e7lendirmek i\u00e7in mekanikler sunar. Artan de\u011fi\u015fim, s\u0131k\u0131nt\u0131, \u00e7at\u0131\u015fma ve karma\u015fan\u0131n ortas\u0131nda ki\u015fisel huzurumuzu sa\u011flamak ve korumak i\u00e7in basit ve pratik bir yakla\u015f\u0131m sunar. G\u00fcney Afrika do\u011fumlu Michael Brown olduk\u00e7a a\u011fr\u0131l\u0131 akut bir sinirsel hastal\u0131ktan etkilenene kadar bir m\u00fczik gazetecisi olarak keyifli bir bilin\u00e7siz hayat s\u00fcrd\u00fc. Tek \u015fans\u0131 ya tecr\u00fcbesinin kalitesini de\u011fi\u015ftirmek ya da s\u00fcrekli ac\u0131 \u00e7ekmekti. Dokuz y\u0131ll\u0131k bir yolculuk sonucunda a\u011fr\u0131lar\u0131n\u0131 gidererek, kendi deneyimlerinin kalitesinden nas\u0131l sorumlu oldu\u011funu ke\u015ffetti.Bu yolculuk Varolu\u015f S\u00fcreci&#8217;ni yaratt\u0131 &#8211; \u015eimdiki Zaman Fark\u0131ndal\u0131\u011f\u0131na yap\u0131lan bir yolculuk. <\/p>\n","protected":false},"excerpt":{"rendered":"<p>Ki\u015fisel huzur bize ba\u015fkalar\u0131 taraf\u0131ndan verilmez &#8211; kendimizi cevapland\u0131rmam\u0131zla olu\u015fur. Bug\u00fcn \u00e7o\u011fumuz hi\u00e7bir \u015fey yapamayaca\u011f\u0131m\u0131z\u0131 hissetti\u011fimiz olaylarla y\u00fcz y\u00fczeyiz. Bu kitap bize ki\u015fisel sorumlulu\u011fumuza nas\u0131l sahip<span class=\"excerpt-hellip\"> [\u2026]<\/span><\/p>\n","protected":false},"featured_media":0,"template":"","meta":{"_monsterinsights_skip_tracking":false,"_monsterinsights_sitenote_active":false,"_monsterinsights_sitenote_note":"","_monsterinsights_sitenote_category":0},"product_brand":[],"product_cat":[12364,12376],"product_tag":[],"class_list":{"0":"post-718060","1":"product","2":"type-product","3":"status-publish","5":"product_cat-genel-konular","6":"product_cat-kisisel-gelisim","7":"pa_cilt-ciltsiz","8":"pa_tur-kitap","9":"pa_yayinevi-butik-yayinlari","10":"pa_yazar-john-may","11":"pa_yazar-michael-brown","13":"first","14":"instock","15":"sale","16":"shipping-taxable","17":"purchasable","18":"product-type-simple"},"_links":{"self":[{"href":"https:\/\/roveyayinevi.com.tr\/index.php\/wp-json\/wp\/v2\/product\/718060","targetHints":{"allow":["GET"]}}],"collection":[{"href":"https:\/\/roveyayinevi.com.tr\/index.php\/wp-json\/wp\/v2\/product"}],"about":[{"href":"https:\/\/roveyayinevi.com.tr\/index.php\/wp-json\/wp\/v2\/types\/product"}],"wp:attachment":[{"href":"https:\/\/roveyayinevi.com.tr\/index.php\/wp-json\/wp\/v2\/media?parent=718060"}],"wp:term":[{"taxonomy":"product_brand","embeddable":true,"href":"https:\/\/roveyayinevi.com.tr\/index.php\/wp-json\/wp\/v2\/product_brand?post=718060"},{"taxonomy":"product_cat","embeddable":true,"href":"https:\/\/roveyayinevi.com.tr\/index.php\/wp-json\/wp\/v2\/product_cat?post=718060"},{"taxonomy":"product_tag","embeddable":true,"href":"https:\/\/roveyayinevi.com.tr\/index.php\/wp-json\/wp\/v2\/product_tag?post=718060"}],"curies":[{"name":"wp","href":"https:\/\/api.w.org\/{rel}","templated":true}]}}