{"id":718058,"date":"2025-08-27T18:03:40","date_gmt":"2025-08-27T15:03:40","guid":{"rendered":"https:\/\/roveyayinevi.com.tr\/index.php\/urun\/insancil-hukuk-cercevesinde-cocuk-askerler-sorunu\/"},"modified":"2026-04-16T02:26:18","modified_gmt":"2026-04-15T23:26:18","slug":"insancil-hukuk-cercevesinde-cocuk-askerler-sorunu","status":"publish","type":"product","link":"https:\/\/roveyayinevi.com.tr\/index.php\/urun\/insancil-hukuk-cercevesinde-cocuk-askerler-sorunu\/","title":{"rendered":"\u0130nsanc\u0131l Hukuk \u00c7er\u00e7evesinde \u00c7ocuk Askerler Sorunu"},"content":{"rendered":"<p>\u0130nsanc\u0131l Hukuk \u00c7er\u00e7evesinde \u00c7ocuk Askerler Sorunu<\/p>\n","protected":false},"excerpt":{"rendered":"<p>\u0130nsanc\u0131l Hukuk \u00c7er\u00e7evesinde \u00c7ocuk Askerler Sorunu<\/p>\n","protected":false},"featured_media":0,"template":"","meta":{"_monsterinsights_skip_tracking":false,"_monsterinsights_sitenote_active":false,"_monsterinsights_sitenote_note":"","_monsterinsights_sitenote_category":0},"product_brand":[],"product_cat":[15350,17602],"product_tag":[],"class_list":{"0":"post-718058","1":"product","2":"type-product","3":"status-publish","5":"product_cat-hukuk","6":"product_cat-hukuk-uzerine","7":"pa_cilt-ciltsiz","8":"pa_tur-kitap","9":"pa_yayinevi-astana-yayinlari","10":"pa_yazar-emine-akar","12":"first","13":"instock","14":"sale","15":"shipping-taxable","16":"purchasable","17":"product-type-simple"},"_links":{"self":[{"href":"https:\/\/roveyayinevi.com.tr\/index.php\/wp-json\/wp\/v2\/product\/718058","targetHints":{"allow":["GET"]}}],"collection":[{"href":"https:\/\/roveyayinevi.com.tr\/index.php\/wp-json\/wp\/v2\/product"}],"about":[{"href":"https:\/\/roveyayinevi.com.tr\/index.php\/wp-json\/wp\/v2\/types\/product"}],"wp:attachment":[{"href":"https:\/\/roveyayinevi.com.tr\/index.php\/wp-json\/wp\/v2\/media?parent=718058"}],"wp:term":[{"taxonomy":"product_brand","embeddable":true,"href":"https:\/\/roveyayinevi.com.tr\/index.php\/wp-json\/wp\/v2\/product_brand?post=718058"},{"taxonomy":"product_cat","embeddable":true,"href":"https:\/\/roveyayinevi.com.tr\/index.php\/wp-json\/wp\/v2\/product_cat?post=718058"},{"taxonomy":"product_tag","embeddable":true,"href":"https:\/\/roveyayinevi.com.tr\/index.php\/wp-json\/wp\/v2\/product_tag?post=718058"}],"curies":[{"name":"wp","href":"https:\/\/api.w.org\/{rel}","templated":true}]}}