{"id":718051,"date":"2025-08-27T18:03:36","date_gmt":"2025-08-27T15:03:36","guid":{"rendered":"https:\/\/roveyayinevi.com.tr\/index.php\/urun\/fransizca-dil-bilgisi\/"},"modified":"2026-04-16T02:26:18","modified_gmt":"2026-04-15T23:26:18","slug":"fransizca-dil-bilgisi","status":"publish","type":"product","link":"https:\/\/roveyayinevi.com.tr\/index.php\/urun\/fransizca-dil-bilgisi\/","title":{"rendered":"Frans\u0131zca Dil Bilgisi"},"content":{"rendered":"<p>B\u00fct\u00fcn konular\u0131n anlat\u0131m\u0131 , tablolar halinde g\u00f6sterimiFrans\u0131zca telafuz C\u00fcmle kurulu\u015flar\u0131 , birle\u015fik c\u00fcmleler ve kullan\u0131mlar\u0131\u0130sim ve s\u0131fatlar\u0131n b\u00fct\u00fcn kurallar\u0131B\u00fct\u00fcn zamirlerin kullan\u0131mlar\u0131 ve tablolar\u0131n  halinde g\u00f6sterimiS\u0131fat ve zamirlerin yerleri ve \u00f6rneklerle a\u00e7\u0131klamalar\u0131 Y ve en zamiriT\u00fcrk dilindeki en geni\u015f Frans\u0131zca edat \u00f6bekleri listesiB\u00fct\u00fcn fiilerin edatlarla kullan\u0131m\u0131n tablolarla g\u00f6tserimiFiillere dair kal\u0131plar , a\u00e7\u0131klamalar\u0131 , \u00f6rneklendirmeleriParticipe passe zaman uyumu , \u00f6rneklerle izah\u0131 \u0130sim fiil , zard fiili , s\u0131fat fiil b\u00fct\u00fcn kurallar\u0131 , \u00f6rneklerle g\u00f6sterimleri Fiil \u00e7ekim kurallar\u0131 ve fiil \u00e7ekimleri Kar\u0131\u015ft\u0131r\u0131lan b\u00fct\u00fcn konular\u0131n ayr\u0131ca ele al\u0131nmas\u0131 , \u00f6rnekler ve tablolarla izah\u0131<\/p>\n","protected":false},"excerpt":{"rendered":"<p>B\u00fct\u00fcn konular\u0131n anlat\u0131m\u0131 , tablolar halinde g\u00f6sterimiFrans\u0131zca telafuz C\u00fcmle kurulu\u015flar\u0131 , birle\u015fik c\u00fcmleler ve kullan\u0131mlar\u0131\u0130sim ve s\u0131fatlar\u0131n b\u00fct\u00fcn kurallar\u0131B\u00fct\u00fcn zamirlerin kullan\u0131mlar\u0131 ve tablolar\u0131n halinde g\u00f6sterimiS\u0131fat ve<span class=\"excerpt-hellip\"> [\u2026]<\/span><\/p>\n","protected":false},"featured_media":0,"template":"","meta":{"_monsterinsights_skip_tracking":false,"_monsterinsights_sitenote_active":false,"_monsterinsights_sitenote_note":"","_monsterinsights_sitenote_category":0},"product_brand":[],"product_cat":[14597,12566,35336],"product_tag":[],"class_list":{"0":"post-718051","1":"product","2":"type-product","3":"status-publish","5":"product_cat-dil-ogrenimi","6":"product_cat-egitim","7":"product_cat-fransizca","8":"pa_cilt-ciltsiz","9":"pa_tur-kitap","10":"pa_yayinevi-yeniyuz-yayinlari","11":"pa_yazar-kemal-celik","13":"first","14":"instock","15":"sale","16":"shipping-taxable","17":"purchasable","18":"product-type-simple"},"_links":{"self":[{"href":"https:\/\/roveyayinevi.com.tr\/index.php\/wp-json\/wp\/v2\/product\/718051","targetHints":{"allow":["GET"]}}],"collection":[{"href":"https:\/\/roveyayinevi.com.tr\/index.php\/wp-json\/wp\/v2\/product"}],"about":[{"href":"https:\/\/roveyayinevi.com.tr\/index.php\/wp-json\/wp\/v2\/types\/product"}],"wp:attachment":[{"href":"https:\/\/roveyayinevi.com.tr\/index.php\/wp-json\/wp\/v2\/media?parent=718051"}],"wp:term":[{"taxonomy":"product_brand","embeddable":true,"href":"https:\/\/roveyayinevi.com.tr\/index.php\/wp-json\/wp\/v2\/product_brand?post=718051"},{"taxonomy":"product_cat","embeddable":true,"href":"https:\/\/roveyayinevi.com.tr\/index.php\/wp-json\/wp\/v2\/product_cat?post=718051"},{"taxonomy":"product_tag","embeddable":true,"href":"https:\/\/roveyayinevi.com.tr\/index.php\/wp-json\/wp\/v2\/product_tag?post=718051"}],"curies":[{"name":"wp","href":"https:\/\/api.w.org\/{rel}","templated":true}]}}