{"id":718047,"date":"2025-08-27T18:03:34","date_gmt":"2025-08-27T15:03:34","guid":{"rendered":"https:\/\/roveyayinevi.com.tr\/index.php\/urun\/mevsimleri-kesfet-karistir-eslestir\/"},"modified":"2026-04-16T02:26:18","modified_gmt":"2026-04-15T23:26:18","slug":"mevsimleri-kesfet-karistir-eslestir","status":"publish","type":"product","link":"https:\/\/roveyayinevi.com.tr\/index.php\/urun\/mevsimleri-kesfet-karistir-eslestir\/","title":{"rendered":"Mevsimleri Ke\u015ffet-Kar\u0131\u015ft\u0131r E\u015fle\u015ftir"},"content":{"rendered":"<p>Mevsimleri en renkli ve g\u00fczel haliyle tan\u0131rken, kar\u0131\u015ft\u0131r- e\u015fle\u015ftir oynamaya ne dersin? Ba\u015f\u0131nda k\u0131\u015fl\u0131k bere, \u00fcst\u00fcnde sonbahar ya\u011fmurlu\u011fu olan bir \u00e7ocuk yaz\u0131n deniz kenar\u0131nda parmak aras\u0131 terlikle nas\u0131l g\u00f6r\u00fcn\u00fcr acaba? Haydi kar\u0131\u015ft\u0131r-e\u015fle\u015ftir! E\u011flen ve \u00f6\u011fren! \u00c7ocuklar\u0131n &#8211; G\u00f6rsel dikkat ve alg\u0131lar\u0131 &#8211; Kar\u015f\u0131la\u015ft\u0131rma ve ay\u0131rt etme yetenekleri &#8211; Farkl\u0131 d\u00fc\u015f\u00fcnme becerileri geli\u015fir.<\/p>\n","protected":false},"excerpt":{"rendered":"<p>Mevsimleri en renkli ve g\u00fczel haliyle tan\u0131rken, kar\u0131\u015ft\u0131r- e\u015fle\u015ftir oynamaya ne dersin? Ba\u015f\u0131nda k\u0131\u015fl\u0131k bere, \u00fcst\u00fcnde sonbahar ya\u011fmurlu\u011fu olan bir \u00e7ocuk yaz\u0131n deniz kenar\u0131nda parmak aras\u0131<span class=\"excerpt-hellip\"> [\u2026]<\/span><\/p>\n","protected":false},"featured_media":0,"template":"","meta":{"_monsterinsights_skip_tracking":false,"_monsterinsights_sitenote_active":false,"_monsterinsights_sitenote_note":"","_monsterinsights_sitenote_category":0},"product_brand":[],"product_cat":[12274,12518],"product_tag":[],"class_list":{"0":"post-718047","1":"product","2":"type-product","3":"status-publish","5":"product_cat-cocuk-ve-genclik-kitaplari","6":"product_cat-okul-oncesi-kitaplar","7":"pa_cilt-ciltsiz","8":"pa_tur-kitap","9":"pa_yayinevi-sincap-kitap","10":"pa_yazar-kolektif","12":"first","13":"instock","14":"sale","15":"shipping-taxable","16":"purchasable","17":"product-type-simple"},"_links":{"self":[{"href":"https:\/\/roveyayinevi.com.tr\/index.php\/wp-json\/wp\/v2\/product\/718047","targetHints":{"allow":["GET"]}}],"collection":[{"href":"https:\/\/roveyayinevi.com.tr\/index.php\/wp-json\/wp\/v2\/product"}],"about":[{"href":"https:\/\/roveyayinevi.com.tr\/index.php\/wp-json\/wp\/v2\/types\/product"}],"wp:attachment":[{"href":"https:\/\/roveyayinevi.com.tr\/index.php\/wp-json\/wp\/v2\/media?parent=718047"}],"wp:term":[{"taxonomy":"product_brand","embeddable":true,"href":"https:\/\/roveyayinevi.com.tr\/index.php\/wp-json\/wp\/v2\/product_brand?post=718047"},{"taxonomy":"product_cat","embeddable":true,"href":"https:\/\/roveyayinevi.com.tr\/index.php\/wp-json\/wp\/v2\/product_cat?post=718047"},{"taxonomy":"product_tag","embeddable":true,"href":"https:\/\/roveyayinevi.com.tr\/index.php\/wp-json\/wp\/v2\/product_tag?post=718047"}],"curies":[{"name":"wp","href":"https:\/\/api.w.org\/{rel}","templated":true}]}}