{"id":718045,"date":"2025-08-27T18:03:32","date_gmt":"2025-08-27T15:03:32","guid":{"rendered":"https:\/\/roveyayinevi.com.tr\/index.php\/urun\/meslekleri-kesfet-karistir-eslestir\/"},"modified":"2026-04-16T02:26:17","modified_gmt":"2026-04-15T23:26:17","slug":"meslekleri-kesfet-karistir-eslestir","status":"publish","type":"product","link":"https:\/\/roveyayinevi.com.tr\/index.php\/urun\/meslekleri-kesfet-karistir-eslestir\/","title":{"rendered":"Meslekleri Ke\u015ffet-Kar\u0131\u015ft\u0131r E\u015fle\u015ftir"},"content":{"rendered":"<p>Mesleklerin en e\u011flenceli halini tan\u0131rken, kar\u0131\u015ft\u0131r-e\u015fle\u015ftir oynamaya ne dersin? Boynunda stetoskopu olan bir doktor, elinde a\u015f\u00e7\u0131 kep\u00e7esiyle, aya\u011f\u0131nda itfaiyeci \u00e7izmesiyle nas\u0131l g\u00f6r\u00fcn\u00fcr acaba? Haydi kar\u0131\u015ft\u0131r-e\u015fle\u015ftir! E\u011flen ve \u00f6\u011fren! \u00c7ocuklar\u0131n &#8211; G\u00f6rsel dikkat ve alg\u0131lar\u0131 &#8211; Kar\u015f\u0131la\u015ft\u0131rma ve ay\u0131rt etme yetenekleri &#8211; Farkl\u0131 d\u00fc\u015f\u00fcnme becerileri geli\u015fir.<\/p>\n","protected":false},"excerpt":{"rendered":"<p>Mesleklerin en e\u011flenceli halini tan\u0131rken, kar\u0131\u015ft\u0131r-e\u015fle\u015ftir oynamaya ne dersin? Boynunda stetoskopu olan bir doktor, elinde a\u015f\u00e7\u0131 kep\u00e7esiyle, aya\u011f\u0131nda itfaiyeci \u00e7izmesiyle nas\u0131l g\u00f6r\u00fcn\u00fcr acaba? Haydi kar\u0131\u015ft\u0131r-e\u015fle\u015ftir! E\u011flen<span class=\"excerpt-hellip\"> [\u2026]<\/span><\/p>\n","protected":false},"featured_media":0,"template":"","meta":{"_monsterinsights_skip_tracking":false,"_monsterinsights_sitenote_active":false,"_monsterinsights_sitenote_note":"","_monsterinsights_sitenote_category":0},"product_brand":[],"product_cat":[12274,12518],"product_tag":[],"class_list":{"0":"post-718045","1":"product","2":"type-product","3":"status-publish","5":"product_cat-cocuk-ve-genclik-kitaplari","6":"product_cat-okul-oncesi-kitaplar","7":"pa_cilt-ciltsiz","8":"pa_tur-kitap","9":"pa_yayinevi-sincap-kitap","10":"pa_yazar-kollektif","12":"first","13":"instock","14":"sale","15":"shipping-taxable","16":"purchasable","17":"product-type-simple"},"_links":{"self":[{"href":"https:\/\/roveyayinevi.com.tr\/index.php\/wp-json\/wp\/v2\/product\/718045","targetHints":{"allow":["GET"]}}],"collection":[{"href":"https:\/\/roveyayinevi.com.tr\/index.php\/wp-json\/wp\/v2\/product"}],"about":[{"href":"https:\/\/roveyayinevi.com.tr\/index.php\/wp-json\/wp\/v2\/types\/product"}],"wp:attachment":[{"href":"https:\/\/roveyayinevi.com.tr\/index.php\/wp-json\/wp\/v2\/media?parent=718045"}],"wp:term":[{"taxonomy":"product_brand","embeddable":true,"href":"https:\/\/roveyayinevi.com.tr\/index.php\/wp-json\/wp\/v2\/product_brand?post=718045"},{"taxonomy":"product_cat","embeddable":true,"href":"https:\/\/roveyayinevi.com.tr\/index.php\/wp-json\/wp\/v2\/product_cat?post=718045"},{"taxonomy":"product_tag","embeddable":true,"href":"https:\/\/roveyayinevi.com.tr\/index.php\/wp-json\/wp\/v2\/product_tag?post=718045"}],"curies":[{"name":"wp","href":"https:\/\/api.w.org\/{rel}","templated":true}]}}