{"id":718042,"date":"2025-08-27T18:03:30","date_gmt":"2025-08-27T15:03:30","guid":{"rendered":"https:\/\/roveyayinevi.com.tr\/index.php\/urun\/herkes-kalbi-kadar-sever\/"},"modified":"2026-04-16T02:26:17","modified_gmt":"2026-04-15T23:26:17","slug":"herkes-kalbi-kadar-sever","status":"publish","type":"product","link":"https:\/\/roveyayinevi.com.tr\/index.php\/urun\/herkes-kalbi-kadar-sever\/","title":{"rendered":"Herkes Kalbi Kadar Sever"},"content":{"rendered":"<p>\u201cSen bana iyili\u011fe dair hi\u00e7bir \u015feye inanmad\u0131\u011f\u0131m \u015fu d\u00fcnyada kar\u015f\u0131l\u0131ks\u0131z iyilik yap\u0131labilece\u011fini \u00f6\u011frettin.\u201dKalbimin tam ortas\u0131nda b\u00fcy\u00fck bir a\u011fr\u0131 var. Fazlas\u0131yla ac\u0131 ya\u015fad\u0131m. Kendimi platonik bir a\u015fka kapt\u0131rd\u0131m. Ula\u015f\u0131lmaz bir sevda u\u011fruna hayat\u0131m\u0131 adad\u0131m.Ve i\u015fte, kaderin insan\u0131 bir noktadan ba\u015fka bir noktaya nas\u0131l ta\u015f\u0131d\u0131\u011f\u0131na bizzat \u015fahit oluyorum. \u015eimdi, daha \u00f6nce yolumun hi\u00e7 d\u00fc\u015fmedi\u011fi, i\u00e7erisinde tan\u0131d\u0131\u011f\u0131m tek bir insan simas\u0131 dahi bulunmayan bu \u015fehre, yabanc\u0131 g\u00f6zlerle ilk kez bakt\u0131\u011f\u0131mda hen\u00fcz yirmili ya\u015flar\u0131n ba\u015flar\u0131nda say\u0131l\u0131r\u0131m.Ya\u015fad\u0131\u011f\u0131m y\u0131llar\u0131n nas\u0131l ge\u00e7ti\u011fine dair en ufak bir fikrim bile yok. Fakat elimde tek bir kan\u0131t\u0131m var, o da \u015fu kalbim. Kalbimdeki derin izler anlatabiliyor ancak anlamas\u0131n\u0131 bilene ya\u015fad\u0131klar\u0131m\u0131&#8230;Saatler s\u00fcren bir otob\u00fcs yolculu\u011funun, yolda ge\u00e7irilen uykusuz bir gecenin, arkada b\u0131rak\u0131lan koskoca bir ge\u00e7mi\u015fin, gitmelerin, kalmalar\u0131n, d\u00fc\u015fmelerin ve nihayetinde yeniden aya\u011fa kalkman\u0131n hikayesi bu. Umutsuzluktan umuda, \u00e7aresizlikten huzura, Asl\u0131\u2019dan as\u0131la ge\u00e7i\u015fin hikayesi&#8230;<\/p>\n","protected":false},"excerpt":{"rendered":"<p>\u201cSen bana iyili\u011fe dair hi\u00e7bir \u015feye inanmad\u0131\u011f\u0131m \u015fu d\u00fcnyada kar\u015f\u0131l\u0131ks\u0131z iyilik yap\u0131labilece\u011fini \u00f6\u011frettin.\u201dKalbimin tam ortas\u0131nda b\u00fcy\u00fck bir a\u011fr\u0131 var. Fazlas\u0131yla ac\u0131 ya\u015fad\u0131m. Kendimi platonik bir a\u015fka<span class=\"excerpt-hellip\"> [\u2026]<\/span><\/p>\n","protected":false},"featured_media":0,"template":"","meta":{"_monsterinsights_skip_tracking":false,"_monsterinsights_sitenote_active":false,"_monsterinsights_sitenote_note":"","_monsterinsights_sitenote_category":0},"product_brand":[],"product_cat":[12291,12711],"product_tag":[],"class_list":{"0":"post-718042","1":"product","2":"type-product","3":"status-publish","5":"product_cat-edebiyat","6":"product_cat-roman-oyku","7":"pa_cilt-ciltsiz","8":"pa_tur-kitap","9":"pa_yayinevi-carpe-diem-kitaplari","10":"pa_yazar-oguzhan-celebi","12":"first","13":"instock","14":"sale","15":"shipping-taxable","16":"purchasable","17":"product-type-simple"},"_links":{"self":[{"href":"https:\/\/roveyayinevi.com.tr\/index.php\/wp-json\/wp\/v2\/product\/718042","targetHints":{"allow":["GET"]}}],"collection":[{"href":"https:\/\/roveyayinevi.com.tr\/index.php\/wp-json\/wp\/v2\/product"}],"about":[{"href":"https:\/\/roveyayinevi.com.tr\/index.php\/wp-json\/wp\/v2\/types\/product"}],"wp:attachment":[{"href":"https:\/\/roveyayinevi.com.tr\/index.php\/wp-json\/wp\/v2\/media?parent=718042"}],"wp:term":[{"taxonomy":"product_brand","embeddable":true,"href":"https:\/\/roveyayinevi.com.tr\/index.php\/wp-json\/wp\/v2\/product_brand?post=718042"},{"taxonomy":"product_cat","embeddable":true,"href":"https:\/\/roveyayinevi.com.tr\/index.php\/wp-json\/wp\/v2\/product_cat?post=718042"},{"taxonomy":"product_tag","embeddable":true,"href":"https:\/\/roveyayinevi.com.tr\/index.php\/wp-json\/wp\/v2\/product_tag?post=718042"}],"curies":[{"name":"wp","href":"https:\/\/api.w.org\/{rel}","templated":true}]}}