{"id":718041,"date":"2025-08-27T18:03:29","date_gmt":"2025-08-27T15:03:29","guid":{"rendered":"https:\/\/roveyayinevi.com.tr\/index.php\/urun\/hikayeci-fil\/"},"modified":"2026-04-16T02:26:17","modified_gmt":"2026-04-15T23:26:17","slug":"hikayeci-fil","status":"publish","type":"product","link":"https:\/\/roveyayinevi.com.tr\/index.php\/urun\/hikayeci-fil\/","title":{"rendered":"Hikayeci Fil"},"content":{"rendered":"<p>Fil Stan, hik\u00e2yeler anlatmay\u0131 \u00e7ok seviyor. Kimi g\u00f6rse bir hik\u00e2ye anlatmak istiyor. Ama hi\u00e7 kimsenin onu dinleyece\u011fi yok gibi\u2026 Herkes ondan ka\u00e7\u0131yor, kulaklar\u0131n\u0131 t\u0131k\u0131yor.Ama minicik bir kar\u0131nca, onun hik\u00e2yelerini dinlemeye pek merakl\u0131 sanki\u2026 Kocaman bir fil ve k\u00fc\u00e7\u00fcc\u00fck bir kar\u0131nca nas\u0131l dost olur dersiniz?\u201cHik\u00e2yeci Fil\u201d dostlu\u011fun, birbirini dinlemenin, anlaman\u0131n ve bize kar\u015f\u0131l\u0131kl\u0131 sevginin g\u00fczelliklerini sunan tatl\u0131 m\u0131 tatl\u0131 bir \u00f6yk\u00fc&#8230;<\/p>\n","protected":false},"excerpt":{"rendered":"<p>Fil Stan, hik\u00e2yeler anlatmay\u0131 \u00e7ok seviyor. Kimi g\u00f6rse bir hik\u00e2ye anlatmak istiyor. Ama hi\u00e7 kimsenin onu dinleyece\u011fi yok gibi\u2026 Herkes ondan ka\u00e7\u0131yor, kulaklar\u0131n\u0131 t\u0131k\u0131yor.Ama minicik bir<span class=\"excerpt-hellip\"> [\u2026]<\/span><\/p>\n","protected":false},"featured_media":0,"template":"","meta":{"_monsterinsights_skip_tracking":false,"_monsterinsights_sitenote_active":false,"_monsterinsights_sitenote_note":"","_monsterinsights_sitenote_category":0},"product_brand":[],"product_cat":[12274,12518],"product_tag":[],"class_list":{"0":"post-718041","1":"product","2":"type-product","3":"status-publish","5":"product_cat-cocuk-ve-genclik-kitaplari","6":"product_cat-okul-oncesi-kitaplar","7":"pa_cilt-ciltsiz","8":"pa_tur-kitap","9":"pa_yayinevi-timas-cocuk","10":"pa_yazar-manica-musil","12":"first","13":"instock","14":"sale","15":"shipping-taxable","16":"purchasable","17":"product-type-simple"},"_links":{"self":[{"href":"https:\/\/roveyayinevi.com.tr\/index.php\/wp-json\/wp\/v2\/product\/718041","targetHints":{"allow":["GET"]}}],"collection":[{"href":"https:\/\/roveyayinevi.com.tr\/index.php\/wp-json\/wp\/v2\/product"}],"about":[{"href":"https:\/\/roveyayinevi.com.tr\/index.php\/wp-json\/wp\/v2\/types\/product"}],"wp:attachment":[{"href":"https:\/\/roveyayinevi.com.tr\/index.php\/wp-json\/wp\/v2\/media?parent=718041"}],"wp:term":[{"taxonomy":"product_brand","embeddable":true,"href":"https:\/\/roveyayinevi.com.tr\/index.php\/wp-json\/wp\/v2\/product_brand?post=718041"},{"taxonomy":"product_cat","embeddable":true,"href":"https:\/\/roveyayinevi.com.tr\/index.php\/wp-json\/wp\/v2\/product_cat?post=718041"},{"taxonomy":"product_tag","embeddable":true,"href":"https:\/\/roveyayinevi.com.tr\/index.php\/wp-json\/wp\/v2\/product_tag?post=718041"}],"curies":[{"name":"wp","href":"https:\/\/api.w.org\/{rel}","templated":true}]}}