{"id":718039,"date":"2025-08-27T18:03:28","date_gmt":"2025-08-27T15:03:28","guid":{"rendered":"https:\/\/roveyayinevi.com.tr\/index.php\/urun\/einstein-gibi-dusunmek\/"},"modified":"2025-11-21T05:18:49","modified_gmt":"2025-11-21T02:18:49","slug":"einstein-gibi-dusunmek","status":"publish","type":"product","link":"https:\/\/roveyayinevi.com.tr\/index.php\/urun\/einstein-gibi-dusunmek\/","title":{"rendered":"Einstein Gibi D\u00fc\u015f\u00fcnmek"},"content":{"rendered":"<p>D\u00fc\u015f\u00fcncelerinize netlik kazand\u0131r\u0131n. Daha iyi kararlar al\u0131n. Sa\u011fduyunuzu keskinle\u015ftirin. Kal\u0131plar\u0131n d\u0131\u015f\u0131nda etkili ve yarat\u0131c\u0131 d\u00fc\u015f\u00fcnmeyi \u00f6\u011frenin.Durumlar\u0131, insanlar\u0131 ve verileri daha iyi analiz edin. Sorunlara yarat\u0131c\u0131 \u00e7\u00f6z\u00fcmler bulun.Einstein Gibi D\u00fc\u015f\u00fcnmek, ele\u015ftirel d\u00fc\u015f\u00fcnme becerinizi art\u0131rma, sezgi ve muhakemenizi geli\u015ftirme konusunda, do\u011frulu\u011fu bilimsel a\u00e7\u0131dan kan\u0131tlanm\u0131\u015f bir rehberdir. Sorunlar\u0131 kolayca \u00e7\u00f6zebilmek i\u00e7in meseleyi farkl\u0131 a\u00e7\u0131lardan inceleyip \u00f6nceden imk\u00e2ns\u0131z gibi g\u00f6r\u00fcnen \u00e7\u00f6z\u00fcmler \u00fcretebileceksiniz. Bu kitap sadece bir taktik listesi de\u011fildir; insan psikolojisi ve eylem modellerine y\u00fczde y\u00fcz uygulanabilir y\u00f6ntemlerle doludur.<\/p>\n","protected":false},"excerpt":{"rendered":"<p>D\u00fc\u015f\u00fcncelerinize netlik kazand\u0131r\u0131n. Daha iyi kararlar al\u0131n. Sa\u011fduyunuzu keskinle\u015ftirin. Kal\u0131plar\u0131n d\u0131\u015f\u0131nda etkili ve yarat\u0131c\u0131 d\u00fc\u015f\u00fcnmeyi \u00f6\u011frenin.Durumlar\u0131, insanlar\u0131 ve verileri daha iyi analiz edin. Sorunlara yarat\u0131c\u0131 \u00e7\u00f6z\u00fcmler<span class=\"excerpt-hellip\"> [\u2026]<\/span><\/p>\n","protected":false},"featured_media":0,"template":"","meta":{"_monsterinsights_skip_tracking":false,"_monsterinsights_sitenote_active":false,"_monsterinsights_sitenote_note":"","_monsterinsights_sitenote_category":0},"product_brand":[],"product_cat":[12364,12376],"product_tag":[],"class_list":{"0":"post-718039","1":"product","2":"type-product","3":"status-publish","5":"product_cat-genel-konular","6":"product_cat-kisisel-gelisim","7":"pa_cilt-ciltsiz","8":"pa_tur-kitap","9":"pa_yayinevi-marti-yayinlari","10":"pa_yazar-peter-hollins","12":"first","13":"instock","14":"sale","15":"shipping-taxable","16":"purchasable","17":"product-type-simple"},"_links":{"self":[{"href":"https:\/\/roveyayinevi.com.tr\/index.php\/wp-json\/wp\/v2\/product\/718039","targetHints":{"allow":["GET"]}}],"collection":[{"href":"https:\/\/roveyayinevi.com.tr\/index.php\/wp-json\/wp\/v2\/product"}],"about":[{"href":"https:\/\/roveyayinevi.com.tr\/index.php\/wp-json\/wp\/v2\/types\/product"}],"wp:attachment":[{"href":"https:\/\/roveyayinevi.com.tr\/index.php\/wp-json\/wp\/v2\/media?parent=718039"}],"wp:term":[{"taxonomy":"product_brand","embeddable":true,"href":"https:\/\/roveyayinevi.com.tr\/index.php\/wp-json\/wp\/v2\/product_brand?post=718039"},{"taxonomy":"product_cat","embeddable":true,"href":"https:\/\/roveyayinevi.com.tr\/index.php\/wp-json\/wp\/v2\/product_cat?post=718039"},{"taxonomy":"product_tag","embeddable":true,"href":"https:\/\/roveyayinevi.com.tr\/index.php\/wp-json\/wp\/v2\/product_tag?post=718039"}],"curies":[{"name":"wp","href":"https:\/\/api.w.org\/{rel}","templated":true}]}}