{"id":718036,"date":"2025-08-27T18:02:52","date_gmt":"2025-08-27T15:02:52","guid":{"rendered":"https:\/\/roveyayinevi.com.tr\/index.php\/urun\/denetimde-secme-konular\/"},"modified":"2026-04-16T02:26:17","modified_gmt":"2026-04-15T23:26:17","slug":"denetimde-secme-konular","status":"publish","type":"product","link":"https:\/\/roveyayinevi.com.tr\/index.php\/urun\/denetimde-secme-konular\/","title":{"rendered":"Denetimde Se\u00e7me Konular"},"content":{"rendered":"<p>Ba\u011f\u0131ms\u0131z Denetimin Tarihsel Geli\u015fimi ve T\u00fcrkiye A\u00e7\u0131s\u0131ndan \u0130ncelenmesi  Dr. \u00d6\u011fr. \u00dcyesi H\u00fcseyin TEM\u0130Z K\u00fcreselle\u015fme Sarmal\u0131nda \u015eirketlerin \u00c7\u0131kmaz\u0131 Yabanc\u0131 ve Yerli Denetim Firmas\u0131 Se\u00e7imi Bist Vaka \u00c7al\u0131\u015fmas\u0131  Dr. \u00d6\u011fr. \u00dcyesi B\u00fclent YILMAZ Ba\u011f\u0131ms\u0131z Denetim Uygulamalar\u0131 ve Kurumsal Y\u00f6netim Faaliyetleri Aras\u0131ndaki \u0130li\u015fkinin \u0130ncelenmesi  Dr. \u00d6\u011fr. \u00dcyesi \u00d6mer Faruk G\u00dcLE\u00c7 Denetimde Beklenti Bo\u015flu\u011fu Nedenleri ve Beklenti Bo\u015flu\u011funun Azalt\u0131lmas\u0131na \u0130li\u015fkin Yap\u0131lmas\u0131 Gereken D\u00fczenlemeler Dr. \u00d6\u011fr. \u00dcyesi Ahmet Fethi DURMU\u015e Ba\u011f\u0131ms\u0131z Denetim G\u00f6r\u00fc\u015f Yaz\u0131lar\u0131: Teori, Yasal D\u00fczenlemeler ve Borsa \u0130stanbul \u00d6rne\u011fi  Dr. \u00d6\u011fr. \u00dcyesi Merve ACAR Ba\u011f\u0131ms\u0131z Denetimde \u0130\u00e7 Kontrol Sistem Altyap\u0131s\u0131n\u0131n De\u011ferlendirilmesi  Dr. Nusret YAZICI Ba\u011f\u0131ms\u0131z Denetim Standard\u0131 701 &#8220;Kilit Denetim Konular\u0131n\u0131n Ba\u011f\u0131ms\u0131z Denet\u00e7i Raporunda Bildirilmesi&#8221; Standard\u0131n\u0131n Ba\u011f\u0131ms\u0131z Denetim Raporlar\u0131na Etkisi: T\u00fcrkiye-\u0130ngiltere Kar\u015f\u0131la\u015ft\u0131rmas\u0131  Dr. \u00d6\u011fr. \u00dcyesi \u00d6mer Faruk DEM\u0130RKOL Ara D\u00f6nem Finansal Tablolarda S\u0131n\u0131rl\u0131 Ba\u011f\u0131ms\u0131z Denetim: Bankac\u0131l\u0131k Sekt\u00f6r\u00fcnde Bir Durum Analizi  Dr. \u00d6\u011fr. \u00dcyesi B\u00fc\u015fra TOSUNO\u011eLU, Do\u00e7. Dr. Selim CENG\u0130Z <\/p>\n","protected":false},"excerpt":{"rendered":"<p>Ba\u011f\u0131ms\u0131z Denetimin Tarihsel Geli\u015fimi ve T\u00fcrkiye A\u00e7\u0131s\u0131ndan \u0130ncelenmesi Dr. \u00d6\u011fr. \u00dcyesi H\u00fcseyin TEM\u0130Z K\u00fcreselle\u015fme Sarmal\u0131nda \u015eirketlerin \u00c7\u0131kmaz\u0131 Yabanc\u0131 ve Yerli Denetim Firmas\u0131 Se\u00e7imi Bist Vaka \u00c7al\u0131\u015fmas\u0131<span class=\"excerpt-hellip\"> [\u2026]<\/span><\/p>\n","protected":false},"featured_media":0,"template":"","meta":{"_monsterinsights_skip_tracking":false,"_monsterinsights_sitenote_active":false,"_monsterinsights_sitenote_note":"","_monsterinsights_sitenote_category":0},"product_brand":[],"product_cat":[13043,17647],"product_tag":[],"class_list":{"0":"post-718036","1":"product","2":"type-product","3":"status-publish","5":"product_cat-ekonomi","6":"product_cat-is-dunyasi","7":"pa_cilt-ciltsiz","8":"pa_tur-kitap","9":"pa_yayinevi-gazi-kitabevi","10":"pa_yazar-ganite-kurt-serdar-ozdemir","12":"first","13":"instock","14":"sale","15":"shipping-taxable","16":"purchasable","17":"product-type-simple"},"_links":{"self":[{"href":"https:\/\/roveyayinevi.com.tr\/index.php\/wp-json\/wp\/v2\/product\/718036","targetHints":{"allow":["GET"]}}],"collection":[{"href":"https:\/\/roveyayinevi.com.tr\/index.php\/wp-json\/wp\/v2\/product"}],"about":[{"href":"https:\/\/roveyayinevi.com.tr\/index.php\/wp-json\/wp\/v2\/types\/product"}],"wp:attachment":[{"href":"https:\/\/roveyayinevi.com.tr\/index.php\/wp-json\/wp\/v2\/media?parent=718036"}],"wp:term":[{"taxonomy":"product_brand","embeddable":true,"href":"https:\/\/roveyayinevi.com.tr\/index.php\/wp-json\/wp\/v2\/product_brand?post=718036"},{"taxonomy":"product_cat","embeddable":true,"href":"https:\/\/roveyayinevi.com.tr\/index.php\/wp-json\/wp\/v2\/product_cat?post=718036"},{"taxonomy":"product_tag","embeddable":true,"href":"https:\/\/roveyayinevi.com.tr\/index.php\/wp-json\/wp\/v2\/product_tag?post=718036"}],"curies":[{"name":"wp","href":"https:\/\/api.w.org\/{rel}","templated":true}]}}