{"id":718034,"date":"2025-08-27T18:02:51","date_gmt":"2025-08-27T15:02:51","guid":{"rendered":"https:\/\/roveyayinevi.com.tr\/index.php\/urun\/martin-eden-9\/"},"modified":"2026-04-16T02:26:17","modified_gmt":"2026-04-15T23:26:17","slug":"martin-eden-9","status":"publish","type":"product","link":"https:\/\/roveyayinevi.com.tr\/index.php\/urun\/martin-eden-9\/","title":{"rendered":"Martin Eden"},"content":{"rendered":"<p>\u201cAncak ben, benim; kendi zevklerimi insano\u011flunun ortak h\u00fck\u00fcmlerinin yan\u0131nda geri plana atmayaca\u011f\u0131m.\u201dOtobiyografik \u00f6zellikler ta\u015f\u0131yan Martin Eden, Jack London\u2019\u0131n en \u00f6nemli ve \u00f6zg\u00fcn karakterlerinden biri say\u0131labilir. San Francisco&#8217;da ge\u00e7en bu roman, s\u0131radan bir denizciyken edebiyata ve a\u015fka dair hayallerinin pe\u015fine d\u00fc\u015ferek yepyeni bir hayata yelken a\u00e7an gen\u00e7 bir adam\u0131n hik\u00e2yesini anlat\u0131r. Peki, Martin Eden, hayal etti\u011fi her \u015feye sahip oldu\u011funda ger\u00e7ek mutlulu\u011fa da eri\u015febilecek midir?<\/p>\n","protected":false},"excerpt":{"rendered":"<p>\u201cAncak ben, benim; kendi zevklerimi insano\u011flunun ortak h\u00fck\u00fcmlerinin yan\u0131nda geri plana atmayaca\u011f\u0131m.\u201dOtobiyografik \u00f6zellikler ta\u015f\u0131yan Martin Eden, Jack London\u2019\u0131n en \u00f6nemli ve \u00f6zg\u00fcn karakterlerinden biri say\u0131labilir. San<span class=\"excerpt-hellip\"> [\u2026]<\/span><\/p>\n","protected":false},"featured_media":0,"template":"","meta":{"_monsterinsights_skip_tracking":false,"_monsterinsights_sitenote_active":false,"_monsterinsights_sitenote_note":"","_monsterinsights_sitenote_category":0},"product_brand":[],"product_cat":[12291,12711],"product_tag":[],"class_list":{"0":"post-718034","1":"product","2":"type-product","3":"status-publish","5":"product_cat-edebiyat","6":"product_cat-roman-oyku","7":"pa_cilt-ciltsiz","8":"pa_tur-kitap","9":"pa_yayinevi-bilgi-yayinevi","10":"pa_yazar-jack-london","12":"first","13":"instock","14":"sale","15":"shipping-taxable","16":"purchasable","17":"product-type-simple"},"_links":{"self":[{"href":"https:\/\/roveyayinevi.com.tr\/index.php\/wp-json\/wp\/v2\/product\/718034","targetHints":{"allow":["GET"]}}],"collection":[{"href":"https:\/\/roveyayinevi.com.tr\/index.php\/wp-json\/wp\/v2\/product"}],"about":[{"href":"https:\/\/roveyayinevi.com.tr\/index.php\/wp-json\/wp\/v2\/types\/product"}],"wp:attachment":[{"href":"https:\/\/roveyayinevi.com.tr\/index.php\/wp-json\/wp\/v2\/media?parent=718034"}],"wp:term":[{"taxonomy":"product_brand","embeddable":true,"href":"https:\/\/roveyayinevi.com.tr\/index.php\/wp-json\/wp\/v2\/product_brand?post=718034"},{"taxonomy":"product_cat","embeddable":true,"href":"https:\/\/roveyayinevi.com.tr\/index.php\/wp-json\/wp\/v2\/product_cat?post=718034"},{"taxonomy":"product_tag","embeddable":true,"href":"https:\/\/roveyayinevi.com.tr\/index.php\/wp-json\/wp\/v2\/product_tag?post=718034"}],"curies":[{"name":"wp","href":"https:\/\/api.w.org\/{rel}","templated":true}]}}