{"id":718033,"date":"2025-08-27T18:02:50","date_gmt":"2025-08-27T15:02:50","guid":{"rendered":"https:\/\/roveyayinevi.com.tr\/index.php\/urun\/efsane-degil-insanim\/"},"modified":"2026-02-03T02:40:25","modified_gmt":"2026-02-02T23:40:25","slug":"efsane-degil-insanim","status":"publish","type":"product","link":"https:\/\/roveyayinevi.com.tr\/index.php\/urun\/efsane-degil-insanim\/","title":{"rendered":"Efsane De\u011fil \u0130nsan\u0131m"},"content":{"rendered":"<p>&#8220;&#8230;Kitapta t\u00fcylerimi diken diken eden \u00e7ok yer var&#8230; Ama birisi var ki benimle ya\u015flanacak unutulmaz bir an\u0131.Brezilyal\u0131 S\u00f3crates\u2019e, Che\u2019ye olan hayranl\u0131\u011f\u0131n\u0131 sordum. Sigaras\u0131na derin bir nefesle y\u00fcklendi ve k\u0131s\u0131k g\u00f6zlerini dikti bana:\u2018Sen b\u0131rak Che\u2019yi&#8230; As\u0131l Che sizde&#8230; ATAT\u00dcRK&#8230;\u2019\u201d   (2012 Eyl\u00fcl, Sao Paulo)Serhan Asker, neredeyse tamam\u0131n\u0131 dola\u015ft\u0131\u011f\u0131 d\u00fcnyay\u0131 anlat\u0131rken yetenekleriyle, duru\u015flar\u0131yla t\u00fcm d\u00fcnyan\u0131n g\u00f6zbebe\u011fi olmu\u015f efsane sporculardan ve siyasetten ekonomiye bir\u00e7ok alandaki d\u00fcnya kahraman\u0131n\u0131n ba\u015far\u0131 \u00f6yk\u00fcs\u00fcnden s\u00f6z ediyor. Spordan edebiyata, felsefeden tarihe ve daha bir\u00e7ok alana uzanan bir yolculu\u011fun kap\u0131lar\u0131n\u0131 okuyucuya aral\u0131yor.Elinizdeki kitap, bir futbol kitab\u0131 olman\u0131n \u00e7ok \u00f6tesinde, sizi d\u00fcnyan\u0131n bir\u00e7ok \u00fclkesinde gezdirecek, o \u00fclkelerin tarihini, k\u00fclt\u00fcr\u00fcn\u00fc, sporcular\u0131n\u0131, bilim insanlar\u0131n\u0131, sanat\u00e7\u0131lar\u0131n\u0131 ve edebiyat\u00e7\u0131lar\u0131n\u0131 yan\u0131 ba\u015f\u0131n\u0131zda hissetmenizi sa\u011flayacak bir hazine niteli\u011finde.<\/p>\n","protected":false},"excerpt":{"rendered":"<p>&#8220;&#8230;Kitapta t\u00fcylerimi diken diken eden \u00e7ok yer var&#8230; Ama birisi var ki benimle ya\u015flanacak unutulmaz bir an\u0131.Brezilyal\u0131 S\u00f3crates\u2019e, Che\u2019ye olan hayranl\u0131\u011f\u0131n\u0131 sordum. Sigaras\u0131na derin bir nefesle<span class=\"excerpt-hellip\"> [\u2026]<\/span><\/p>\n","protected":false},"featured_media":0,"template":"","meta":{"_monsterinsights_skip_tracking":false,"_monsterinsights_sitenote_active":false,"_monsterinsights_sitenote_note":"","_monsterinsights_sitenote_category":0},"product_brand":[],"product_cat":[13701,12291],"product_tag":[],"class_list":{"0":"post-718033","1":"product","2":"type-product","3":"status-publish","5":"product_cat-ani-mektup-gunluk","6":"product_cat-edebiyat","7":"pa_cilt-ciltsiz","8":"pa_tur-kitap","9":"pa_yayinevi-bilgi-yayinevi","10":"pa_yazar-serhan-asker","12":"first","13":"instock","14":"sale","15":"shipping-taxable","16":"purchasable","17":"product-type-simple"},"_links":{"self":[{"href":"https:\/\/roveyayinevi.com.tr\/index.php\/wp-json\/wp\/v2\/product\/718033","targetHints":{"allow":["GET"]}}],"collection":[{"href":"https:\/\/roveyayinevi.com.tr\/index.php\/wp-json\/wp\/v2\/product"}],"about":[{"href":"https:\/\/roveyayinevi.com.tr\/index.php\/wp-json\/wp\/v2\/types\/product"}],"wp:attachment":[{"href":"https:\/\/roveyayinevi.com.tr\/index.php\/wp-json\/wp\/v2\/media?parent=718033"}],"wp:term":[{"taxonomy":"product_brand","embeddable":true,"href":"https:\/\/roveyayinevi.com.tr\/index.php\/wp-json\/wp\/v2\/product_brand?post=718033"},{"taxonomy":"product_cat","embeddable":true,"href":"https:\/\/roveyayinevi.com.tr\/index.php\/wp-json\/wp\/v2\/product_cat?post=718033"},{"taxonomy":"product_tag","embeddable":true,"href":"https:\/\/roveyayinevi.com.tr\/index.php\/wp-json\/wp\/v2\/product_tag?post=718033"}],"curies":[{"name":"wp","href":"https:\/\/api.w.org\/{rel}","templated":true}]}}