{"id":718032,"date":"2025-08-27T18:02:49","date_gmt":"2025-08-27T15:02:49","guid":{"rendered":"https:\/\/roveyayinevi.com.tr\/index.php\/urun\/intibah-uyanis\/"},"modified":"2026-04-16T02:26:17","modified_gmt":"2026-04-15T23:26:17","slug":"intibah-uyanis","status":"publish","type":"product","link":"https:\/\/roveyayinevi.com.tr\/index.php\/urun\/intibah-uyanis\/","title":{"rendered":"\u0130ntibah (Uyan\u0131\u015f)"},"content":{"rendered":"<p>Edebiyat\u0131m\u0131zdaki ilk edebi roman olarak kabul g\u00f6ren \u0130ntibah, T\u00fcrk edebiyat, d\u00fc\u015f\u00fcnce, siyaset tarihinin \u00f6nde gelen ki\u015filiklerinden biri olan, vatan ve h\u00fcrriyet \u015fairi Nam\u0131k Kemal taraf\u0131ndan yaz\u0131lm\u0131\u015f, ilk bask\u0131s\u0131 1876 y\u0131l\u0131nda yap\u0131lm\u0131\u015ft\u0131r.Nam\u0131k Kemal, bu romanda Bat\u0131l\u0131 romanc\u0131lara \u00f6zg\u00fc bir betimleme ve tahlil y\u00f6ntemi ortaya koymu\u015ftur. Bug\u00fcn bizim i\u00e7in \u0130ntibah roman\u0131n\u0131n de\u011feri, eski T\u00fcrk edebiyat\u0131na kar\u015f\u0131 yeni bir edebiyat giri\u015fimi olarak tarihimizde yer almas\u0131d\u0131r. Bilgi Yay\u0131nevi, \u0130ntibah\u2019\u0131 g\u00fcn\u00fcm\u00fcz T\u00fcrk\u00e7esi ile haz\u0131rlayarak zaman\u0131n sisleri i\u00e7inden \u00e7\u0131kar\u0131p okurla bulu\u015fturuyor.<\/p>\n","protected":false},"excerpt":{"rendered":"<p>Edebiyat\u0131m\u0131zdaki ilk edebi roman olarak kabul g\u00f6ren \u0130ntibah, T\u00fcrk edebiyat, d\u00fc\u015f\u00fcnce, siyaset tarihinin \u00f6nde gelen ki\u015filiklerinden biri olan, vatan ve h\u00fcrriyet \u015fairi Nam\u0131k Kemal taraf\u0131ndan yaz\u0131lm\u0131\u015f,<span class=\"excerpt-hellip\"> [\u2026]<\/span><\/p>\n","protected":false},"featured_media":0,"template":"","meta":{"_monsterinsights_skip_tracking":false,"_monsterinsights_sitenote_active":false,"_monsterinsights_sitenote_note":"","_monsterinsights_sitenote_category":0},"product_brand":[],"product_cat":[12291,12711],"product_tag":[],"class_list":{"0":"post-718032","1":"product","2":"type-product","3":"status-publish","5":"product_cat-edebiyat","6":"product_cat-roman-oyku","7":"pa_cilt-ciltsiz","8":"pa_tur-kitap","9":"pa_yayinevi-bilgi-yayinevi","10":"pa_yazar-namik-kemal","12":"first","13":"instock","14":"sale","15":"shipping-taxable","16":"purchasable","17":"product-type-simple"},"_links":{"self":[{"href":"https:\/\/roveyayinevi.com.tr\/index.php\/wp-json\/wp\/v2\/product\/718032","targetHints":{"allow":["GET"]}}],"collection":[{"href":"https:\/\/roveyayinevi.com.tr\/index.php\/wp-json\/wp\/v2\/product"}],"about":[{"href":"https:\/\/roveyayinevi.com.tr\/index.php\/wp-json\/wp\/v2\/types\/product"}],"wp:attachment":[{"href":"https:\/\/roveyayinevi.com.tr\/index.php\/wp-json\/wp\/v2\/media?parent=718032"}],"wp:term":[{"taxonomy":"product_brand","embeddable":true,"href":"https:\/\/roveyayinevi.com.tr\/index.php\/wp-json\/wp\/v2\/product_brand?post=718032"},{"taxonomy":"product_cat","embeddable":true,"href":"https:\/\/roveyayinevi.com.tr\/index.php\/wp-json\/wp\/v2\/product_cat?post=718032"},{"taxonomy":"product_tag","embeddable":true,"href":"https:\/\/roveyayinevi.com.tr\/index.php\/wp-json\/wp\/v2\/product_tag?post=718032"}],"curies":[{"name":"wp","href":"https:\/\/api.w.org\/{rel}","templated":true}]}}