{"id":718031,"date":"2025-08-27T18:02:49","date_gmt":"2025-08-27T15:02:49","guid":{"rendered":"https:\/\/roveyayinevi.com.tr\/index.php\/urun\/baba-savas-ne-demek\/"},"modified":"2026-04-16T02:26:17","modified_gmt":"2026-04-15T23:26:17","slug":"baba-savas-ne-demek","status":"publish","type":"product","link":"https:\/\/roveyayinevi.com.tr\/index.php\/urun\/baba-savas-ne-demek\/","title":{"rendered":"Baba ,Sava\u015f Ne Demek?"},"content":{"rendered":"<p>Bar\u0131\u015fa ko\u015fmak i\u00e7in sava\u015f\u0131n y\u0131k\u0131c\u0131l\u0131\u011f\u0131n\u0131 g\u00f6rmek gerekebilir.A\u015fk\u0131n G\u00fcng\u00f6r, Baba Sava\u015f Ne Demek adl\u0131 kitab\u0131nda bunu ba\u015farmaya \u00e7al\u0131\u015f\u0131yor.Babas\u0131n\u0131n g\u00f6zlerinde hem sevgi denen kanatl\u0131 ar\u0131y\u0131 hem de sava\u015f denen \u00e7ok di\u015fli yarat\u0131\u011f\u0131 g\u00f6ren k\u00fc\u00e7\u00fck bir k\u0131z\u0131n masumiyetine tan\u0131k olmak i\u00e7in&#8230;\u0130nsans\u0131z d\u00fcnyada can bulan e\u015fyalar\u0131n hayat\u0131 sorgulamas\u0131n\u0131 g\u00f6zlemek i\u00e7in&#8230;Sadece a\u011fa\u00e7larla g\u00f6lgelerinin de\u011fil, g\u00fcvercinlerin ve do\u011fan\u0131n kendisinin de bar\u0131\u015fa duydu\u011fu \u00f6zlemi izlemek i\u00e7in&#8230;Eski zamanlardan bug\u00fcne bar\u0131\u015f\u0131n mesaj\u0131n\u0131 getiren bir yapay zek\u00e2n\u0131n yakar\u0131\u015flar\u0131n\u0131 dinlemek i\u00e7in&#8230;Bar\u0131\u015f\u0131 t\u00fcm d\u00fcnyada m\u00fcmk\u00fcn k\u0131lmak i\u00e7in&#8230;<\/p>\n","protected":false},"excerpt":{"rendered":"<p>Bar\u0131\u015fa ko\u015fmak i\u00e7in sava\u015f\u0131n y\u0131k\u0131c\u0131l\u0131\u011f\u0131n\u0131 g\u00f6rmek gerekebilir.A\u015fk\u0131n G\u00fcng\u00f6r, Baba Sava\u015f Ne Demek adl\u0131 kitab\u0131nda bunu ba\u015farmaya \u00e7al\u0131\u015f\u0131yor.Babas\u0131n\u0131n g\u00f6zlerinde hem sevgi denen kanatl\u0131 ar\u0131y\u0131 hem de sava\u015f<span class=\"excerpt-hellip\"> [\u2026]<\/span><\/p>\n","protected":false},"featured_media":0,"template":"","meta":{"_monsterinsights_skip_tracking":false,"_monsterinsights_sitenote_active":false,"_monsterinsights_sitenote_note":"","_monsterinsights_sitenote_category":0},"product_brand":[],"product_cat":[12274,12284],"product_tag":[],"class_list":{"0":"post-718031","1":"product","2":"type-product","3":"status-publish","5":"product_cat-cocuk-ve-genclik-kitaplari","6":"product_cat-hikayeler","7":"pa_cilt-ciltsiz","8":"pa_tur-kitap","9":"pa_yayinevi-bilgi-yayinevi","10":"pa_yazar-askin-gungor","12":"first","13":"instock","14":"sale","15":"shipping-taxable","16":"purchasable","17":"product-type-simple"},"_links":{"self":[{"href":"https:\/\/roveyayinevi.com.tr\/index.php\/wp-json\/wp\/v2\/product\/718031","targetHints":{"allow":["GET"]}}],"collection":[{"href":"https:\/\/roveyayinevi.com.tr\/index.php\/wp-json\/wp\/v2\/product"}],"about":[{"href":"https:\/\/roveyayinevi.com.tr\/index.php\/wp-json\/wp\/v2\/types\/product"}],"wp:attachment":[{"href":"https:\/\/roveyayinevi.com.tr\/index.php\/wp-json\/wp\/v2\/media?parent=718031"}],"wp:term":[{"taxonomy":"product_brand","embeddable":true,"href":"https:\/\/roveyayinevi.com.tr\/index.php\/wp-json\/wp\/v2\/product_brand?post=718031"},{"taxonomy":"product_cat","embeddable":true,"href":"https:\/\/roveyayinevi.com.tr\/index.php\/wp-json\/wp\/v2\/product_cat?post=718031"},{"taxonomy":"product_tag","embeddable":true,"href":"https:\/\/roveyayinevi.com.tr\/index.php\/wp-json\/wp\/v2\/product_tag?post=718031"}],"curies":[{"name":"wp","href":"https:\/\/api.w.org\/{rel}","templated":true}]}}