{"id":718028,"date":"2025-08-27T18:02:46","date_gmt":"2025-08-27T15:02:46","guid":{"rendered":"https:\/\/roveyayinevi.com.tr\/index.php\/urun\/adayimizsin-hayrettin\/"},"modified":"2026-04-16T02:26:17","modified_gmt":"2026-04-15T23:26:17","slug":"adayimizsin-hayrettin","status":"publish","type":"product","link":"https:\/\/roveyayinevi.com.tr\/index.php\/urun\/adayimizsin-hayrettin\/","title":{"rendered":"Aday\u0131m\u0131zs\u0131n Hayrettin"},"content":{"rendered":"<p>\u201cG\u00fclmece\u201d malzemesi bol bir \u00fclkede ya\u015f\u0131yoruz. Muzaffer \u0130zg\u00fc, bu malzemeyi, bize ra\u011fmen bizim i\u00e7in kullanmay\u0131 ba\u015faran yazarlar\u0131m\u0131zdan biri. On milyonu bulan okuru i\u00e7in t\u00fckenmek bilmeyen enerjisiyle y\u00fczlerce kitap \u00fcreten \u0130zg\u00fc ad\u0131na, Bilgi Yay\u0131nevi\u2019nin d\u00fczenledi\u011fi g\u00fclmece \u00f6yk\u00fc yar\u0131\u015fmas\u0131n\u0131n ikinci \u00f6d\u00fcl\u00fcn\u00fc Af\u015far \u00c7elik kazand\u0131. Edebiyat\u0131m\u0131z da bir \u201csivri u\u00e7lu kalem\u201d daha kazanm\u0131\u015f oldu.<\/p>\n","protected":false},"excerpt":{"rendered":"<p>\u201cG\u00fclmece\u201d malzemesi bol bir \u00fclkede ya\u015f\u0131yoruz. Muzaffer \u0130zg\u00fc, bu malzemeyi, bize ra\u011fmen bizim i\u00e7in kullanmay\u0131 ba\u015faran yazarlar\u0131m\u0131zdan biri. On milyonu bulan okuru i\u00e7in t\u00fckenmek bilmeyen enerjisiyle<span class=\"excerpt-hellip\"> [\u2026]<\/span><\/p>\n","protected":false},"featured_media":0,"template":"","meta":{"_monsterinsights_skip_tracking":false,"_monsterinsights_sitenote_active":false,"_monsterinsights_sitenote_note":"","_monsterinsights_sitenote_category":0},"product_brand":[],"product_cat":[12291,14825],"product_tag":[],"class_list":{"0":"post-718028","1":"product","2":"type-product","3":"status-publish","5":"product_cat-edebiyat","6":"product_cat-mizah","7":"pa_cilt-ciltsiz","8":"pa_tur-kitap","9":"pa_yayinevi-bilgi-yayinevi","10":"pa_yazar-afsar-celik","12":"first","13":"instock","14":"sale","15":"shipping-taxable","16":"purchasable","17":"product-type-simple"},"_links":{"self":[{"href":"https:\/\/roveyayinevi.com.tr\/index.php\/wp-json\/wp\/v2\/product\/718028","targetHints":{"allow":["GET"]}}],"collection":[{"href":"https:\/\/roveyayinevi.com.tr\/index.php\/wp-json\/wp\/v2\/product"}],"about":[{"href":"https:\/\/roveyayinevi.com.tr\/index.php\/wp-json\/wp\/v2\/types\/product"}],"wp:attachment":[{"href":"https:\/\/roveyayinevi.com.tr\/index.php\/wp-json\/wp\/v2\/media?parent=718028"}],"wp:term":[{"taxonomy":"product_brand","embeddable":true,"href":"https:\/\/roveyayinevi.com.tr\/index.php\/wp-json\/wp\/v2\/product_brand?post=718028"},{"taxonomy":"product_cat","embeddable":true,"href":"https:\/\/roveyayinevi.com.tr\/index.php\/wp-json\/wp\/v2\/product_cat?post=718028"},{"taxonomy":"product_tag","embeddable":true,"href":"https:\/\/roveyayinevi.com.tr\/index.php\/wp-json\/wp\/v2\/product_tag?post=718028"}],"curies":[{"name":"wp","href":"https:\/\/api.w.org\/{rel}","templated":true}]}}