{"id":718025,"date":"2025-08-27T18:02:44","date_gmt":"2025-08-27T15:02:44","guid":{"rendered":"https:\/\/roveyayinevi.com.tr\/index.php\/urun\/efsuncu-baba-2\/"},"modified":"2026-04-13T02:32:43","modified_gmt":"2026-04-12T23:32:43","slug":"efsuncu-baba-2","status":"publish","type":"product","link":"https:\/\/roveyayinevi.com.tr\/index.php\/urun\/efsuncu-baba-2\/","title":{"rendered":"Efsuncu Baba"},"content":{"rendered":"<p>\u201c\u0130nsan u\u011fursuzluklardan ka\u00e7\u0131p rahat ya\u015fayabilmek i\u00e7in do\u011fan\u0131n uyar\u0131lar\u0131n\u0131 anlayarak her fiil ve hareketini \u2018u\u011fur\u2019 \u00e7er\u00e7evesine uydurmaya \u00e7al\u0131\u015fmal\u0131d\u0131r; yoksa peri\u015fan olur.\u201dT\u00fcrk edebiyat\u0131na bir\u00e7ok \u00f6nemli eser kazand\u0131ran, romanlar\u0131 g\u00fcn\u00fcm\u00fczde de de\u011ferini ve \u00f6zg\u00fcnl\u00fc\u011f\u00fcn\u00fc koruyan H\u00fcseyin Rahmi G\u00fcrp\u0131nar, toplumun \u00e7e\u015fitli s\u0131n\u0131f ve tabakalar\u0131na mensup ki\u015filerin belirli \u00f6zelliklerini ustal\u0131kla ortaya koyar, olaylar\u0131 abart\u0131l\u0131 olmayan bir g\u00fcld\u00fcr\u00fc ve anlat\u0131m rahatl\u0131\u011f\u0131yla okuyucuya sunar.\u0130stanbul\u2019un Binbirdirek semtinde ipek ve iplik e\u011firen kendi halinde iki gen\u00e7 Ermeni delikanl\u0131n\u0131n yarenli\u011fiyle ba\u015flayan Efsuncu Baba\u2019da, delikanl\u0131lar\u0131n kendi \u015fiveleriyle ger\u00e7ekle\u015ftirdikleri konu\u015fmalar\u0131na tan\u0131kl\u0131k ettikten sonra bat\u0131l inan\u00e7lar\u0131n esiri olmu\u015f as\u0131l kahraman Efsuncu Baba Eb\u00fclfaz\u0131l Enveri Efendi\u2019nin olmad\u0131k ser\u00fcvenine dalacaks\u0131n\u0131z.<\/p>\n","protected":false},"excerpt":{"rendered":"<p>\u201c\u0130nsan u\u011fursuzluklardan ka\u00e7\u0131p rahat ya\u015fayabilmek i\u00e7in do\u011fan\u0131n uyar\u0131lar\u0131n\u0131 anlayarak her fiil ve hareketini \u2018u\u011fur\u2019 \u00e7er\u00e7evesine uydurmaya \u00e7al\u0131\u015fmal\u0131d\u0131r; yoksa peri\u015fan olur.\u201dT\u00fcrk edebiyat\u0131na bir\u00e7ok \u00f6nemli eser kazand\u0131ran, romanlar\u0131<span class=\"excerpt-hellip\"> [\u2026]<\/span><\/p>\n","protected":false},"featured_media":0,"template":"","meta":{"_monsterinsights_skip_tracking":false,"_monsterinsights_sitenote_active":false,"_monsterinsights_sitenote_note":"","_monsterinsights_sitenote_category":0},"product_brand":[],"product_cat":[12291,12711],"product_tag":[],"class_list":{"0":"post-718025","1":"product","2":"type-product","3":"status-publish","5":"product_cat-edebiyat","6":"product_cat-roman-oyku","7":"pa_cilt-ciltsiz","8":"pa_tur-kitap","9":"pa_yayinevi-bilgi-yayinevi","10":"pa_yazar-huseyin-rahmi-gurpinar","12":"first","13":"instock","14":"sale","15":"shipping-taxable","16":"purchasable","17":"product-type-simple"},"_links":{"self":[{"href":"https:\/\/roveyayinevi.com.tr\/index.php\/wp-json\/wp\/v2\/product\/718025","targetHints":{"allow":["GET"]}}],"collection":[{"href":"https:\/\/roveyayinevi.com.tr\/index.php\/wp-json\/wp\/v2\/product"}],"about":[{"href":"https:\/\/roveyayinevi.com.tr\/index.php\/wp-json\/wp\/v2\/types\/product"}],"wp:attachment":[{"href":"https:\/\/roveyayinevi.com.tr\/index.php\/wp-json\/wp\/v2\/media?parent=718025"}],"wp:term":[{"taxonomy":"product_brand","embeddable":true,"href":"https:\/\/roveyayinevi.com.tr\/index.php\/wp-json\/wp\/v2\/product_brand?post=718025"},{"taxonomy":"product_cat","embeddable":true,"href":"https:\/\/roveyayinevi.com.tr\/index.php\/wp-json\/wp\/v2\/product_cat?post=718025"},{"taxonomy":"product_tag","embeddable":true,"href":"https:\/\/roveyayinevi.com.tr\/index.php\/wp-json\/wp\/v2\/product_tag?post=718025"}],"curies":[{"name":"wp","href":"https:\/\/api.w.org\/{rel}","templated":true}]}}