{"id":718024,"date":"2025-08-27T18:02:44","date_gmt":"2025-08-27T15:02:44","guid":{"rendered":"https:\/\/roveyayinevi.com.tr\/index.php\/urun\/torbadaki-maksim-gorki\/"},"modified":"2026-04-16T02:26:17","modified_gmt":"2026-04-15T23:26:17","slug":"torbadaki-maksim-gorki","status":"publish","type":"product","link":"https:\/\/roveyayinevi.com.tr\/index.php\/urun\/torbadaki-maksim-gorki\/","title":{"rendered":"Torbadaki Maksim Gorki"},"content":{"rendered":"<p>Kente iki yazar gelir de g\u00f6revlinin yak\u0131n\u0131 kitap imzalatmaz m\u0131yd\u0131? Elini torbaya dald\u0131rd\u0131, kurdeleyle ba\u011flanm\u0131\u015f d\u00f6rt Maksim Gorki kitab\u0131 \u00e7\u0131kard\u0131. Bir erkek yazara, bir kad\u0131n yazara bakt\u0131. Yeniden erkek yazara d\u00f6n\u00fcp, \u201cMaksim Gorki sizsiniz, anlad\u0131m da\u201d dedi, \u201cyan\u0131n\u0131zdaki yazar kim?\u201d<\/p>\n","protected":false},"excerpt":{"rendered":"<p>Kente iki yazar gelir de g\u00f6revlinin yak\u0131n\u0131 kitap imzalatmaz m\u0131yd\u0131? Elini torbaya dald\u0131rd\u0131, kurdeleyle ba\u011flanm\u0131\u015f d\u00f6rt Maksim Gorki kitab\u0131 \u00e7\u0131kard\u0131. Bir erkek yazara, bir kad\u0131n yazara<span class=\"excerpt-hellip\"> [\u2026]<\/span><\/p>\n","protected":false},"featured_media":0,"template":"","meta":{"_monsterinsights_skip_tracking":false,"_monsterinsights_sitenote_active":false,"_monsterinsights_sitenote_note":"","_monsterinsights_sitenote_category":0},"product_brand":[],"product_cat":[12291,14825],"product_tag":[],"class_list":{"0":"post-718024","1":"product","2":"type-product","3":"status-publish","5":"product_cat-edebiyat","6":"product_cat-mizah","7":"pa_cilt-ciltsiz","8":"pa_tur-kitap","9":"pa_yayinevi-bilgi-yayinevi","10":"pa_yazar-esref-karadag","12":"first","13":"instock","14":"sale","15":"shipping-taxable","16":"purchasable","17":"product-type-simple"},"_links":{"self":[{"href":"https:\/\/roveyayinevi.com.tr\/index.php\/wp-json\/wp\/v2\/product\/718024","targetHints":{"allow":["GET"]}}],"collection":[{"href":"https:\/\/roveyayinevi.com.tr\/index.php\/wp-json\/wp\/v2\/product"}],"about":[{"href":"https:\/\/roveyayinevi.com.tr\/index.php\/wp-json\/wp\/v2\/types\/product"}],"wp:attachment":[{"href":"https:\/\/roveyayinevi.com.tr\/index.php\/wp-json\/wp\/v2\/media?parent=718024"}],"wp:term":[{"taxonomy":"product_brand","embeddable":true,"href":"https:\/\/roveyayinevi.com.tr\/index.php\/wp-json\/wp\/v2\/product_brand?post=718024"},{"taxonomy":"product_cat","embeddable":true,"href":"https:\/\/roveyayinevi.com.tr\/index.php\/wp-json\/wp\/v2\/product_cat?post=718024"},{"taxonomy":"product_tag","embeddable":true,"href":"https:\/\/roveyayinevi.com.tr\/index.php\/wp-json\/wp\/v2\/product_tag?post=718024"}],"curies":[{"name":"wp","href":"https:\/\/api.w.org\/{rel}","templated":true}]}}