{"id":718020,"date":"2025-08-27T18:02:41","date_gmt":"2025-08-27T15:02:41","guid":{"rendered":"https:\/\/roveyayinevi.com.tr\/index.php\/urun\/tehcirin-ardindan\/"},"modified":"2026-04-16T02:26:17","modified_gmt":"2026-04-15T23:26:17","slug":"tehcirin-ardindan","status":"publish","type":"product","link":"https:\/\/roveyayinevi.com.tr\/index.php\/urun\/tehcirin-ardindan\/","title":{"rendered":"Tehcirin Ard\u0131ndan"},"content":{"rendered":"<p>19. y\u00fczy\u0131l\u0131n ikinci yar\u0131s\u0131ndan itibaren as\u0131rlard\u0131r bir arada huzur i\u00e7inde ya\u015fayan T\u00fcrkler ve Ermenilerin aras\u0131, y\u00f6neten ve y\u00f6netilen ili\u015fkisi ba\u011flam\u0131nda bozulmaya ba\u015flad\u0131. Bu bozulman\u0131n zirvesi de I. D\u00fcnya Sava\u015f\u0131 y\u0131llar\u0131 oldu. \u015eartlar\u0131n zorlamas\u0131 ile al\u0131nan tehcir karar\u0131 ve ard\u0131ndan ortaya \u00e7\u0131kan meseleler, T\u00fcrk-Ermeni ili\u015fkilerini bir anlamda ge\u00e7mi\u015ften g\u00fcn\u00fcm\u00fcze esir ald\u0131. Tarih ile beraber iki toplum da 1915\u2019e hapsedildi. Bu ba\u011flamda ne as\u0131rlar boyu s\u00fcre getirilmi\u015f birikim ve ne de sava\u015f sonras\u0131 ya\u015fananlar yeterince g\u00fcndeme geldi.\u00c7al\u0131\u015fmam\u0131za konu olan bu eser, tarihin hapsedildi\u011fi bu d\u00f6nemi yani 1915 ve ard\u0131ndan ortaya \u00e7\u0131kan meseleleri, bunlar\u0131 \u00e7\u00f6zmek i\u00e7in yap\u0131lan uygulamalar\u0131 ana hatlar\u0131yla ele almak i\u00e7in haz\u0131rland\u0131. Yak\u0131n d\u00f6neme kadar yaln\u0131zca tehcir ba\u011flam\u0131nda ele al\u0131nan konu, \u015fahs\u0131m\u0131n da akademik katk\u0131lar\u0131yla daha sonra di\u011fer meseleler a\u00e7\u0131s\u0131ndan da incelenmeye ba\u015fland\u0131. Kimsesiz Ermeni \u00e7ocuk ve kad\u0131nlar\u0131, tehcir edilip g\u00f6\u00e7 alanlar\u0131nda isk\u00e2n edilen Ermenilerin tekrar evlerine d\u00f6n\u00fc\u015f\u00fc ve bunlara ait mallar meselesi bu \u00e7al\u0131\u015fman\u0131n konusu olarak belirlendi. Bu kitapta yerli ve yabanc\u0131 kay\u0131tlar \u0131\u015f\u0131\u011f\u0131nda konu yeniden ele al\u0131narak d\u00f6nemin anla\u015f\u0131lmas\u0131na katk\u0131 sunulmaya \u00e7al\u0131\u015f\u0131ld\u0131. Tehcirin ard\u0131ndan ya\u015fanan \u00fc\u00e7 meselenin birlikte ele al\u0131nmas\u0131 ve incelenmesinin, 1915\u2019e hapsedilen d\u00f6nemi ve sonras\u0131n\u0131 daha sa\u011fl\u0131kl\u0131 anlamak a\u00e7\u0131s\u0131ndan dikkate de\u011fer oldu\u011fu muhakkakt\u0131r.<\/p>\n","protected":false},"excerpt":{"rendered":"<p>19. y\u00fczy\u0131l\u0131n ikinci yar\u0131s\u0131ndan itibaren as\u0131rlard\u0131r bir arada huzur i\u00e7inde ya\u015fayan T\u00fcrkler ve Ermenilerin aras\u0131, y\u00f6neten ve y\u00f6netilen ili\u015fkisi ba\u011flam\u0131nda bozulmaya ba\u015flad\u0131. Bu bozulman\u0131n zirvesi de<span class=\"excerpt-hellip\"> [\u2026]<\/span><\/p>\n","protected":false},"featured_media":0,"template":"","meta":{"_monsterinsights_skip_tracking":false,"_monsterinsights_sitenote_active":false,"_monsterinsights_sitenote_note":"","_monsterinsights_sitenote_category":0},"product_brand":[],"product_cat":[12312,12304],"product_tag":[],"class_list":{"0":"post-718020","1":"product","2":"type-product","3":"status-publish","5":"product_cat-diger","6":"product_cat-tarih","7":"pa_cilt-ciltsiz","8":"pa_tur-kitap","9":"pa_yayinevi-hitabevi-yayinlari","10":"pa_yazar-ibrahim-ethem-atnur","12":"first","13":"instock","14":"sale","15":"shipping-taxable","16":"purchasable","17":"product-type-simple"},"_links":{"self":[{"href":"https:\/\/roveyayinevi.com.tr\/index.php\/wp-json\/wp\/v2\/product\/718020","targetHints":{"allow":["GET"]}}],"collection":[{"href":"https:\/\/roveyayinevi.com.tr\/index.php\/wp-json\/wp\/v2\/product"}],"about":[{"href":"https:\/\/roveyayinevi.com.tr\/index.php\/wp-json\/wp\/v2\/types\/product"}],"wp:attachment":[{"href":"https:\/\/roveyayinevi.com.tr\/index.php\/wp-json\/wp\/v2\/media?parent=718020"}],"wp:term":[{"taxonomy":"product_brand","embeddable":true,"href":"https:\/\/roveyayinevi.com.tr\/index.php\/wp-json\/wp\/v2\/product_brand?post=718020"},{"taxonomy":"product_cat","embeddable":true,"href":"https:\/\/roveyayinevi.com.tr\/index.php\/wp-json\/wp\/v2\/product_cat?post=718020"},{"taxonomy":"product_tag","embeddable":true,"href":"https:\/\/roveyayinevi.com.tr\/index.php\/wp-json\/wp\/v2\/product_tag?post=718020"}],"curies":[{"name":"wp","href":"https:\/\/api.w.org\/{rel}","templated":true}]}}