{"id":718018,"date":"2025-08-27T18:02:40","date_gmt":"2025-08-27T15:02:40","guid":{"rendered":"https:\/\/roveyayinevi.com.tr\/index.php\/urun\/kuresel-sirlar\/"},"modified":"2026-04-16T02:26:17","modified_gmt":"2026-04-15T23:26:17","slug":"kuresel-sirlar","status":"publish","type":"product","link":"https:\/\/roveyayinevi.com.tr\/index.php\/urun\/kuresel-sirlar\/","title":{"rendered":"K\u00fcresel S\u0131rlar"},"content":{"rendered":"<p>K\u00fcresel d\u00fcnya nizam\u0131n\u0131n \u015feytani planlar\u0131n\u0131 hayata ge\u00e7irmek i\u00e7in tarihin en eski d\u00f6nemlerinden beri derin d\u00fcnya y\u00f6neticileri \u00e7al\u0131\u015fmalar\u0131na devam etmektedir. Global Monar\u015fi, Avrasya\u2019n\u0131n ve d\u00fcnyan\u0131n merkez noktas\u0131ndaki \u00fclke T\u00fcrkiye \u00fczerine kaos planlar\u0131n\u0131 uygulamaya \u00e7al\u0131\u015f\u0131yor. D\u00fcnyada g\u00fc\u00e7 dengeleri b\u00fcy\u00fck bir de\u011fi\u015fime u\u011fruyor. \u0130ttifaklar sistemi iyice belirginle\u015fmeye ba\u015flad\u0131. \u0130\u015fte tam da b\u00f6yle bir zamanda D\u00fcnyadaki \u015eeytani \u00dcst Ak\u0131l son kozlar\u0131n\u0131 oynamak i\u00e7in f\u0131rsat kollamaktad\u0131r\u2026 Peki, ge\u00e7mi\u015fin de derin izlerini ta\u015f\u0131yan bu K\u00fcresel Efendilerin S\u0131rlar\u0131 ve Politikalar\u0131 nedir? \u015eeytani \u00dcst Ak\u0131l ile 2200 y\u0131ld\u0131r s\u00fcre gelen T\u00fcrk \u00dcst Akl\u0131n\u0131n k\u00fcresel d\u00fczendeki sava\u015f\u0131n\u0131 da yak\u0131n gelecekte g\u00f6rmek m\u00fcmk\u00fcn olacakt\u0131r. Ama t\u00fcm bu sava\u015f\u0131n tarihi ve gelecek arka planlar\u0131 neler? Bu kitapta bu sorulara cevap olabilecek bilgileri bulacaksan\u0131z\u2026\u015eeytani d\u00fczenin \u00fcst akl\u0131 ile 2200 y\u0131ll\u0131k T\u00fcrk \u00fcst akl\u0131n\u0131n bilinmeyen sava\u015f\u0131 nedir?K\u00fcresel bir proje olan yeni d\u00fcnya d\u00fczeni nedir?K\u00fcresel gizli ordular\u0131n hedefleri nelerdir?Global Monar\u015finin Truva at\u0131 NATO hakk\u0131nda bilinmeyenler.T\u00fcrklerde istihbarat ve derin devlet hakk\u0131ndaki ger\u00e7ekler neler?Yeni d\u00fcnyan\u0131n g\u00fc\u00e7 merkezleri hakk\u0131ndaki ger\u00e7ekler nedir?T\u00fcrk devletinin bekas\u0131 ve Avrasya stratejisi.<\/p>\n","protected":false},"excerpt":{"rendered":"<p>K\u00fcresel d\u00fcnya nizam\u0131n\u0131n \u015feytani planlar\u0131n\u0131 hayata ge\u00e7irmek i\u00e7in tarihin en eski d\u00f6nemlerinden beri derin d\u00fcnya y\u00f6neticileri \u00e7al\u0131\u015fmalar\u0131na devam etmektedir. Global Monar\u015fi, Avrasya\u2019n\u0131n ve d\u00fcnyan\u0131n merkez noktas\u0131ndaki<span class=\"excerpt-hellip\"> [\u2026]<\/span><\/p>\n","protected":false},"featured_media":0,"template":"","meta":{"_monsterinsights_skip_tracking":false,"_monsterinsights_sitenote_active":false,"_monsterinsights_sitenote_note":"","_monsterinsights_sitenote_category":0},"product_brand":[],"product_cat":[12370,12304],"product_tag":[],"class_list":{"0":"post-718018","1":"product","2":"type-product","3":"status-publish","5":"product_cat-arastirma-inceleme","6":"product_cat-tarih","7":"pa_cilt-ciltsiz","8":"pa_tur-kitap","9":"pa_yayinevi-eftalya-kitap","10":"pa_yazar-kolektif","12":"first","13":"instock","14":"sale","15":"shipping-taxable","16":"purchasable","17":"product-type-simple"},"_links":{"self":[{"href":"https:\/\/roveyayinevi.com.tr\/index.php\/wp-json\/wp\/v2\/product\/718018","targetHints":{"allow":["GET"]}}],"collection":[{"href":"https:\/\/roveyayinevi.com.tr\/index.php\/wp-json\/wp\/v2\/product"}],"about":[{"href":"https:\/\/roveyayinevi.com.tr\/index.php\/wp-json\/wp\/v2\/types\/product"}],"wp:attachment":[{"href":"https:\/\/roveyayinevi.com.tr\/index.php\/wp-json\/wp\/v2\/media?parent=718018"}],"wp:term":[{"taxonomy":"product_brand","embeddable":true,"href":"https:\/\/roveyayinevi.com.tr\/index.php\/wp-json\/wp\/v2\/product_brand?post=718018"},{"taxonomy":"product_cat","embeddable":true,"href":"https:\/\/roveyayinevi.com.tr\/index.php\/wp-json\/wp\/v2\/product_cat?post=718018"},{"taxonomy":"product_tag","embeddable":true,"href":"https:\/\/roveyayinevi.com.tr\/index.php\/wp-json\/wp\/v2\/product_tag?post=718018"}],"curies":[{"name":"wp","href":"https:\/\/api.w.org\/{rel}","templated":true}]}}