{"id":718014,"date":"2025-08-27T18:02:37","date_gmt":"2025-08-27T15:02:37","guid":{"rendered":"https:\/\/roveyayinevi.com.tr\/index.php\/urun\/kim-etti-sana-bu-kari-teklif\/"},"modified":"2026-04-16T02:26:17","modified_gmt":"2026-04-15T23:26:17","slug":"kim-etti-sana-bu-kari-teklif","status":"publish","type":"product","link":"https:\/\/roveyayinevi.com.tr\/index.php\/urun\/kim-etti-sana-bu-kari-teklif\/","title":{"rendered":"Kim Etti Sana Bu Kar\u0131 Teklif"},"content":{"rendered":"<p>Elinde tuttu\u011funuz bu kitap Orhan \u015eaik G\u00f6kyay&#8217;\u0131n T\u00fcrk k\u00fclt\u00fcr\u00fcne dair alan ay\u0131rmaks\u0131z\u0131n yapt\u0131\u011f\u0131 \u00e7al\u0131\u015fmalar\u0131 hav\u00eedir. Okuyucu bu kitapta hocan\u0131n 20 makalesini bulacakt\u0131r. Bu makalelerin her biri alan\u0131nda \u00f6zenle haz\u0131rlanm\u0131\u015f ve bug\u00fcn de 8 Kim Etti Sana Bu K\u00e2r\u0131 Teklif de\u011ferini koruyan son derece m\u00fchim yaz\u0131lard\u0131r. Bu yaz\u0131lar\u0131n bir k\u0131sm\u0131 \u201cBir Saltanat D\u00fc\u011f\u00fcn\u00fc\u201d makalesindeki gibi k\u00fclt\u00fcrel ve tarihi bilgileri bizlere sunarken, \u00f6zellikle \u201cMimar Sinan\u2019\u0131n Baz\u0131 Eserleri Hakk\u0131nda Notlar\u201d ve \u201cMimar Sinan\u2019\u0131n Dilinden Hat\u0131ralar\u201d yaz\u0131lar\u0131 da bug\u00fcn hala ayakta duran abidevi eserleriyle Mimar Sinan\u2019\u0131 yeni nesle tekrar anlatmaktad\u0131r. Orhan \u015eaik G\u00f6kyay, kendine has i\u011fneleyici \u00fcslubu ile \u201cBaki\u2019nin Bir Beyti \u00dczerine\u201d, \u201cNecat\u00ee\u2019nin Bir Beyti \u00dczerine\u201d yaz\u0131lar\u0131nda ise bir kelime ve bir beyit etraf\u0131nda akademik \u00e7al\u0131\u015fmalar\u0131n nas\u0131l olmas\u0131 gerekti\u011fini biz hen\u00fcz yeti\u015fme \u00e7a\u011f\u0131nda olan ara\u015ft\u0131rmac\u0131lara hat\u0131rlatmaktad\u0131r. Hocan\u0131n yaz\u0131lar\u0131 son kertede her biri di\u011ferinden \u00f6nemli bilgileri ve bilgiye ula\u015fmada olmas\u0131 gereken usulleri alan\u0131n ara\u015ft\u0131rmac\u0131lar\u0131na sunmaktad\u0131r.<\/p>\n","protected":false},"excerpt":{"rendered":"<p>Elinde tuttu\u011funuz bu kitap Orhan \u015eaik G\u00f6kyay&#8217;\u0131n T\u00fcrk k\u00fclt\u00fcr\u00fcne dair alan ay\u0131rmaks\u0131z\u0131n yapt\u0131\u011f\u0131 \u00e7al\u0131\u015fmalar\u0131 hav\u00eedir. Okuyucu bu kitapta hocan\u0131n 20 makalesini bulacakt\u0131r. Bu makalelerin her biri<span class=\"excerpt-hellip\"> [\u2026]<\/span><\/p>\n","protected":false},"featured_media":0,"template":"","meta":{"_monsterinsights_skip_tracking":false,"_monsterinsights_sitenote_active":false,"_monsterinsights_sitenote_note":"","_monsterinsights_sitenote_category":0},"product_brand":[],"product_cat":[12291,12711],"product_tag":[],"class_list":{"0":"post-718014","1":"product","2":"type-product","3":"status-publish","5":"product_cat-edebiyat","6":"product_cat-roman-oyku","7":"pa_cilt-ciltsiz","8":"pa_tur-kitap","9":"pa_yayinevi-yeditepe-yayinevi","10":"pa_yazar-orhan-saik-gokyay","12":"first","13":"instock","14":"sale","15":"shipping-taxable","16":"purchasable","17":"product-type-simple"},"_links":{"self":[{"href":"https:\/\/roveyayinevi.com.tr\/index.php\/wp-json\/wp\/v2\/product\/718014","targetHints":{"allow":["GET"]}}],"collection":[{"href":"https:\/\/roveyayinevi.com.tr\/index.php\/wp-json\/wp\/v2\/product"}],"about":[{"href":"https:\/\/roveyayinevi.com.tr\/index.php\/wp-json\/wp\/v2\/types\/product"}],"wp:attachment":[{"href":"https:\/\/roveyayinevi.com.tr\/index.php\/wp-json\/wp\/v2\/media?parent=718014"}],"wp:term":[{"taxonomy":"product_brand","embeddable":true,"href":"https:\/\/roveyayinevi.com.tr\/index.php\/wp-json\/wp\/v2\/product_brand?post=718014"},{"taxonomy":"product_cat","embeddable":true,"href":"https:\/\/roveyayinevi.com.tr\/index.php\/wp-json\/wp\/v2\/product_cat?post=718014"},{"taxonomy":"product_tag","embeddable":true,"href":"https:\/\/roveyayinevi.com.tr\/index.php\/wp-json\/wp\/v2\/product_tag?post=718014"}],"curies":[{"name":"wp","href":"https:\/\/api.w.org\/{rel}","templated":true}]}}