{"id":718010,"date":"2025-08-27T18:02:35","date_gmt":"2025-08-27T15:02:35","guid":{"rendered":"https:\/\/roveyayinevi.com.tr\/index.php\/urun\/yol-senin-icinde\/"},"modified":"2026-04-15T02:35:40","modified_gmt":"2026-04-14T23:35:40","slug":"yol-senin-icinde","status":"publish","type":"product","link":"https:\/\/roveyayinevi.com.tr\/index.php\/urun\/yol-senin-icinde\/","title":{"rendered":"Yol Senin \u0130\u00e7inde"},"content":{"rendered":"<p>Bu d\u00fcnyada u\/mutsuz bir ya\u015fam s\u00fcrmek i\u00e7in yarat\u0131lmad\u0131n. Umutsuzluk halbuki \u00e7ok uzaktad\u0131r. Farazidir. Gelecek ile \u00f6rt\u00fcl\u00fcd\u00fcr. Neden zor olan\u0131 se\u00e7iyorsun ki? Gelece\u011fe dair planlar insan\u0131 h\u00fcsrana u\u011frat\u0131r. Neden sana uzak olana bel ba\u011fl\u0131yorsun? Mutluluk tohumlar\u0131 senin i\u00e7inde. \u015eimdide. B\u0131rak filizlensin. Ve sadece izle. Filizlerin i\u00e7inde koca bir ormana d\u00f6n\u00fc\u015f\u00fc\u015f\u00fcne \u015fahit ol. Onu reddetme. Kabullenmekten korkma. Umut hep bakidir. \u00dcz\u00fclme, kaybetmedin onu. Sadece onu ya\u015famay\u0131 unuttun. Kendini se\u00e7meyi ye\u011fledin sadece. Kendini unut. \u0130\u00e7inde filizlenip koca bir ormana d\u00f6n\u00fc\u015fen yerde yola koyul. Kaybol. Kendini kaybet ki mutlulu\u011fu bulas\u0131n. Gelecekten kurtul ki as\u0131l kendini bulas\u0131n.<\/p>\n","protected":false},"excerpt":{"rendered":"<p>Bu d\u00fcnyada u\/mutsuz bir ya\u015fam s\u00fcrmek i\u00e7in yarat\u0131lmad\u0131n. Umutsuzluk halbuki \u00e7ok uzaktad\u0131r. Farazidir. Gelecek ile \u00f6rt\u00fcl\u00fcd\u00fcr. Neden zor olan\u0131 se\u00e7iyorsun ki? Gelece\u011fe dair planlar insan\u0131 h\u00fcsrana<span class=\"excerpt-hellip\"> [\u2026]<\/span><\/p>\n","protected":false},"featured_media":0,"template":"","meta":{"_monsterinsights_skip_tracking":false,"_monsterinsights_sitenote_active":false,"_monsterinsights_sitenote_note":"","_monsterinsights_sitenote_category":0},"product_brand":[],"product_cat":[12364,12376],"product_tag":[],"class_list":{"0":"post-718010","1":"product","2":"type-product","3":"status-publish","5":"product_cat-genel-konular","6":"product_cat-kisisel-gelisim","7":"pa_cilt-ciltsiz","8":"pa_tur-kitap","9":"pa_yayinevi-destek-yayinlari","10":"pa_yazar-kinsun","12":"first","13":"instock","14":"sale","15":"shipping-taxable","16":"purchasable","17":"product-type-simple"},"_links":{"self":[{"href":"https:\/\/roveyayinevi.com.tr\/index.php\/wp-json\/wp\/v2\/product\/718010","targetHints":{"allow":["GET"]}}],"collection":[{"href":"https:\/\/roveyayinevi.com.tr\/index.php\/wp-json\/wp\/v2\/product"}],"about":[{"href":"https:\/\/roveyayinevi.com.tr\/index.php\/wp-json\/wp\/v2\/types\/product"}],"wp:attachment":[{"href":"https:\/\/roveyayinevi.com.tr\/index.php\/wp-json\/wp\/v2\/media?parent=718010"}],"wp:term":[{"taxonomy":"product_brand","embeddable":true,"href":"https:\/\/roveyayinevi.com.tr\/index.php\/wp-json\/wp\/v2\/product_brand?post=718010"},{"taxonomy":"product_cat","embeddable":true,"href":"https:\/\/roveyayinevi.com.tr\/index.php\/wp-json\/wp\/v2\/product_cat?post=718010"},{"taxonomy":"product_tag","embeddable":true,"href":"https:\/\/roveyayinevi.com.tr\/index.php\/wp-json\/wp\/v2\/product_tag?post=718010"}],"curies":[{"name":"wp","href":"https:\/\/api.w.org\/{rel}","templated":true}]}}