{"id":718009,"date":"2025-08-27T18:02:34","date_gmt":"2025-08-27T15:02:34","guid":{"rendered":"https:\/\/roveyayinevi.com.tr\/index.php\/urun\/caglarin-bahcesi\/"},"modified":"2026-04-12T02:31:39","modified_gmt":"2026-04-11T23:31:39","slug":"caglarin-bahcesi","status":"publish","type":"product","link":"https:\/\/roveyayinevi.com.tr\/index.php\/urun\/caglarin-bahcesi\/","title":{"rendered":"\u00c7a\u011flar&#8217;\u0131n Bah\u00e7esi"},"content":{"rendered":"<p>\u00c7a\u011flar, yeni bir mevsim ba\u015flarken bah\u00e7ede ve do\u011fada nelerin de\u011fi\u015fti\u011fine ya\u015fayarak tan\u0131k oluyordu. Bahar geldi\u011finde ke\u015ffedilecek ne \u00e7ok \u015fey vard\u0131! Kar\u0131n alt\u0131ndan \u00e7\u0131kan kardelenler, ne\u015feyle \u00f6tmeye ba\u015flayan ku\u015flar, k\u0131\u015f uykusundan uyanan hayvanlar&#8230;<\/p>\n","protected":false},"excerpt":{"rendered":"<p>\u00c7a\u011flar, yeni bir mevsim ba\u015flarken bah\u00e7ede ve do\u011fada nelerin de\u011fi\u015fti\u011fine ya\u015fayarak tan\u0131k oluyordu. Bahar geldi\u011finde ke\u015ffedilecek ne \u00e7ok \u015fey vard\u0131! Kar\u0131n alt\u0131ndan \u00e7\u0131kan kardelenler, ne\u015feyle \u00f6tmeye<span class=\"excerpt-hellip\"> [\u2026]<\/span><\/p>\n","protected":false},"featured_media":0,"template":"","meta":{"_monsterinsights_skip_tracking":false,"_monsterinsights_sitenote_active":false,"_monsterinsights_sitenote_note":"","_monsterinsights_sitenote_category":0},"product_brand":[],"product_cat":[12274,12284],"product_tag":[],"class_list":{"0":"post-718009","1":"product","2":"type-product","3":"status-publish","5":"product_cat-cocuk-ve-genclik-kitaplari","6":"product_cat-hikayeler","7":"pa_cilt-ciltsiz","8":"pa_tur-kitap","9":"pa_yayinevi-is-bankasi-kultur-yayinlari","10":"pa_yazar-christian-tielmann","12":"first","13":"instock","14":"sale","15":"shipping-taxable","16":"purchasable","17":"product-type-simple"},"_links":{"self":[{"href":"https:\/\/roveyayinevi.com.tr\/index.php\/wp-json\/wp\/v2\/product\/718009","targetHints":{"allow":["GET"]}}],"collection":[{"href":"https:\/\/roveyayinevi.com.tr\/index.php\/wp-json\/wp\/v2\/product"}],"about":[{"href":"https:\/\/roveyayinevi.com.tr\/index.php\/wp-json\/wp\/v2\/types\/product"}],"wp:attachment":[{"href":"https:\/\/roveyayinevi.com.tr\/index.php\/wp-json\/wp\/v2\/media?parent=718009"}],"wp:term":[{"taxonomy":"product_brand","embeddable":true,"href":"https:\/\/roveyayinevi.com.tr\/index.php\/wp-json\/wp\/v2\/product_brand?post=718009"},{"taxonomy":"product_cat","embeddable":true,"href":"https:\/\/roveyayinevi.com.tr\/index.php\/wp-json\/wp\/v2\/product_cat?post=718009"},{"taxonomy":"product_tag","embeddable":true,"href":"https:\/\/roveyayinevi.com.tr\/index.php\/wp-json\/wp\/v2\/product_tag?post=718009"}],"curies":[{"name":"wp","href":"https:\/\/api.w.org\/{rel}","templated":true}]}}