{"id":718003,"date":"2025-08-27T18:02:30","date_gmt":"2025-08-27T15:02:30","guid":{"rendered":"https:\/\/roveyayinevi.com.tr\/index.php\/urun\/dantonun-olumu-ciltli\/"},"modified":"2026-04-16T02:26:17","modified_gmt":"2026-04-15T23:26:17","slug":"dantonun-olumu-ciltli","status":"publish","type":"product","link":"https:\/\/roveyayinevi.com.tr\/index.php\/urun\/dantonun-olumu-ciltli\/","title":{"rendered":"Danton&#8217;un \u00d6l\u00fcm\u00fc (Ciltli)"},"content":{"rendered":"<p>Georg B\u00fcchner (1813-1837): D\u0131\u015favurumcu oyun okulu \u00fczerinde belirgin bir etkisi olan yazar \u00e7a\u011fda\u015f Alman tiyatrosunun kurucular\u0131ndan say\u0131l\u0131r. Baba mesle\u011finin devam\u0131 d\u00fc\u015f\u00fcncesiyle Strasbourg ve Giessen \u00fcniversitelerinde t\u0131p okudu. 1830\u2019daki Paris ayaklanmas\u0131ndan esinlenen B\u00fcchner, gizli bir grup kurarak devrim \u00e7a\u011fr\u0131s\u0131 yapan bir bro\u015f\u00fcr yay\u0131nlay\u0131nca k\u00f6yl\u00fcler taraf\u0131ndan ihbar edildi ve \u0130svi\u00e7re\u2019ye ka\u00e7mak zorunda kald\u0131, ard\u0131nda be\u015f eser b\u0131rakarak 1837\u2019de s\u00fcrg\u00fcnde \u00f6ld\u00fc. Danton&#8217;un \u00d6l\u00fcm\u00fc ve yar\u0131m kalm\u0131\u015f Woyzeck adl\u0131 dramlar\u0131 Shakespeare\u2019den ve Alman Romantik Sturm ve Drang hareketinden etkilenmekle birlikte nitelik olarak zaman\u0131n\u0131n \u00e7ok \u00f6tesindedir. Ayr\u0131ca Lenz adl\u0131 bir hik\u00e2yesi ile Leonce ve Lena adl\u0131 bir komedisi vard\u0131r, Pietro Aretino adl\u0131 oyunu ise kay\u0131pt\u0131r. Frans\u0131z Devrimi\u2019ni konu alan Danton\u2019un \u00d6l\u00fcm\u00fc b\u00fcy\u00fck toplumsal de\u011fi\u015fimlerde rol alan ki\u015filerin konum ve tav\u0131rlar\u0131n\u0131n de\u011fi\u015fti\u011fi s\u00fcre\u00e7te kendilerini, \u00e7evrelerini ve geli\u015fen olaylar\u0131 insan olarak nas\u0131l sorgulad\u0131\u011f\u0131na dair etkileyici bir dramd\u0131r. <\/p>\n","protected":false},"excerpt":{"rendered":"<p>Georg B\u00fcchner (1813-1837): D\u0131\u015favurumcu oyun okulu \u00fczerinde belirgin bir etkisi olan yazar \u00e7a\u011fda\u015f Alman tiyatrosunun kurucular\u0131ndan say\u0131l\u0131r. Baba mesle\u011finin devam\u0131 d\u00fc\u015f\u00fcncesiyle Strasbourg ve Giessen \u00fcniversitelerinde t\u0131p<span class=\"excerpt-hellip\"> [\u2026]<\/span><\/p>\n","protected":false},"featured_media":0,"template":"","meta":{"_monsterinsights_skip_tracking":false,"_monsterinsights_sitenote_active":false,"_monsterinsights_sitenote_note":"","_monsterinsights_sitenote_category":0},"product_brand":[],"product_cat":[12291,13872],"product_tag":[],"class_list":{"0":"post-718003","1":"product","2":"type-product","3":"status-publish","5":"product_cat-edebiyat","6":"product_cat-klasikler","7":"pa_cilt-ciltli","8":"pa_tur-kitap","9":"pa_yayinevi-is-bankasi-kultur-yayinlari","10":"pa_yazar-georg-buchner","12":"first","13":"instock","14":"sale","15":"shipping-taxable","16":"purchasable","17":"product-type-simple"},"_links":{"self":[{"href":"https:\/\/roveyayinevi.com.tr\/index.php\/wp-json\/wp\/v2\/product\/718003","targetHints":{"allow":["GET"]}}],"collection":[{"href":"https:\/\/roveyayinevi.com.tr\/index.php\/wp-json\/wp\/v2\/product"}],"about":[{"href":"https:\/\/roveyayinevi.com.tr\/index.php\/wp-json\/wp\/v2\/types\/product"}],"wp:attachment":[{"href":"https:\/\/roveyayinevi.com.tr\/index.php\/wp-json\/wp\/v2\/media?parent=718003"}],"wp:term":[{"taxonomy":"product_brand","embeddable":true,"href":"https:\/\/roveyayinevi.com.tr\/index.php\/wp-json\/wp\/v2\/product_brand?post=718003"},{"taxonomy":"product_cat","embeddable":true,"href":"https:\/\/roveyayinevi.com.tr\/index.php\/wp-json\/wp\/v2\/product_cat?post=718003"},{"taxonomy":"product_tag","embeddable":true,"href":"https:\/\/roveyayinevi.com.tr\/index.php\/wp-json\/wp\/v2\/product_tag?post=718003"}],"curies":[{"name":"wp","href":"https:\/\/api.w.org\/{rel}","templated":true}]}}