{"id":718000,"date":"2025-08-27T18:02:28","date_gmt":"2025-08-27T15:02:28","guid":{"rendered":"https:\/\/roveyayinevi.com.tr\/index.php\/urun\/kurumsal-ic-iletisim\/"},"modified":"2026-04-16T02:26:16","modified_gmt":"2026-04-15T23:26:16","slug":"kurumsal-ic-iletisim","status":"publish","type":"product","link":"https:\/\/roveyayinevi.com.tr\/index.php\/urun\/kurumsal-ic-iletisim\/","title":{"rendered":"Kurumsal \u0130\u00e7 \u0130leti\u015fim"},"content":{"rendered":"<p>Pozitif Y\u00f6netim\u2019in Yazar\u0131ndan Liderlere, \u0130nsan Kaynaklar\u0131 ve \u0130leti\u015fim Profesyonellerine Rehber Bir KitapBir g\u00fcn bizim Erhan \u00e7avu\u015fa \u201cAskere s\u00f6yle kantinden bir kremal\u0131 bisk\u00fcvi als\u0131n gelsin\u2026\u201d diyor. \u00c7avu\u015f o askere, o da postaya s\u00f6yl\u00fcyor, be\u015f dakikal\u0131k mesafe ama yar\u0131m saat sonra ter i\u00e7inde geliyor asker: \u201cGomutan\u0131m hi\u00e7bir yerde g\u0131ymal\u0131 pisk\u00fc\u00fct galmam\u0131\u015f\u2026\u201d Bizde liderler s\u00f6yleyeceklerini direkt s\u00f6ylemedikleri i\u00e7in t\u00fcm \u00e7al\u0131\u015fanlar Koridor FM dinler. A\u00e7\u0131k ve direkt olmak iyidir dostlar\u0131m. Kitap tam kalbinize dokunacak, hele b\u00f6yle bir \u00fclkede\u2026 \u0130dil hep g\u00fczellikler kat\u0131yorsun etrafa. Dostlukla.Ahmet \u015eerif \u0130zg\u00f6ren, E\u011fitmen-Yazar\u0130yi bir yemek tarifini daha okurken anlars\u0131n\u0131z. \u0130dil de ne yazarsa, anlatmak ve samimiyetle payla\u015fmak, de\u011fer katmak i\u00e7in yazar. Hepsi denenmi\u015f, g\u00fcvenilir, \u00f6zg\u00fcn tariflerdir. Arif olana!Atilla Yerlikaya, \u0130leti\u015fimci-Kurumsal \u0130li\u015fkiler Enstit\u00fcs\u00fc Ba\u015fkan\u0131Ahmet \u015eerif \u0130zg\u00f6ren, E\u011fitmen-Yazar\u0130yi bir yemek tarifini daha okurken anlars\u0131n\u0131z. \u0130dil de ne yazarsa, anlatmak ve samimiyetle payla\u015fmak, de\u011fer katmak i\u00e7in yazar. Hepsi denenmi\u015f, g\u00fcvenilir, \u00f6zg\u00fcn tariflerdir. Arif olana!Atilla Yerlikaya, \u0130leti\u015fimci-Kurumsal \u0130li\u015fkiler Enstit\u00fcs\u00fc Ba\u015fkan\u0131Ahmet \u015eerif \u0130zg\u00f6ren, E\u011fitmen-Yazar\u0130yi bir yemek tarifini daha okurken anlars\u0131n\u0131z. \u0130dil de ne yazarsa, anlatmak ve samimiyetle payla\u015fmak, de\u011fer katmak i\u00e7in yazar. Hepsi denenmi\u015f, g\u00fcvenilir, \u00f6zg\u00fcn tariflerdir. Arif olana!Atilla Yerlikaya, \u0130leti\u015fimci-Kurumsal \u0130li\u015fkiler Enstit\u00fcs\u00fc Ba\u015fkan\u0131Ergun G\u00fcmrah, Goodworks \u0130leti\u015fim Dan\u0131\u015fmanl\u0131\u011f\u0131 Ba\u015fkan\u0131\u0130leti\u015fim Dan\u0131\u015fmanlar\u0131 (Eski) Ba\u015fkan\u0131Y\u00f6netimin ald\u0131\u011f\u0131 kararlar sonras\u0131nda, b\u00fcy\u00fck bir lansmanla \u201cyeni d\u00f6nem\u201d konu\u015fmalar\u0131 yaparak de\u011fi\u015fim olmuyor. Y\u00f6neticilerin, s\u00fcre\u00e7ler kadar, duygular\u0131 da anlamak i\u00e7in \u00e7aba sarf etmeleri gerekiyor. Kurum i\u00e7i ileti\u015fimde hata pay\u0131n\u0131 azaltmak i\u00e7in ara\u015ft\u0131rmalara, stratejilere ve uzman g\u00f6r\u00fc\u015flerine ihtiya\u00e7 var. Bu kitap bilimsel ve profesyonel bak\u0131\u015f a\u00e7\u0131s\u0131yla bir a\u00e7\u0131\u011f\u0131 dolduruyor.Dr. Fato\u015f Karahasan, \u00d6\u011fretim G\u00f6revlisi-Gazeteci Yazar<\/p>\n","protected":false},"excerpt":{"rendered":"<p>Pozitif Y\u00f6netim\u2019in Yazar\u0131ndan Liderlere, \u0130nsan Kaynaklar\u0131 ve \u0130leti\u015fim Profesyonellerine Rehber Bir KitapBir g\u00fcn bizim Erhan \u00e7avu\u015fa \u201cAskere s\u00f6yle kantinden bir kremal\u0131 bisk\u00fcvi als\u0131n gelsin\u2026\u201d diyor. \u00c7avu\u015f<span class=\"excerpt-hellip\"> [\u2026]<\/span><\/p>\n","protected":false},"featured_media":0,"template":"","meta":{"_monsterinsights_skip_tracking":false,"_monsterinsights_sitenote_active":false,"_monsterinsights_sitenote_note":"","_monsterinsights_sitenote_category":0},"product_brand":[],"product_cat":[13043,17647],"product_tag":[],"class_list":{"0":"post-718000","1":"product","2":"type-product","3":"status-publish","5":"product_cat-ekonomi","6":"product_cat-is-dunyasi","7":"pa_cilt-ciltsiz","8":"pa_tur-kitap","9":"pa_yayinevi-elma-yayinevi","10":"pa_yazar-idil-turkmenoglu","12":"first","13":"instock","14":"sale","15":"shipping-taxable","16":"purchasable","17":"product-type-simple"},"_links":{"self":[{"href":"https:\/\/roveyayinevi.com.tr\/index.php\/wp-json\/wp\/v2\/product\/718000","targetHints":{"allow":["GET"]}}],"collection":[{"href":"https:\/\/roveyayinevi.com.tr\/index.php\/wp-json\/wp\/v2\/product"}],"about":[{"href":"https:\/\/roveyayinevi.com.tr\/index.php\/wp-json\/wp\/v2\/types\/product"}],"wp:attachment":[{"href":"https:\/\/roveyayinevi.com.tr\/index.php\/wp-json\/wp\/v2\/media?parent=718000"}],"wp:term":[{"taxonomy":"product_brand","embeddable":true,"href":"https:\/\/roveyayinevi.com.tr\/index.php\/wp-json\/wp\/v2\/product_brand?post=718000"},{"taxonomy":"product_cat","embeddable":true,"href":"https:\/\/roveyayinevi.com.tr\/index.php\/wp-json\/wp\/v2\/product_cat?post=718000"},{"taxonomy":"product_tag","embeddable":true,"href":"https:\/\/roveyayinevi.com.tr\/index.php\/wp-json\/wp\/v2\/product_tag?post=718000"}],"curies":[{"name":"wp","href":"https:\/\/api.w.org\/{rel}","templated":true}]}}