{"id":717996,"date":"2025-08-27T18:02:25","date_gmt":"2025-08-27T15:02:25","guid":{"rendered":"https:\/\/roveyayinevi.com.tr\/index.php\/urun\/istanbul-sehir-suyu-hizmetinde-sirketler-donemi-1881-1937\/"},"modified":"2026-04-16T02:26:16","modified_gmt":"2026-04-15T23:26:16","slug":"istanbul-sehir-suyu-hizmetinde-sirketler-donemi-1881-1937","status":"publish","type":"product","link":"https:\/\/roveyayinevi.com.tr\/index.php\/urun\/istanbul-sehir-suyu-hizmetinde-sirketler-donemi-1881-1937\/","title":{"rendered":"\u0130stanbul \u015eehir Suyu Hizmetinde \u015eirketler D\u00f6nemi (1881-1937)"},"content":{"rendered":"<p>\u015eehir ve belediye bahsinde, en \u00f6ncelikli kamu hizmetleri aras\u0131nda \u015f\u00fcphesiz \u015fehir suyu hizmetleri yer almaktad\u0131r. XIX. y\u00fczy\u0131l\u0131n son \u00e7eyrek as\u0131rl\u0131k dilimine girilinceye kadar, \u0130stanbul\u2019un su hizmetleri fasl\u0131 da kendi aras\u0131nda alt b\u00f6l\u00fcmlere ve devrelere ayr\u0131l abilecek pek \u00e7ok yakla\u015f\u0131m ve stat\u00fcleri bar\u0131nd\u0131r\u0131r. Bu \u00e7al\u0131\u015fman\u0131n konusunu ise sanayile\u015fme \u00e7a\u011f\u0131nda, yeni kent ve toplum sorunlar\u0131n\u0131n ortaya \u00e7\u0131kt\u0131\u011f\u0131 bir d\u00f6nemin \u0130stanbul\u2019a da sirayet eden \u015fehir suyu hizmeti ile alakal\u0131d\u0131r. Su hizmetinde \u015firketler d\u00f6nemi, Osmanl\u0131 Devleti\u2019nin y\u0131k\u0131lmas\u0131 dahil pek \u00e7ok d\u00f6n\u00fc\u015f\u00fcme \u015fahitlik yapm\u0131\u015f, en fazla ibret al\u0131nmas\u0131 gereken bir devir olmas\u0131 nedeniyle incelenmesi gereken pek \u00e7ok unsur ta\u015f\u0131maktad\u0131r. Elinizdeki eser, 1881-1937 y\u0131llar\u0131 aras\u0131ndaki d\u00f6nemde s\u00f6z konusu hizmetin halka ne \u015fekilde ula\u015ft\u0131r\u0131ld\u0131\u011f\u0131n\u0131 incelemekle birlikte meclis g\u00f6r\u00fc\u015fmeleri tutanaklar\u0131, hukuki metinler, su da\u011f\u0131t\u0131m \u015firketleri ile yap\u0131lan yaz\u0131\u015fmalar, ortaya \u00e7\u0131kan sorunlar ve \u00e7\u00f6z\u00fcmlerini i\u00e7ermesi bak\u0131m\u0131ndan ilk kez okuyucuya bir b\u00fct\u00fcn olarak sunmaktad\u0131r. <\/p>\n","protected":false},"excerpt":{"rendered":"<p>\u015eehir ve belediye bahsinde, en \u00f6ncelikli kamu hizmetleri aras\u0131nda \u015f\u00fcphesiz \u015fehir suyu hizmetleri yer almaktad\u0131r. XIX. y\u00fczy\u0131l\u0131n son \u00e7eyrek as\u0131rl\u0131k dilimine girilinceye kadar, \u0130stanbul\u2019un su hizmetleri<span class=\"excerpt-hellip\"> [\u2026]<\/span><\/p>\n","protected":false},"featured_media":0,"template":"","meta":{"_monsterinsights_skip_tracking":false,"_monsterinsights_sitenote_active":false,"_monsterinsights_sitenote_note":"","_monsterinsights_sitenote_category":0},"product_brand":[],"product_cat":[12370,12304],"product_tag":[],"class_list":{"0":"post-717996","1":"product","2":"type-product","3":"status-publish","5":"product_cat-arastirma-inceleme","6":"product_cat-tarih","7":"pa_cilt-ciltsiz","8":"pa_tur-kitap","9":"pa_yayinevi-ideal-kultur-yayincilik","10":"pa_yazar-ali-ihsan-ozturk","12":"first","13":"instock","14":"sale","15":"shipping-taxable","16":"purchasable","17":"product-type-simple"},"_links":{"self":[{"href":"https:\/\/roveyayinevi.com.tr\/index.php\/wp-json\/wp\/v2\/product\/717996","targetHints":{"allow":["GET"]}}],"collection":[{"href":"https:\/\/roveyayinevi.com.tr\/index.php\/wp-json\/wp\/v2\/product"}],"about":[{"href":"https:\/\/roveyayinevi.com.tr\/index.php\/wp-json\/wp\/v2\/types\/product"}],"wp:attachment":[{"href":"https:\/\/roveyayinevi.com.tr\/index.php\/wp-json\/wp\/v2\/media?parent=717996"}],"wp:term":[{"taxonomy":"product_brand","embeddable":true,"href":"https:\/\/roveyayinevi.com.tr\/index.php\/wp-json\/wp\/v2\/product_brand?post=717996"},{"taxonomy":"product_cat","embeddable":true,"href":"https:\/\/roveyayinevi.com.tr\/index.php\/wp-json\/wp\/v2\/product_cat?post=717996"},{"taxonomy":"product_tag","embeddable":true,"href":"https:\/\/roveyayinevi.com.tr\/index.php\/wp-json\/wp\/v2\/product_tag?post=717996"}],"curies":[{"name":"wp","href":"https:\/\/api.w.org\/{rel}","templated":true}]}}