{"id":717995,"date":"2025-08-27T18:02:24","date_gmt":"2025-08-27T15:02:24","guid":{"rendered":"https:\/\/roveyayinevi.com.tr\/index.php\/urun\/irlandada-yoksul-insanlarin-cocuklarinin-ailelerine-veya-ulkelerine-yuk-olmasini-onlemek-ve-onlari-topluma-kazandirmak\/"},"modified":"2026-04-16T02:26:16","modified_gmt":"2026-04-15T23:26:16","slug":"irlandada-yoksul-insanlarin-cocuklarinin-ailelerine-veya-ulkelerine-yuk-olmasini-onlemek-ve-onlari-topluma-kazandirmak","status":"publish","type":"product","link":"https:\/\/roveyayinevi.com.tr\/index.php\/urun\/irlandada-yoksul-insanlarin-cocuklarinin-ailelerine-veya-ulkelerine-yuk-olmasini-onlemek-ve-onlari-topluma-kazandirmak\/","title":{"rendered":"\u0130rlanda\u2019da Yoksul \u0130nsanlar\u0131n \u00c7ocuklar\u0131n\u0131n Ailelerine veya \u00dclkelerine Y\u00fck Olmas\u0131n\u0131 \u00d6nlemek ve Onlar\u0131 Topluma Kazand\u0131rmak"},"content":{"rendered":"<p>&#8220;\u0130rlanda\u2019da Yoksul \u0130nsanlar\u0131n \u00c7ocuklar\u0131n\u0131n Ailelerine veya \u00dclkelerine Y\u00fck Olmas\u0131n\u0131 \u00d6nlemek ve Onlar\u0131 Topluma Kazand\u0131rmak \u0130\u00e7in Makul Bir \u00d6neri&#8221;Bir yanda sava\u015f di\u011fer yanda i\u015fsizlik, onca yoksulluk, bunca sefalet ve doyurulacak y\u0131\u011f\u0131nla bo\u011faz. \u015eimdi, sormam\u0131z gereken soru \u015fudur: Bu kadar \u00e7ok \u00e7ocuk nas\u0131l beslenecek ve yeti\u015ftirilecek? Nice de\u011fme \u00e2lim nice de\u011fme siyaset\u00e7i alt\u0131ndan kalkamad\u0131 bu sorunun.Swift ilk ba\u015fta ak\u0131l almaz gibi g\u00f6r\u00fcnen, oysa gayet makul bir \u00f6neri getiriyor. Di\u015fleriniz kama\u015facak.<\/p>\n","protected":false},"excerpt":{"rendered":"<p>&#8220;\u0130rlanda\u2019da Yoksul \u0130nsanlar\u0131n \u00c7ocuklar\u0131n\u0131n Ailelerine veya \u00dclkelerine Y\u00fck Olmas\u0131n\u0131 \u00d6nlemek ve Onlar\u0131 Topluma Kazand\u0131rmak \u0130\u00e7in Makul Bir \u00d6neri&#8221;Bir yanda sava\u015f di\u011fer yanda i\u015fsizlik, onca yoksulluk, bunca<span class=\"excerpt-hellip\"> [\u2026]<\/span><\/p>\n","protected":false},"featured_media":0,"template":"","meta":{"_monsterinsights_skip_tracking":false,"_monsterinsights_sitenote_active":false,"_monsterinsights_sitenote_note":"","_monsterinsights_sitenote_category":0},"product_brand":[],"product_cat":[13661,12291],"product_tag":[],"class_list":{"0":"post-717995","1":"product","2":"type-product","3":"status-publish","5":"product_cat-diger-ulke-edebiyatlari","6":"product_cat-edebiyat","7":"pa_cilt-ciltsiz","8":"pa_tur-kitap","9":"pa_yayinevi-kirmizi-kedi-yayinevi","10":"pa_yazar-jonathan-swift","12":"first","13":"instock","14":"sale","15":"shipping-taxable","16":"purchasable","17":"product-type-simple"},"_links":{"self":[{"href":"https:\/\/roveyayinevi.com.tr\/index.php\/wp-json\/wp\/v2\/product\/717995","targetHints":{"allow":["GET"]}}],"collection":[{"href":"https:\/\/roveyayinevi.com.tr\/index.php\/wp-json\/wp\/v2\/product"}],"about":[{"href":"https:\/\/roveyayinevi.com.tr\/index.php\/wp-json\/wp\/v2\/types\/product"}],"wp:attachment":[{"href":"https:\/\/roveyayinevi.com.tr\/index.php\/wp-json\/wp\/v2\/media?parent=717995"}],"wp:term":[{"taxonomy":"product_brand","embeddable":true,"href":"https:\/\/roveyayinevi.com.tr\/index.php\/wp-json\/wp\/v2\/product_brand?post=717995"},{"taxonomy":"product_cat","embeddable":true,"href":"https:\/\/roveyayinevi.com.tr\/index.php\/wp-json\/wp\/v2\/product_cat?post=717995"},{"taxonomy":"product_tag","embeddable":true,"href":"https:\/\/roveyayinevi.com.tr\/index.php\/wp-json\/wp\/v2\/product_tag?post=717995"}],"curies":[{"name":"wp","href":"https:\/\/api.w.org\/{rel}","templated":true}]}}