{"id":717990,"date":"2025-08-27T18:02:21","date_gmt":"2025-08-27T15:02:21","guid":{"rendered":"https:\/\/roveyayinevi.com.tr\/index.php\/urun\/bizim-okul-bi-acayip-13-ah-su-gizemli-gunler\/"},"modified":"2026-04-03T02:32:53","modified_gmt":"2026-04-02T23:32:53","slug":"bizim-okul-bi-acayip-13-ah-su-gizemli-gunler","status":"publish","type":"product","link":"https:\/\/roveyayinevi.com.tr\/index.php\/urun\/bizim-okul-bi-acayip-13-ah-su-gizemli-gunler\/","title":{"rendered":"Bizim Okul Bi\u2019 Acayip #13: Ah \u015eu Gizemli G\u00fcnler!"},"content":{"rendered":"<p>Bu sene de yine acayipliklerle dolu!A.J. ve arkada\u015flar\u0131 \u00fc\u00e7\u00fcnc\u00fc s\u0131n\u0131fa ba\u015fl\u0131yor. Yeni \u00f6\u011fretmenleri Bay Granite bi\u2019 acayip. Konu\u015fmas\u0131, g\u00f6r\u00fcn\u00fc\u015f\u00fc, davran\u0131\u015flar\u0131\u2026 her \u015feyi tuhaf. Sanki bu d\u00fcnyadan de\u011filmi\u015f gibi! Ha, bir de yeni futbol ko\u00e7lar\u0131 var. O daha da acayip! Garip garip \u015feyler yapt\u0131r\u0131yor, mesela tak\u0131ma k\u0131zlar\u0131 da almak istiyor. Gizli bir plan\u0131 m\u0131 var ne? Anlayaca\u011f\u0131n\u0131z A.J. ve arkada\u015flar\u0131n\u0131 yine \u00e7ok hareketli ve e\u011flenceli g\u00fcnler bekliyor. Sonunda neler olaca\u011f\u0131n\u0131 bir milyon y\u0131l d\u00fc\u015f\u00fcnseniz bulamazs\u0131n\u0131z\u2026 <\/p>\n","protected":false},"excerpt":{"rendered":"<p>Bu sene de yine acayipliklerle dolu!A.J. ve arkada\u015flar\u0131 \u00fc\u00e7\u00fcnc\u00fc s\u0131n\u0131fa ba\u015fl\u0131yor. Yeni \u00f6\u011fretmenleri Bay Granite bi\u2019 acayip. Konu\u015fmas\u0131, g\u00f6r\u00fcn\u00fc\u015f\u00fc, davran\u0131\u015flar\u0131\u2026 her \u015feyi tuhaf. Sanki bu d\u00fcnyadan<span class=\"excerpt-hellip\"> [\u2026]<\/span><\/p>\n","protected":false},"featured_media":0,"template":"","meta":{"_monsterinsights_skip_tracking":false,"_monsterinsights_sitenote_active":false,"_monsterinsights_sitenote_note":"","_monsterinsights_sitenote_category":0},"product_brand":[],"product_cat":[12274,12284],"product_tag":[],"class_list":{"0":"post-717990","1":"product","2":"type-product","3":"status-publish","5":"product_cat-cocuk-ve-genclik-kitaplari","6":"product_cat-hikayeler","7":"pa_cilt-ciltsiz","8":"pa_tur-kitap","9":"pa_yayinevi-epsilon-yayinlari","10":"pa_yazar-dan-gutman","12":"first","13":"instock","14":"sale","15":"shipping-taxable","16":"purchasable","17":"product-type-simple"},"_links":{"self":[{"href":"https:\/\/roveyayinevi.com.tr\/index.php\/wp-json\/wp\/v2\/product\/717990","targetHints":{"allow":["GET"]}}],"collection":[{"href":"https:\/\/roveyayinevi.com.tr\/index.php\/wp-json\/wp\/v2\/product"}],"about":[{"href":"https:\/\/roveyayinevi.com.tr\/index.php\/wp-json\/wp\/v2\/types\/product"}],"wp:attachment":[{"href":"https:\/\/roveyayinevi.com.tr\/index.php\/wp-json\/wp\/v2\/media?parent=717990"}],"wp:term":[{"taxonomy":"product_brand","embeddable":true,"href":"https:\/\/roveyayinevi.com.tr\/index.php\/wp-json\/wp\/v2\/product_brand?post=717990"},{"taxonomy":"product_cat","embeddable":true,"href":"https:\/\/roveyayinevi.com.tr\/index.php\/wp-json\/wp\/v2\/product_cat?post=717990"},{"taxonomy":"product_tag","embeddable":true,"href":"https:\/\/roveyayinevi.com.tr\/index.php\/wp-json\/wp\/v2\/product_tag?post=717990"}],"curies":[{"name":"wp","href":"https:\/\/api.w.org\/{rel}","templated":true}]}}