{"id":717989,"date":"2025-08-27T18:02:20","date_gmt":"2025-08-27T15:02:20","guid":{"rendered":"https:\/\/roveyayinevi.com.tr\/index.php\/urun\/ses-bayragimizi-genclik-tasiyor\/"},"modified":"2026-02-03T02:40:24","modified_gmt":"2026-02-02T23:40:24","slug":"ses-bayragimizi-genclik-tasiyor","status":"publish","type":"product","link":"https:\/\/roveyayinevi.com.tr\/index.php\/urun\/ses-bayragimizi-genclik-tasiyor\/","title":{"rendered":"Ses Bayra\u011f\u0131m\u0131z\u0131 Gen\u00e7lik Ta\u015f\u0131yor"},"content":{"rendered":"<p>Dil Devrimi \u00e7a\u011fda\u015f, ussal ve devingen bir devrimdir. Bug\u00fcn de yabanc\u0131 dillerin olumsuz etkilerine kar\u015f\u0131 temel dayana\u011f\u0131m\u0131z Dil Devrimidir. Batm\u0131\u015f bir \u00fclkeyi ba\u011f\u0131ms\u0131zl\u0131\u011f\u0131na kavu\u015fturan, ayd\u0131nlatan Atat\u00fcrk devrimleriyse T\u00fcrk\u00e7emizi de ba\u011f\u0131ms\u0131zl\u0131\u011f\u0131na kavu\u015fturan, onu ayd\u0131nlanman\u0131n; bilimin, k\u00fclt\u00fcr\u00fcn, sanat\u0131n dili durumuna getiren de Atat\u00fcrk&#8217;\u00fcn Dil Devrimidir! Art\u0131k ses bayra\u011f\u0131m\u0131z\u0131 biz ta\u015f\u0131yoruz. Mustafa Kemal gen\u00e7li\u011fi olarak T\u00fcrk\u00e7eye, Dil Devrimine ve T\u00fcrk Devrimine sonsuza dek sahip \u00e7\u0131kaca\u011f\u0131z! <\/p>\n","protected":false},"excerpt":{"rendered":"<p>Dil Devrimi \u00e7a\u011fda\u015f, ussal ve devingen bir devrimdir. Bug\u00fcn de yabanc\u0131 dillerin olumsuz etkilerine kar\u015f\u0131 temel dayana\u011f\u0131m\u0131z Dil Devrimidir. Batm\u0131\u015f bir \u00fclkeyi ba\u011f\u0131ms\u0131zl\u0131\u011f\u0131na kavu\u015fturan, ayd\u0131nlatan Atat\u00fcrk<span class=\"excerpt-hellip\"> [\u2026]<\/span><\/p>\n","protected":false},"featured_media":0,"template":"","meta":{"_monsterinsights_skip_tracking":false,"_monsterinsights_sitenote_active":false,"_monsterinsights_sitenote_note":"","_monsterinsights_sitenote_category":0},"product_brand":[],"product_cat":[12365,12364],"product_tag":[],"class_list":{"0":"post-717989","1":"product","2":"type-product","3":"status-publish","5":"product_cat-diger-genel-konular","6":"product_cat-genel-konular","7":"pa_cilt-ciltsiz","8":"pa_tur-kitap","9":"pa_yayinevi-dil-dernegi","10":"pa_yazar-kolektif","12":"first","13":"instock","14":"sale","15":"shipping-taxable","16":"purchasable","17":"product-type-simple"},"_links":{"self":[{"href":"https:\/\/roveyayinevi.com.tr\/index.php\/wp-json\/wp\/v2\/product\/717989","targetHints":{"allow":["GET"]}}],"collection":[{"href":"https:\/\/roveyayinevi.com.tr\/index.php\/wp-json\/wp\/v2\/product"}],"about":[{"href":"https:\/\/roveyayinevi.com.tr\/index.php\/wp-json\/wp\/v2\/types\/product"}],"wp:attachment":[{"href":"https:\/\/roveyayinevi.com.tr\/index.php\/wp-json\/wp\/v2\/media?parent=717989"}],"wp:term":[{"taxonomy":"product_brand","embeddable":true,"href":"https:\/\/roveyayinevi.com.tr\/index.php\/wp-json\/wp\/v2\/product_brand?post=717989"},{"taxonomy":"product_cat","embeddable":true,"href":"https:\/\/roveyayinevi.com.tr\/index.php\/wp-json\/wp\/v2\/product_cat?post=717989"},{"taxonomy":"product_tag","embeddable":true,"href":"https:\/\/roveyayinevi.com.tr\/index.php\/wp-json\/wp\/v2\/product_tag?post=717989"}],"curies":[{"name":"wp","href":"https:\/\/api.w.org\/{rel}","templated":true}]}}