{"id":717988,"date":"2025-08-27T18:02:20","date_gmt":"2025-08-27T15:02:20","guid":{"rendered":"https:\/\/roveyayinevi.com.tr\/index.php\/urun\/dugumler-dusunceler-anilar-ciltli\/"},"modified":"2026-03-03T02:38:16","modified_gmt":"2026-03-02T23:38:16","slug":"dugumler-dusunceler-anilar-ciltli","status":"publish","type":"product","link":"https:\/\/roveyayinevi.com.tr\/index.php\/urun\/dugumler-dusunceler-anilar-ciltli\/","title":{"rendered":"D\u00fc\u011f\u00fcmler D\u00fc\u015f\u00fcnceler An\u0131lar (Ciltli)"},"content":{"rendered":"<p>Ge\u00e7mi\u015fin, ya\u015fad\u0131\u011f\u0131m\u0131z &#8216;bug\u00fcn&#8217; i\u00e7in b\u00fcy\u00fck de\u011feri vard\u0131r, \u00e7\u00fcnk\u00fc &#8216;bug\u00fcn&#8217;, &#8216;d\u00fcn\u00fcn&#8217; devam\u0131d\u0131r. Bug\u00fcn\u00fcn sorunlar\u0131 hep ge\u00e7mi\u015fte ba\u015flam\u0131\u015ft\u0131. Ge\u00e7mi\u015fi bilen insanlar, toplumu ile birle\u015fmi\u015f olurlar. Bug\u00fcn\u00fcn ba\u015far\u0131lar\u0131n\u0131 gen\u00e7ler anlat\u0131p \u00f6vs\u00fcnler, sorunlar\u0131n\u0131 tart\u0131\u015fs\u0131nlar. Biz ya\u015fl\u0131lar da onlara ge\u00e7mi\u015fi anlatal\u0131m.&#8221; &#8220;D\u00fc\u011f\u00fcmler D\u00fc\u015f\u00fcnceler An\u0131lar&#8221;\u0131n giri\u015finde Be\u015fir G\u00f6\u011f\u00fc\u015f&#8217;\u00fcn yukar\u0131daki s\u00f6zleri yer al\u0131yor. K\u0131z\u0131 Dilek G\u00f6\u011f\u00fc\u015f \u00dclg\u00fcray ise an\u0131 defterlerinin sayfalar\u0131ndan derlenen bu kitab\u0131n \u00f6ns\u00f6z\u00fcnde duygular\u0131n\u0131 \u015fu s\u00f6zlerle dile getiriyor.<\/p>\n","protected":false},"excerpt":{"rendered":"<p>Ge\u00e7mi\u015fin, ya\u015fad\u0131\u011f\u0131m\u0131z &#8216;bug\u00fcn&#8217; i\u00e7in b\u00fcy\u00fck de\u011feri vard\u0131r, \u00e7\u00fcnk\u00fc &#8216;bug\u00fcn&#8217;, &#8216;d\u00fcn\u00fcn&#8217; devam\u0131d\u0131r. Bug\u00fcn\u00fcn sorunlar\u0131 hep ge\u00e7mi\u015fte ba\u015flam\u0131\u015ft\u0131. Ge\u00e7mi\u015fi bilen insanlar, toplumu ile birle\u015fmi\u015f olurlar. Bug\u00fcn\u00fcn ba\u015far\u0131lar\u0131n\u0131 gen\u00e7ler<span class=\"excerpt-hellip\"> [\u2026]<\/span><\/p>\n","protected":false},"featured_media":0,"template":"","meta":{"_monsterinsights_skip_tracking":false,"_monsterinsights_sitenote_active":false,"_monsterinsights_sitenote_note":"","_monsterinsights_sitenote_category":0},"product_brand":[],"product_cat":[13701,12291],"product_tag":[],"class_list":{"0":"post-717988","1":"product","2":"type-product","3":"status-publish","5":"product_cat-ani-mektup-gunluk","6":"product_cat-edebiyat","7":"pa_cilt-ciltli","8":"pa_tur-kitap","9":"pa_yayinevi-dil-dernegi","10":"pa_yazar-besir-gogus","12":"first","13":"instock","14":"sale","15":"shipping-taxable","16":"purchasable","17":"product-type-simple"},"_links":{"self":[{"href":"https:\/\/roveyayinevi.com.tr\/index.php\/wp-json\/wp\/v2\/product\/717988","targetHints":{"allow":["GET"]}}],"collection":[{"href":"https:\/\/roveyayinevi.com.tr\/index.php\/wp-json\/wp\/v2\/product"}],"about":[{"href":"https:\/\/roveyayinevi.com.tr\/index.php\/wp-json\/wp\/v2\/types\/product"}],"wp:attachment":[{"href":"https:\/\/roveyayinevi.com.tr\/index.php\/wp-json\/wp\/v2\/media?parent=717988"}],"wp:term":[{"taxonomy":"product_brand","embeddable":true,"href":"https:\/\/roveyayinevi.com.tr\/index.php\/wp-json\/wp\/v2\/product_brand?post=717988"},{"taxonomy":"product_cat","embeddable":true,"href":"https:\/\/roveyayinevi.com.tr\/index.php\/wp-json\/wp\/v2\/product_cat?post=717988"},{"taxonomy":"product_tag","embeddable":true,"href":"https:\/\/roveyayinevi.com.tr\/index.php\/wp-json\/wp\/v2\/product_tag?post=717988"}],"curies":[{"name":"wp","href":"https:\/\/api.w.org\/{rel}","templated":true}]}}