{"id":717987,"date":"2025-08-27T18:02:19","date_gmt":"2025-08-27T15:02:19","guid":{"rendered":"https:\/\/roveyayinevi.com.tr\/index.php\/urun\/bizim-okul-bi-acayip-14-tam-bir-curcuna\/"},"modified":"2026-04-03T02:32:53","modified_gmt":"2026-04-02T23:32:53","slug":"bizim-okul-bi-acayip-14-tam-bir-curcuna","status":"publish","type":"product","link":"https:\/\/roveyayinevi.com.tr\/index.php\/urun\/bizim-okul-bi-acayip-14-tam-bir-curcuna\/","title":{"rendered":"Bizim Okul Bi\u2019 Acayip #14: Tam Bir Curcuna!"},"content":{"rendered":"<p>Bu okulda acayiplikler biter mi sand\u0131n\u0131z? Eyvah, okulda bir h\u0131rs\u0131z var, b\u00fct\u00fcn sandvi\u00e7leri \u00e7al\u0131yor. Ama Memur Spence h\u0131rs\u0131z\u0131 yakalamaya kararl\u0131, bunun i\u00e7in okulu resmen birbirine kat\u0131yor. O da bir \u015fey mi? M\u00fcd\u00fcr yard\u0131mc\u0131s\u0131 Bayan Dafee kafay\u0131 \u00e7e\u015fitli ders verme y\u00f6ntemlerine takm\u0131\u015f. Hepsi de bi\u2019 tuhaf: Karanl\u0131k k\u00fct\u00fcphanede tarih dersi, havuzun i\u00e7inde s\u0131nav, futbol yerine yoga&#8230; Anlayaca\u011f\u0131n\u0131z, okulda tam bir curcuna var! A.J. ve arkada\u015flar\u0131n\u0131 yine bir milyon y\u0131l d\u00fc\u015f\u00fcnseniz akl\u0131n\u0131za gelmeyecek komik ve acayip \u015feyler bekliyor. <\/p>\n","protected":false},"excerpt":{"rendered":"<p>Bu okulda acayiplikler biter mi sand\u0131n\u0131z? Eyvah, okulda bir h\u0131rs\u0131z var, b\u00fct\u00fcn sandvi\u00e7leri \u00e7al\u0131yor. Ama Memur Spence h\u0131rs\u0131z\u0131 yakalamaya kararl\u0131, bunun i\u00e7in okulu resmen birbirine kat\u0131yor.<span class=\"excerpt-hellip\"> [\u2026]<\/span><\/p>\n","protected":false},"featured_media":0,"template":"","meta":{"_monsterinsights_skip_tracking":false,"_monsterinsights_sitenote_active":false,"_monsterinsights_sitenote_note":"","_monsterinsights_sitenote_category":0},"product_brand":[],"product_cat":[12274,12284],"product_tag":[],"class_list":{"0":"post-717987","1":"product","2":"type-product","3":"status-publish","5":"product_cat-cocuk-ve-genclik-kitaplari","6":"product_cat-hikayeler","7":"pa_cilt-ciltsiz","8":"pa_tur-kitap","9":"pa_yayinevi-epsilon-yayinlari","10":"pa_yazar-dan-gutman","12":"first","13":"instock","14":"sale","15":"shipping-taxable","16":"purchasable","17":"product-type-simple"},"_links":{"self":[{"href":"https:\/\/roveyayinevi.com.tr\/index.php\/wp-json\/wp\/v2\/product\/717987","targetHints":{"allow":["GET"]}}],"collection":[{"href":"https:\/\/roveyayinevi.com.tr\/index.php\/wp-json\/wp\/v2\/product"}],"about":[{"href":"https:\/\/roveyayinevi.com.tr\/index.php\/wp-json\/wp\/v2\/types\/product"}],"wp:attachment":[{"href":"https:\/\/roveyayinevi.com.tr\/index.php\/wp-json\/wp\/v2\/media?parent=717987"}],"wp:term":[{"taxonomy":"product_brand","embeddable":true,"href":"https:\/\/roveyayinevi.com.tr\/index.php\/wp-json\/wp\/v2\/product_brand?post=717987"},{"taxonomy":"product_cat","embeddable":true,"href":"https:\/\/roveyayinevi.com.tr\/index.php\/wp-json\/wp\/v2\/product_cat?post=717987"},{"taxonomy":"product_tag","embeddable":true,"href":"https:\/\/roveyayinevi.com.tr\/index.php\/wp-json\/wp\/v2\/product_tag?post=717987"}],"curies":[{"name":"wp","href":"https:\/\/api.w.org\/{rel}","templated":true}]}}