{"id":717985,"date":"2025-08-27T18:02:18","date_gmt":"2025-08-27T15:02:18","guid":{"rendered":"https:\/\/roveyayinevi.com.tr\/index.php\/urun\/durusma-defteri\/"},"modified":"2026-04-16T02:26:16","modified_gmt":"2026-04-15T23:26:16","slug":"durusma-defteri","status":"publish","type":"product","link":"https:\/\/roveyayinevi.com.tr\/index.php\/urun\/durusma-defteri\/","title":{"rendered":"Duru\u015fma Defteri"},"content":{"rendered":"<p>Sizlere duman\u0131 \u00fcst\u00fcnde yeni bir hukuk dergisiyle merhaba diyoruz.Neden Duru\u015fma Defteri?Duru\u015fma Defteri ; Avukatlar\u0131n , Hakimlerin, Savc\u0131lar\u0131n yarg\u0131lamada duru\u015fma g\u00fcnlerini g\u00f6steren bir ajandad\u0131r.<\/p>\n","protected":false},"excerpt":{"rendered":"<p>Sizlere duman\u0131 \u00fcst\u00fcnde yeni bir hukuk dergisiyle merhaba diyoruz.Neden Duru\u015fma Defteri?Duru\u015fma Defteri ; Avukatlar\u0131n , Hakimlerin, Savc\u0131lar\u0131n yarg\u0131lamada duru\u015fma g\u00fcnlerini g\u00f6steren bir ajandad\u0131r.<\/p>\n","protected":false},"featured_media":0,"template":"","meta":{"_monsterinsights_skip_tracking":false,"_monsterinsights_sitenote_active":false,"_monsterinsights_sitenote_note":"","_monsterinsights_sitenote_category":0},"product_brand":[],"product_cat":[13527],"product_tag":[],"class_list":{"0":"post-717985","1":"product","2":"type-product","3":"status-publish","5":"product_cat-sureli-yayinlar","6":"pa_cilt-ciltsiz","7":"pa_tur-dergi","8":"pa_yayinevi-erguvani-yayinevi","9":"pa_yazar-kolektif","11":"first","12":"instock","13":"sale","14":"shipping-taxable","15":"purchasable","16":"product-type-simple"},"_links":{"self":[{"href":"https:\/\/roveyayinevi.com.tr\/index.php\/wp-json\/wp\/v2\/product\/717985","targetHints":{"allow":["GET"]}}],"collection":[{"href":"https:\/\/roveyayinevi.com.tr\/index.php\/wp-json\/wp\/v2\/product"}],"about":[{"href":"https:\/\/roveyayinevi.com.tr\/index.php\/wp-json\/wp\/v2\/types\/product"}],"wp:attachment":[{"href":"https:\/\/roveyayinevi.com.tr\/index.php\/wp-json\/wp\/v2\/media?parent=717985"}],"wp:term":[{"taxonomy":"product_brand","embeddable":true,"href":"https:\/\/roveyayinevi.com.tr\/index.php\/wp-json\/wp\/v2\/product_brand?post=717985"},{"taxonomy":"product_cat","embeddable":true,"href":"https:\/\/roveyayinevi.com.tr\/index.php\/wp-json\/wp\/v2\/product_cat?post=717985"},{"taxonomy":"product_tag","embeddable":true,"href":"https:\/\/roveyayinevi.com.tr\/index.php\/wp-json\/wp\/v2\/product_tag?post=717985"}],"curies":[{"name":"wp","href":"https:\/\/api.w.org\/{rel}","templated":true}]}}