{"id":717984,"date":"2025-08-27T18:02:17","date_gmt":"2025-08-27T15:02:17","guid":{"rendered":"https:\/\/roveyayinevi.com.tr\/index.php\/urun\/faraziyeler-mecmuasi-sayi-1\/"},"modified":"2026-04-16T02:26:16","modified_gmt":"2026-04-15T23:26:16","slug":"faraziyeler-mecmuasi-sayi-1","status":"publish","type":"product","link":"https:\/\/roveyayinevi.com.tr\/index.php\/urun\/faraziyeler-mecmuasi-sayi-1\/","title":{"rendered":"Faraziyeler Mecmuas\u0131 Say\u0131 1"},"content":{"rendered":"<p>Yery\u00fcz\u00fcnde ya\u015fayan herkesin s\u00f6ylecek bir s\u00f6z\u00fc mutlaka vard\u0131r.Bu husus su co\u011frafyada ya\u015fayan biizm i\u00e7in de ge\u00e7erlidir.HEm b\u00fct\u00fcn ara\u015ft\u0131rmalar bir faraziye ile ba\u015flamaz m\u0131?Ya\u015fad\u0131\u011f\u0131m\u0131z co\u011frafyada bug\u00fcn olan bitenler kar\u015f\u0131s\u0131nda bizim de s\u00f6yleyecek bir s\u00f6z\u00fcm\u00fcz vard\u0131r.<\/p>\n","protected":false},"excerpt":{"rendered":"<p>Yery\u00fcz\u00fcnde ya\u015fayan herkesin s\u00f6ylecek bir s\u00f6z\u00fc mutlaka vard\u0131r.Bu husus su co\u011frafyada ya\u015fayan biizm i\u00e7in de ge\u00e7erlidir.HEm b\u00fct\u00fcn ara\u015ft\u0131rmalar bir faraziye ile ba\u015flamaz m\u0131?Ya\u015fad\u0131\u011f\u0131m\u0131z co\u011frafyada bug\u00fcn olan<span class=\"excerpt-hellip\"> [\u2026]<\/span><\/p>\n","protected":false},"featured_media":0,"template":"","meta":{"_monsterinsights_skip_tracking":false,"_monsterinsights_sitenote_active":false,"_monsterinsights_sitenote_note":"","_monsterinsights_sitenote_category":0},"product_brand":[],"product_cat":[13527,14356],"product_tag":[],"class_list":{"0":"post-717984","1":"product","2":"type-product","3":"status-publish","5":"product_cat-sureli-yayinlar","6":"product_cat-tarih-sureli-yayinlar","7":"pa_cilt-ciltsiz","8":"pa_tur-dergi","9":"pa_yayinevi-erguvani-yayinevi","10":"pa_yazar-kolektif","12":"first","13":"instock","14":"sale","15":"shipping-taxable","16":"purchasable","17":"product-type-simple"},"_links":{"self":[{"href":"https:\/\/roveyayinevi.com.tr\/index.php\/wp-json\/wp\/v2\/product\/717984","targetHints":{"allow":["GET"]}}],"collection":[{"href":"https:\/\/roveyayinevi.com.tr\/index.php\/wp-json\/wp\/v2\/product"}],"about":[{"href":"https:\/\/roveyayinevi.com.tr\/index.php\/wp-json\/wp\/v2\/types\/product"}],"wp:attachment":[{"href":"https:\/\/roveyayinevi.com.tr\/index.php\/wp-json\/wp\/v2\/media?parent=717984"}],"wp:term":[{"taxonomy":"product_brand","embeddable":true,"href":"https:\/\/roveyayinevi.com.tr\/index.php\/wp-json\/wp\/v2\/product_brand?post=717984"},{"taxonomy":"product_cat","embeddable":true,"href":"https:\/\/roveyayinevi.com.tr\/index.php\/wp-json\/wp\/v2\/product_cat?post=717984"},{"taxonomy":"product_tag","embeddable":true,"href":"https:\/\/roveyayinevi.com.tr\/index.php\/wp-json\/wp\/v2\/product_tag?post=717984"}],"curies":[{"name":"wp","href":"https:\/\/api.w.org\/{rel}","templated":true}]}}