{"id":717983,"date":"2025-08-27T18:02:17","date_gmt":"2025-08-27T15:02:17","guid":{"rendered":"https:\/\/roveyayinevi.com.tr\/index.php\/urun\/dusunceler-isler-2004-2018-ciltli\/"},"modified":"2026-04-16T02:26:16","modified_gmt":"2026-04-15T23:26:16","slug":"dusunceler-isler-2004-2018-ciltli","status":"publish","type":"product","link":"https:\/\/roveyayinevi.com.tr\/index.php\/urun\/dusunceler-isler-2004-2018-ciltli\/","title":{"rendered":"D\u00fc\u015f\u00fcnceler \u0130\u015fler 2004-2018 (Ciltli)"},"content":{"rendered":"<p>2004 senesinde Tansel Korkmaz edit\u00f6rl\u00fc\u011f\u00fcnde D\u00fc\u015fler, D\u00fc\u015f\u00fcnceler, \u0130\u015fler ismiyle Yap\u0131 Kredi Yay\u0131nlar\u0131 taraf\u0131ndan yay\u0131mlanan kitab\u0131n devam\u0131 olan bu kitap, Nevzat Say\u0131n\u2019\u0131n mimarl\u0131k prati\u011finin \u00fcr\u00fcnleri ile birlikte kurmaca i\u015flerini ve d\u00fc\u015f\u00fcnce bi\u00e7imini de a\u00e7\u0131\u011fa \u00e7\u0131kar\u0131yor. Korkmaz\u2019\u0131n, Nevzat Say\u0131n\u2019\u0131n \u201cya\u015famsal u\u011fra\u015f\u201d\u0131 olarak adland\u0131rd\u0131\u011f\u0131 mimarl\u0131k \u00fcretiminin bir araya geldi\u011fi kitab\u0131n ad\u0131 bu kez D\u00fc\u015f\u00fcnceler\/\u0130\u015fler.Kitap; 2004\u2019ten bu yana Nevzat Say\u0131n\u2019\u0131n mimarl\u0131k e\u011fitiminin i\u00e7inde varl\u0131\u011f\u0131n\u0131 yaz okullar\u0131, konferanslar, j\u00fcriler, yaz\u0131lar, at\u00f6lye \u00e7al\u0131\u015fmalar\u0131 ile devam ettirirken s\u00fcrd\u00fcrd\u00fc\u011f\u00fc mimarl\u0131k \u00fcretimini derliyor. K\u00fctle, topografya ve program\u0131n kurdu\u011fu ili\u015fki ile bi\u00e7imlenmi\u015f, \u201cmimarl\u0131\u011f\u0131n temel meselesi\u201d olan etkileyici bir atmosferin pe\u015findeki projeler; teknik \u00e7izimler, foto\u011fraflar, metinlerle destekli. T\u00fcrkiye modern mimarl\u0131k tarihinin kurucu mimarlardan birinin son on be\u015f y\u0131ll\u0131k \u00fcretiminin ar\u015fivi.<\/p>\n","protected":false},"excerpt":{"rendered":"<p>2004 senesinde Tansel Korkmaz edit\u00f6rl\u00fc\u011f\u00fcnde D\u00fc\u015fler, D\u00fc\u015f\u00fcnceler, \u0130\u015fler ismiyle Yap\u0131 Kredi Yay\u0131nlar\u0131 taraf\u0131ndan yay\u0131mlanan kitab\u0131n devam\u0131 olan bu kitap, Nevzat Say\u0131n\u2019\u0131n mimarl\u0131k prati\u011finin \u00fcr\u00fcnleri ile birlikte<span class=\"excerpt-hellip\"> [\u2026]<\/span><\/p>\n","protected":false},"featured_media":0,"template":"","meta":{"_monsterinsights_skip_tracking":false,"_monsterinsights_sitenote_active":false,"_monsterinsights_sitenote_note":"","_monsterinsights_sitenote_category":0},"product_brand":[],"product_cat":[13512,12408],"product_tag":[],"class_list":{"0":"post-717983","1":"product","2":"type-product","3":"status-publish","5":"product_cat-mimarlik","6":"product_cat-sanat","7":"pa_cilt-ciltli","8":"pa_tur-kitap","9":"pa_yayinevi-yapi-kredi-yayinlari","10":"pa_yazar-nevzat-sayin","12":"first","13":"instock","14":"sale","15":"shipping-taxable","16":"purchasable","17":"product-type-simple"},"_links":{"self":[{"href":"https:\/\/roveyayinevi.com.tr\/index.php\/wp-json\/wp\/v2\/product\/717983","targetHints":{"allow":["GET"]}}],"collection":[{"href":"https:\/\/roveyayinevi.com.tr\/index.php\/wp-json\/wp\/v2\/product"}],"about":[{"href":"https:\/\/roveyayinevi.com.tr\/index.php\/wp-json\/wp\/v2\/types\/product"}],"wp:attachment":[{"href":"https:\/\/roveyayinevi.com.tr\/index.php\/wp-json\/wp\/v2\/media?parent=717983"}],"wp:term":[{"taxonomy":"product_brand","embeddable":true,"href":"https:\/\/roveyayinevi.com.tr\/index.php\/wp-json\/wp\/v2\/product_brand?post=717983"},{"taxonomy":"product_cat","embeddable":true,"href":"https:\/\/roveyayinevi.com.tr\/index.php\/wp-json\/wp\/v2\/product_cat?post=717983"},{"taxonomy":"product_tag","embeddable":true,"href":"https:\/\/roveyayinevi.com.tr\/index.php\/wp-json\/wp\/v2\/product_tag?post=717983"}],"curies":[{"name":"wp","href":"https:\/\/api.w.org\/{rel}","templated":true}]}}