{"id":717979,"date":"2025-08-27T18:02:15","date_gmt":"2025-08-27T15:02:15","guid":{"rendered":"https:\/\/roveyayinevi.com.tr\/index.php\/urun\/turkish-and-greek\/"},"modified":"2026-04-16T02:26:16","modified_gmt":"2026-04-15T23:26:16","slug":"turkish-and-greek","status":"publish","type":"product","link":"https:\/\/roveyayinevi.com.tr\/index.php\/urun\/turkish-and-greek\/","title":{"rendered":"Turkish and Greek"},"content":{"rendered":"<p>&#8220;Turkish and Greek Relations in an Age of Turmoil (1821-1922): From Coexistence to Conflict&#8221; [Karma\u015fa \u00c7a\u011f\u0131nda T\u00fcrk \u2013 Yunan \u0130li\u015fkileri (1821-1922): Birlikte Ya\u015famdan \u00c7at\u0131\u015fmaya] \u00e7al\u0131\u015fmas\u0131, Osmanl\u0131 \u0130mparatorlu\u011fu ve sonras\u0131nda Ankara H\u00fck\u00fcmeti\u2019nin ilk y\u0131llar\u0131nda, bu idare alt\u0131nda yar\u0131m biny\u0131la yak\u0131n ya\u015fam\u0131\u015f olan Yunan toplulu\u011funun h\u00fck\u00fcmetler ve T\u00fcrk toplulu\u011fu ile olan ili\u015fkilerini kar\u015f\u0131la\u015ft\u0131rmal\u0131 bir analiz \u00fczerinden inceliyor. 1830 y\u0131l\u0131nda ba\u011f\u0131ms\u0131z bir devlet olan Yunanistan\u2019\u0131n, Avrupal\u0131 devletlerin ve Amerika Birle\u015fik Devletleri\u2019nin b\u00fct\u00fcn bu s\u00fcre\u00e7 i\u00e7indeki yerlerini de ele alan \u00e7al\u0131\u015fma, T\u00fcrkler ile Yunanlar aras\u0131ndaki birlikte ya\u015famdan \u00e7at\u0131\u015fmaya uzanan ili\u015fkileri co\u011frafi, sosyo-ekonomik, siyasal ve k\u00fclt\u00fcrel arka plan\u0131yla birlikte ve her iki taraf\u0131n resmi tarihyaz\u0131mlar\u0131n\u0131n ele\u015ftirel okumalar\u0131n\u0131 yaparak analiz ediyor.<\/p>\n","protected":false},"excerpt":{"rendered":"<p>&#8220;Turkish and Greek Relations in an Age of Turmoil (1821-1922): From Coexistence to Conflict&#8221; [Karma\u015fa \u00c7a\u011f\u0131nda T\u00fcrk \u2013 Yunan \u0130li\u015fkileri (1821-1922): Birlikte Ya\u015famdan \u00c7at\u0131\u015fmaya] \u00e7al\u0131\u015fmas\u0131, Osmanl\u0131<span class=\"excerpt-hellip\"> [\u2026]<\/span><\/p>\n","protected":false},"featured_media":0,"template":"","meta":{"_monsterinsights_skip_tracking":false,"_monsterinsights_sitenote_active":false,"_monsterinsights_sitenote_note":"","_monsterinsights_sitenote_category":0},"product_brand":[],"product_cat":[13590,12337],"product_tag":[],"class_list":{"0":"post-717979","1":"product","2":"type-product","3":"status-publish","5":"product_cat-arastirma-inceleme-politika-siyaset","6":"product_cat-politika-siyaset","7":"pa_cilt-ciltsiz","8":"pa_tur-kitap","9":"pa_yayinevi-bilgi-yayinevi","10":"pa_yazar-mustafa-serdar-palabiyik","12":"first","13":"instock","14":"sale","15":"shipping-taxable","16":"purchasable","17":"product-type-simple"},"_links":{"self":[{"href":"https:\/\/roveyayinevi.com.tr\/index.php\/wp-json\/wp\/v2\/product\/717979","targetHints":{"allow":["GET"]}}],"collection":[{"href":"https:\/\/roveyayinevi.com.tr\/index.php\/wp-json\/wp\/v2\/product"}],"about":[{"href":"https:\/\/roveyayinevi.com.tr\/index.php\/wp-json\/wp\/v2\/types\/product"}],"wp:attachment":[{"href":"https:\/\/roveyayinevi.com.tr\/index.php\/wp-json\/wp\/v2\/media?parent=717979"}],"wp:term":[{"taxonomy":"product_brand","embeddable":true,"href":"https:\/\/roveyayinevi.com.tr\/index.php\/wp-json\/wp\/v2\/product_brand?post=717979"},{"taxonomy":"product_cat","embeddable":true,"href":"https:\/\/roveyayinevi.com.tr\/index.php\/wp-json\/wp\/v2\/product_cat?post=717979"},{"taxonomy":"product_tag","embeddable":true,"href":"https:\/\/roveyayinevi.com.tr\/index.php\/wp-json\/wp\/v2\/product_tag?post=717979"}],"curies":[{"name":"wp","href":"https:\/\/api.w.org\/{rel}","templated":true}]}}