{"id":717977,"date":"2025-08-27T18:02:13","date_gmt":"2025-08-27T15:02:13","guid":{"rendered":"https:\/\/roveyayinevi.com.tr\/index.php\/urun\/dere-tepe-efsane\/"},"modified":"2026-04-16T02:26:16","modified_gmt":"2026-04-15T23:26:16","slug":"dere-tepe-efsane","status":"publish","type":"product","link":"https:\/\/roveyayinevi.com.tr\/index.php\/urun\/dere-tepe-efsane\/","title":{"rendered":"Dere Tepe Efsane"},"content":{"rendered":"<p>Koray Avc\u0131 \u00c7akman\u2019\u0131n yaz\u0131p, Elif Dene\u00e7\u2019in resimledi\u011fi Dere Tepe Efsane, yurdumuzun d\u00f6rt bir k\u00f6\u015fesinden derlenmi\u015f s\u00f6ylenceleri ge\u00e7mi\u015ften g\u00fcn\u00fcm\u00fcze ta\u015f\u0131yor; da\u011f\u0131 ta\u015f\u0131 efsane Anadolu\u2019muzun zengin k\u00fclt\u00fcr hazinesini ke\u015ffe \u00e7a\u011f\u0131r\u0131yor.\u015eiir ve masal gelene\u011finden beslenen \u00f6zg\u00fcn diliyle, dokuz ya\u015f ve \u00fczeri okurlar\u0131na, T\u00fcrkiye\u2019nin do\u011fal g\u00fczellikleri ve tarih\u00ee de\u011ferleri hakk\u0131nda destans\u0131 bir anlat\u0131m sunan bu e\u015fsiz kitap, \u201cCennet Bursa\u201ddan \u201cZirvesi Karl\u0131 A\u011fr\u0131\u201dya Anadolu\u2019yu kar\u0131\u015f kar\u0131\u015f gezdiriyor.K\u00fclt\u00fcrel miras\u0131m\u0131z\u0131n alt\u0131nda yatan hayal g\u00fcc\u00fcne dikkat \u00e7eken Dere Tepe Efsane, tarih boyunca kentlerimizin adlar\u0131n\u0131 ya da \u00fcnlerini nas\u0131l kazand\u0131klar\u0131na dair ilgin\u00e7 hik\u00e2yelere yer vererek ufkumuzu geni\u015fletiyor.  S\u00f6z bitermi\u015f konu\u015fa konu\u015fa, s\u0131ra gelirmi\u015f masallara. Da\u011flar ta\u015flar efsane, neler neler s\u00f6yler ah bir dile gelse. K\u0131p\u0131r k\u0131p\u0131r hamsi al\u0131n size Trabzon \u015fehri. K\u00fctahya\u2019n\u0131n \u00e7inisi, \u00e7\u0131kt\u0131 d\u00fcnyan\u0131n \u00e7ivisi. Konya, gelene kucak a\u00e7ar Mevlana. Isparta, g\u00fcller a\u00e7ar orada\u2026Dere Tepe Efsane, bir\u00e7ok farkl\u0131 medeniyete ev sahipli\u011fi yapm\u0131\u015f, ba\u011fr\u0131nda nice efsaneler ya\u015fatm\u0131\u015f g\u00fczel Anadolu\u2019muzu daha yak\u0131ndan tan\u0131mam\u0131z\u0131 sa\u011flayan t\u0131ls\u0131ml\u0131 bir hazinenin kap\u0131lar\u0131n\u0131 aral\u0131yor. Develer tellal iken, pireler berber iken; diyar diyar gezip g\u00f6rd\u00fc\u011f\u00fcn\u00fc k\u00e2\u011f\u0131da d\u00f6ken bir seyyah\u0131n kisvesine b\u00fcr\u00fcnen Koray Avc\u0131 \u00c7akman, \u00e7\u0131kt\u0131\u011f\u0131 yaz\u0131n yolculu\u011funda Nasreddin Hoca\u2019dan Karacao\u011flan\u2019a say\u0131s\u0131z ismin kap\u0131s\u0131n\u0131 \u00e7al\u0131yor\u2026<\/p>\n","protected":false},"excerpt":{"rendered":"<p>Koray Avc\u0131 \u00c7akman\u2019\u0131n yaz\u0131p, Elif Dene\u00e7\u2019in resimledi\u011fi Dere Tepe Efsane, yurdumuzun d\u00f6rt bir k\u00f6\u015fesinden derlenmi\u015f s\u00f6ylenceleri ge\u00e7mi\u015ften g\u00fcn\u00fcm\u00fcze ta\u015f\u0131yor; da\u011f\u0131 ta\u015f\u0131 efsane Anadolu\u2019muzun zengin k\u00fclt\u00fcr hazinesini<span class=\"excerpt-hellip\"> [\u2026]<\/span><\/p>\n","protected":false},"featured_media":0,"template":"","meta":{"_monsterinsights_skip_tracking":false,"_monsterinsights_sitenote_active":false,"_monsterinsights_sitenote_note":"","_monsterinsights_sitenote_category":0},"product_brand":[],"product_cat":[12274,12284],"product_tag":[],"class_list":{"0":"post-717977","1":"product","2":"type-product","3":"status-publish","5":"product_cat-cocuk-ve-genclik-kitaplari","6":"product_cat-hikayeler","7":"pa_cilt-ciltsiz","8":"pa_tur-kitap","9":"pa_yayinevi-tudem-yayinlari","10":"pa_yazar-koray-avci-cakman","12":"first","13":"instock","14":"sale","15":"shipping-taxable","16":"purchasable","17":"product-type-simple"},"_links":{"self":[{"href":"https:\/\/roveyayinevi.com.tr\/index.php\/wp-json\/wp\/v2\/product\/717977","targetHints":{"allow":["GET"]}}],"collection":[{"href":"https:\/\/roveyayinevi.com.tr\/index.php\/wp-json\/wp\/v2\/product"}],"about":[{"href":"https:\/\/roveyayinevi.com.tr\/index.php\/wp-json\/wp\/v2\/types\/product"}],"wp:attachment":[{"href":"https:\/\/roveyayinevi.com.tr\/index.php\/wp-json\/wp\/v2\/media?parent=717977"}],"wp:term":[{"taxonomy":"product_brand","embeddable":true,"href":"https:\/\/roveyayinevi.com.tr\/index.php\/wp-json\/wp\/v2\/product_brand?post=717977"},{"taxonomy":"product_cat","embeddable":true,"href":"https:\/\/roveyayinevi.com.tr\/index.php\/wp-json\/wp\/v2\/product_cat?post=717977"},{"taxonomy":"product_tag","embeddable":true,"href":"https:\/\/roveyayinevi.com.tr\/index.php\/wp-json\/wp\/v2\/product_tag?post=717977"}],"curies":[{"name":"wp","href":"https:\/\/api.w.org\/{rel}","templated":true}]}}