{"id":717975,"date":"2025-08-27T18:02:12","date_gmt":"2025-08-27T15:02:12","guid":{"rendered":"https:\/\/roveyayinevi.com.tr\/index.php\/urun\/kisiligi-belirsiz\/"},"modified":"2026-04-16T02:26:16","modified_gmt":"2026-04-15T23:26:16","slug":"kisiligi-belirsiz","status":"publish","type":"product","link":"https:\/\/roveyayinevi.com.tr\/index.php\/urun\/kisiligi-belirsiz\/","title":{"rendered":"Ki\u015fili\u011fi Belirsiz"},"content":{"rendered":"<p>Hayat\u0131 ve hayatla ilgili her kavram\u0131 sorgulamaya \u00e7\u0131kt\u0131\u011f\u0131m\u0131z uzun yolculu\u011fun yar\u0131s\u0131n\u0131 tamamlam\u0131\u015f bulunuyoruz.   Mistik G\u00f6l D\u00f6rtl\u00fcs\u00fc, ilk iki roman\u0131K\u0131y\u0131lar\u0131na Vur Adam\u0131n ve Kimli\u011fi Me\u00e7hul\u2019den sonra \u00fc\u00e7\u00fcnc\u00fc roman\u0131 Ki\u015fili\u011fi Belirsiz ile yolculu\u011funu s\u00fcrd\u00fcr\u00fcyor. \u00dclkemizin edebiyat d\u00fcnyas\u0131na ad\u0131n\u0131 kaz\u0131yacak olan Mistik G\u00f6l D\u00f6rtl\u00fcs\u00fc, \u00fc\u00e7\u00fcnc\u00fc kitab\u0131nda da s\u00fcrprizlerle, inan\u0131lmas\u0131 g\u00fc\u00e7 sonu\u00e7larla ve dinmeyen gerilimlerle, nitelikli edebiyattaki okuma yolculu\u011funuzu s\u00fcrd\u00fcrmenizi sa\u011flayacak. Tuhaf kar\u015f\u0131la\u015fmalardan, inan\u0131lmas\u0131 g\u00fc\u00e7 ac\u0131mas\u0131zl\u0131klara; do\u011fru bir \u015fekilde s\u00f6ylenmi\u015f yalanlardan, yalanlanamayan do\u011frulara; sonunda hep ger\u00e7ekle\u015fen korkulardan, ac\u0131mas\u0131zca ve sormadan ak\u0131p giden zamana do\u011fru seyreden uzun yolculukta, hayatla ilgili sorular\u0131n\u0131z\u0131, kendi do\u011frular\u0131n\u0131zca yan\u0131tlayabildi\u011finizi g\u00f6receksiniz\u2026 <\/p>\n","protected":false},"excerpt":{"rendered":"<p>Hayat\u0131 ve hayatla ilgili her kavram\u0131 sorgulamaya \u00e7\u0131kt\u0131\u011f\u0131m\u0131z uzun yolculu\u011fun yar\u0131s\u0131n\u0131 tamamlam\u0131\u015f bulunuyoruz. Mistik G\u00f6l D\u00f6rtl\u00fcs\u00fc, ilk iki roman\u0131K\u0131y\u0131lar\u0131na Vur Adam\u0131n ve Kimli\u011fi Me\u00e7hul\u2019den sonra \u00fc\u00e7\u00fcnc\u00fc<span class=\"excerpt-hellip\"> [\u2026]<\/span><\/p>\n","protected":false},"featured_media":0,"template":"","meta":{"_monsterinsights_skip_tracking":false,"_monsterinsights_sitenote_active":false,"_monsterinsights_sitenote_note":"","_monsterinsights_sitenote_category":0},"product_brand":[],"product_cat":[12291,12711],"product_tag":[],"class_list":{"0":"post-717975","1":"product","2":"type-product","3":"status-publish","5":"product_cat-edebiyat","6":"product_cat-roman-oyku","7":"pa_cilt-ciltsiz","8":"pa_tur-kitap","9":"pa_yayinevi-yeni-insan-yayinlari","10":"pa_yazar-necdet-ozkaya","12":"first","13":"instock","14":"sale","15":"shipping-taxable","16":"purchasable","17":"product-type-simple"},"_links":{"self":[{"href":"https:\/\/roveyayinevi.com.tr\/index.php\/wp-json\/wp\/v2\/product\/717975","targetHints":{"allow":["GET"]}}],"collection":[{"href":"https:\/\/roveyayinevi.com.tr\/index.php\/wp-json\/wp\/v2\/product"}],"about":[{"href":"https:\/\/roveyayinevi.com.tr\/index.php\/wp-json\/wp\/v2\/types\/product"}],"wp:attachment":[{"href":"https:\/\/roveyayinevi.com.tr\/index.php\/wp-json\/wp\/v2\/media?parent=717975"}],"wp:term":[{"taxonomy":"product_brand","embeddable":true,"href":"https:\/\/roveyayinevi.com.tr\/index.php\/wp-json\/wp\/v2\/product_brand?post=717975"},{"taxonomy":"product_cat","embeddable":true,"href":"https:\/\/roveyayinevi.com.tr\/index.php\/wp-json\/wp\/v2\/product_cat?post=717975"},{"taxonomy":"product_tag","embeddable":true,"href":"https:\/\/roveyayinevi.com.tr\/index.php\/wp-json\/wp\/v2\/product_tag?post=717975"}],"curies":[{"name":"wp","href":"https:\/\/api.w.org\/{rel}","templated":true}]}}