{"id":717974,"date":"2025-08-27T18:02:11","date_gmt":"2025-08-27T15:02:11","guid":{"rendered":"https:\/\/roveyayinevi.com.tr\/index.php\/urun\/merakli-puti-ve-bilgin-panda\/"},"modified":"2026-04-16T02:26:16","modified_gmt":"2026-04-15T23:26:16","slug":"merakli-puti-ve-bilgin-panda","status":"publish","type":"product","link":"https:\/\/roveyayinevi.com.tr\/index.php\/urun\/merakli-puti-ve-bilgin-panda\/","title":{"rendered":"Merakl\u0131 Puti ve Bilgin Panda"},"content":{"rendered":"<p>Sevimli Panda Puti, s\u00fcper sorular\u0131n\u0131n cevaplar\u0131n\u0131 aramay\u0131 \u00e7ok seviyordu. Bir g\u00fcn dedesi Bilgin Panda, onu b\u00fct\u00fcn sorular\u0131n\u0131n cevaplar\u0131n\u0131 bulabilece\u011fi bir yere g\u00f6t\u00fcrd\u00fc. Buras\u0131 bir k\u00fct\u00fcphaneydi\u2026 Ve sadece kitaplar de\u011fil, ilgin\u00e7 bir maceran\u0131n da ba\u015flad\u0131\u011f\u0131 yerdi. Bilgi Benim \u0130\u015fim Dizisi\u2019nin ilk kitab\u0131 olan Merakl\u0131 Puti ve Bilgin Panda, okuma anlama ve ara\u015ft\u0131rma becerilerini geli\u015ftirmek amac\u0131yla haz\u0131rland\u0131. Serideki her bir kitap, ait oldu\u011fu ya\u015f grubunun bilgi okuryazarl\u0131\u011f\u0131 kazan\u0131mlar\u0131n\u0131 desteklemektedir. Serinin her kitab\u0131 anaokulu ve ilkokulu etkinliklerinde kullanabilece\u011fi i\u00e7eri\u011fe sahiptir.Bilgi Benim \u0130\u015fim Dizisi\u2019nin Di\u011fer Kitaplar\u0131: Dinozor Kitaba S\u0131\u011far M\u0131? K\u00fct\u00fcphanedeki Gizemli Oda Ozi\u2019nin S\u00fcrpriz \u0130cad\u0131 Ormandaki Sessizlik <\/p>\n","protected":false},"excerpt":{"rendered":"<p>Sevimli Panda Puti, s\u00fcper sorular\u0131n\u0131n cevaplar\u0131n\u0131 aramay\u0131 \u00e7ok seviyordu. Bir g\u00fcn dedesi Bilgin Panda, onu b\u00fct\u00fcn sorular\u0131n\u0131n cevaplar\u0131n\u0131 bulabilece\u011fi bir yere g\u00f6t\u00fcrd\u00fc. Buras\u0131 bir k\u00fct\u00fcphaneydi\u2026 Ve<span class=\"excerpt-hellip\"> [\u2026]<\/span><\/p>\n","protected":false},"featured_media":0,"template":"","meta":{"_monsterinsights_skip_tracking":false,"_monsterinsights_sitenote_active":false,"_monsterinsights_sitenote_note":"","_monsterinsights_sitenote_category":0},"product_brand":[],"product_cat":[12274,15842],"product_tag":[],"class_list":{"0":"post-717974","1":"product","2":"type-product","3":"status-publish","5":"product_cat-cocuk-ve-genclik-kitaplari","6":"product_cat-egitici-kitaplar","7":"pa_cilt-ciltsiz","8":"pa_tur-kitap","9":"pa_yayinevi-ideal-kultur-yayincilik","10":"pa_yazar-osman-koc","12":"first","13":"instock","14":"sale","15":"shipping-taxable","16":"purchasable","17":"product-type-simple"},"_links":{"self":[{"href":"https:\/\/roveyayinevi.com.tr\/index.php\/wp-json\/wp\/v2\/product\/717974","targetHints":{"allow":["GET"]}}],"collection":[{"href":"https:\/\/roveyayinevi.com.tr\/index.php\/wp-json\/wp\/v2\/product"}],"about":[{"href":"https:\/\/roveyayinevi.com.tr\/index.php\/wp-json\/wp\/v2\/types\/product"}],"wp:attachment":[{"href":"https:\/\/roveyayinevi.com.tr\/index.php\/wp-json\/wp\/v2\/media?parent=717974"}],"wp:term":[{"taxonomy":"product_brand","embeddable":true,"href":"https:\/\/roveyayinevi.com.tr\/index.php\/wp-json\/wp\/v2\/product_brand?post=717974"},{"taxonomy":"product_cat","embeddable":true,"href":"https:\/\/roveyayinevi.com.tr\/index.php\/wp-json\/wp\/v2\/product_cat?post=717974"},{"taxonomy":"product_tag","embeddable":true,"href":"https:\/\/roveyayinevi.com.tr\/index.php\/wp-json\/wp\/v2\/product_tag?post=717974"}],"curies":[{"name":"wp","href":"https:\/\/api.w.org\/{rel}","templated":true}]}}